{"id":5648,"date":"2023-10-23T15:38:08","date_gmt":"2023-10-23T15:38:08","guid":{"rendered":"https:\/\/www.bb4books.com\/?post_type=product&#038;p=5648"},"modified":"2023-11-07T08:54:03","modified_gmt":"2023-11-07T08:54:03","slug":"nouvelle-elite","status":"publish","type":"product","link":"https:\/\/www.bb4books.com\/fr\/produit\/nouvelle-elite\/","title":{"rendered":"La nouvelle \u00e9lite"},"content":{"rendered":"<div class=\"gmail_default\"><span style=\"font-family: verdana, sans-serif;\">De nouveaux mod\u00e8les de leadership ont \u00e9merg\u00e9 depuis que la performance et le succ\u00e8s se mesurent avec des indicateurs qui ne sont plus exclusivement financiers.<br \/>\n<\/span><\/div>\n<div class=\"gmail_default\">\n<p dir=\"ltr\">Quel est le nouveau prisme pour recruter des collaborateurs engag\u00e9s ? Comment f\u00e9d\u00e9rer une \u00e9quipe qui s\u2019investit autour d\u2019un projet qui fait sens ? Comment inscrire la vision strat\u00e9gique d\u2019une entreprise dans un projet qui d\u00e9passe celui d\u2019une croissance annuelle ?<\/p>\n<p dir=\"ltr\">Sandrine Godefroy-Evangelista nous fait d\u00e9couvrir les nouveaux mod\u00e8les de leadership \u00e0 impact qu\u2019elle exp\u00e9rimente depuis 25 ans aupr\u00e8s de femmes et d\u2019hommes dirigeants.<\/p>\n<p dir=\"ltr\">Ce livre est un v\u00e9ritable mode d\u2019emploi pour suivre une carri\u00e8re \u00e9panouissante, sans pour autant lui sacrifier un \u00e9quilibre de vie. Construit au gr\u00e9 de rencontres avec 22 leaders dans tous les secteurs confondus, d\u2019organisation priv\u00e9es ou publiques, ce propos nous r\u00e9v\u00e8le une v\u00e9rit\u00e9 confrontant nos certitudes : la nouvelle \u00e9lite existe.<\/p>\n<p dir=\"ltr\">Et il ne tient qu\u2019\u00e0 nous de lui reconna\u00eetre une zone d\u2019influence diff\u00e9rente et un impact durable.<\/p>\n<\/div>\n","protected":false},"excerpt":{"rendered":"<p dir=\"ltr\"><span style=\"font-family: verdana, sans-serif;\">Les leaders en entreprise ont souvent un point commun : ce sont des hommes.\u00a0<\/span><\/p>\n<p dir=\"ltr\"><span style=\"font-family: verdana, sans-serif;\">Les femmes n\u2019osent pas prendre une place de leader. Pire, elles sont de plus en plus nombreuses \u00e0 quitter leur entreprise : pour chaque femme directrice promue au niveau sup\u00e9rieur, deux femmes directrices choisissent de quitter leur entreprise. Comment expliquer cette situation ? Et comment ne plus la subir ?<\/span><\/p>\n<p dir=\"ltr\"><span style=\"font-family: verdana, sans-serif;\">Que ce soit pour atteindre le prochain niveau de r\u00e9ussite ou pour aligner une vision du travail qui d\u00e9passe celle de la culture d\u2019entreprise, le leadership \u00e0 impact est abord\u00e9 comme un moyen de revendiquer une place assum\u00e9e dans le monde professionnel.\u00a0<\/span><\/p>\n","protected":false},"author":5,"featured_media":5682,"comment_status":"closed","ping_status":"closed","template":"","meta":[],"product_brand":[],"product_cat":[104],"product_tag":[],"class_list":{"0":"post-5648","1":"product","2":"type-product","3":"status-publish","4":"has-post-thumbnail","6":"product_cat-boss-generation-fr","8":"first","9":"instock","10":"shipping-taxable","11":"product-type-simple"},"yoast_head":"<!-- This site is optimized with the Yoast SEO plugin v25.9 - https:\/\/yoast.com\/wordpress\/plugins\/seo\/ -->\n<title>La nouvelle \u00e9lite - bb4 books<\/title>\n<meta name=\"robots\" content=\"index, follow, max-snippet:-1, max-image-preview:large, max-video-preview:-1\" \/>\n<link rel=\"canonical\" href=\"https:\/\/www.bb4books.com\/fr\/produit\/nouvelle-elite\/\" \/>\n<meta property=\"og:locale\" content=\"fr_FR\" \/>\n<meta property=\"og:type\" content=\"article\" \/>\n<meta property=\"og:title\" content=\"La nouvelle \u00e9lite - bb4 books\" \/>\n<meta property=\"og:description\" content=\"Les leaders en entreprise ont souvent un point commun : ce sont des hommes.\u00a0 Les femmes n\u2019osent pas prendre une place de leader. Pire, elles sont de plus en plus nombreuses \u00e0 quitter leur entreprise : pour chaque femme directrice promue au niveau sup\u00e9rieur, deux femmes directrices choisissent de quitter leur entreprise. Comment expliquer cette situation ? Et comment ne plus la subir ? Que ce soit pour atteindre le prochain niveau de r\u00e9ussite ou pour aligner une vision du travail qui d\u00e9passe celle de la culture d\u2019entreprise, le leadership \u00e0 impact est abord\u00e9 comme un moyen de revendiquer une place assum\u00e9e dans le monde professionnel.\u00a0\" \/>\n<meta property=\"og:url\" content=\"https:\/\/www.bb4books.com\/fr\/produit\/nouvelle-elite\/\" \/>\n<meta property=\"og:site_name\" content=\"bb4 books\" \/>\n<meta property=\"article:modified_time\" content=\"2023-11-07T08:54:03+00:00\" \/>\n<meta property=\"og:image\" content=\"https:\/\/www.bb4books.com\/wp-content\/uploads\/2023\/10\/Cover-livre-La-nouvelle-Elite.png\" \/>\n\t<meta property=\"og:image:width\" content=\"802\" \/>\n\t<meta property=\"og:image:height\" content=\"1236\" \/>\n\t<meta property=\"og:image:type\" content=\"image\/png\" \/>\n<meta name=\"twitter:card\" content=\"summary_large_image\" \/>\n<meta name=\"twitter:label1\" content=\"Dur\u00e9e de lecture estim\u00e9e\" \/>\n\t<meta name=\"twitter:data1\" content=\"1 minute\" \/>\n<script type=\"application\/ld+json\" class=\"yoast-schema-graph\">{\"@context\":\"https:\/\/schema.org\",\"@graph\":[{\"@type\":\"WebPage\",\"@id\":\"https:\/\/www.bb4books.com\/fr\/produit\/nouvelle-elite\/\",\"url\":\"https:\/\/www.bb4books.com\/fr\/produit\/nouvelle-elite\/\",\"name\":\"La nouvelle \u00e9lite - bb4 books\",\"isPartOf\":{\"@id\":\"https:\/\/www.bb4books.com\/#website\"},\"primaryImageOfPage\":{\"@id\":\"https:\/\/www.bb4books.com\/fr\/produit\/nouvelle-elite\/#primaryimage\"},\"image\":{\"@id\":\"https:\/\/www.bb4books.com\/fr\/produit\/nouvelle-elite\/#primaryimage\"},\"thumbnailUrl\":\"https:\/\/www.bb4books.com\/wp-content\/uploads\/2023\/10\/Cover-livre-La-nouvelle-Elite.png\",\"datePublished\":\"2023-10-23T15:38:08+00:00\",\"dateModified\":\"2023-11-07T08:54:03+00:00\",\"breadcrumb\":{\"@id\":\"https:\/\/www.bb4books.com\/fr\/produit\/nouvelle-elite\/#breadcrumb\"},\"inLanguage\":\"fr-FR\",\"potentialAction\":[{\"@type\":\"ReadAction\",\"target\":[\"https:\/\/www.bb4books.com\/fr\/produit\/nouvelle-elite\/\"]}]},{\"@type\":\"ImageObject\",\"inLanguage\":\"fr-FR\",\"@id\":\"https:\/\/www.bb4books.com\/fr\/produit\/nouvelle-elite\/#primaryimage\",\"url\":\"https:\/\/www.bb4books.com\/wp-content\/uploads\/2023\/10\/Cover-livre-La-nouvelle-Elite.png\",\"contentUrl\":\"https:\/\/www.bb4books.com\/wp-content\/uploads\/2023\/10\/Cover-livre-La-nouvelle-Elite.png\",\"width\":802,\"height\":1236},{\"@type\":\"BreadcrumbList\",\"@id\":\"https:\/\/www.bb4books.com\/fr\/produit\/nouvelle-elite\/#breadcrumb\",\"itemListElement\":[{\"@type\":\"ListItem\",\"position\":1,\"name\":\"Home\",\"item\":\"https:\/\/www.bb4books.com\/fr\/\"},{\"@type\":\"ListItem\",\"position\":2,\"name\":\"CATALOGUE\",\"item\":\"https:\/\/www.bb4books.com\/fr\/catalog\/\"},{\"@type\":\"ListItem\",\"position\":3,\"name\":\"La nouvelle \u00e9lite\"}]},{\"@type\":\"WebSite\",\"@id\":\"https:\/\/www.bb4books.com\/#website\",\"url\":\"https:\/\/www.bb4books.com\/\",\"name\":\"bb4 books\",\"description\":\"Librairie bb4 books\",\"publisher\":{\"@id\":\"https:\/\/www.bb4books.com\/#organization\"},\"potentialAction\":[{\"@type\":\"SearchAction\",\"target\":{\"@type\":\"EntryPoint\",\"urlTemplate\":\"https:\/\/www.bb4books.com\/?s={search_term_string}\"},\"query-input\":{\"@type\":\"PropertyValueSpecification\",\"valueRequired\":true,\"valueName\":\"search_term_string\"}}],\"inLanguage\":\"fr-FR\"},{\"@type\":\"Organization\",\"@id\":\"https:\/\/www.bb4books.com\/#organization\",\"name\":\"bb4books\",\"url\":\"https:\/\/www.bb4books.com\/\",\"logo\":{\"@type\":\"ImageObject\",\"inLanguage\":\"fr-FR\",\"@id\":\"https:\/\/www.bb4books.com\/#\/schema\/logo\/image\/\",\"url\":\"https:\/\/www.bb4books.com\/wp-content\/uploads\/2022\/03\/mini-logo-bb4.png\",\"contentUrl\":\"https:\/\/www.bb4books.com\/wp-content\/uploads\/2022\/03\/mini-logo-bb4.png\",\"width\":254,\"height\":200,\"caption\":\"bb4books\"},\"image\":{\"@id\":\"https:\/\/www.bb4books.com\/#\/schema\/logo\/image\/\"}}]}<\/script>\n<!-- \/ Yoast SEO plugin. -->","yoast_head_json":{"title":"La nouvelle \u00e9lite - bb4 books","robots":{"index":"index","follow":"follow","max-snippet":"max-snippet:-1","max-image-preview":"max-image-preview:large","max-video-preview":"max-video-preview:-1"},"canonical":"https:\/\/www.bb4books.com\/fr\/produit\/nouvelle-elite\/","og_locale":"fr_FR","og_type":"article","og_title":"La nouvelle \u00e9lite - bb4 books","og_description":"Les leaders en entreprise ont souvent un point commun : ce sont des hommes.\u00a0 Les femmes n\u2019osent pas prendre une place de leader. Pire, elles sont de plus en plus nombreuses \u00e0 quitter leur entreprise : pour chaque femme directrice promue au niveau sup\u00e9rieur, deux femmes directrices choisissent de quitter leur entreprise. Comment expliquer cette situation ? Et comment ne plus la subir ? Que ce soit pour atteindre le prochain niveau de r\u00e9ussite ou pour aligner une vision du travail qui d\u00e9passe celle de la culture d\u2019entreprise, le leadership \u00e0 impact est abord\u00e9 comme un moyen de revendiquer une place assum\u00e9e dans le monde professionnel.\u00a0","og_url":"https:\/\/www.bb4books.com\/fr\/produit\/nouvelle-elite\/","og_site_name":"bb4 books","article_modified_time":"2023-11-07T08:54:03+00:00","og_image":[{"width":802,"height":1236,"url":"https:\/\/www.bb4books.com\/wp-content\/uploads\/2023\/10\/Cover-livre-La-nouvelle-Elite.png","type":"image\/png"}],"twitter_card":"summary_large_image","twitter_misc":{"Dur\u00e9e de lecture estim\u00e9e":"1 minute"},"schema":{"@context":"https:\/\/schema.org","@graph":[{"@type":"WebPage","@id":"https:\/\/www.bb4books.com\/fr\/produit\/nouvelle-elite\/","url":"https:\/\/www.bb4books.com\/fr\/produit\/nouvelle-elite\/","name":"La nouvelle \u00e9lite - bb4 books","isPartOf":{"@id":"https:\/\/www.bb4books.com\/#website"},"primaryImageOfPage":{"@id":"https:\/\/www.bb4books.com\/fr\/produit\/nouvelle-elite\/#primaryimage"},"image":{"@id":"https:\/\/www.bb4books.com\/fr\/produit\/nouvelle-elite\/#primaryimage"},"thumbnailUrl":"https:\/\/www.bb4books.com\/wp-content\/uploads\/2023\/10\/Cover-livre-La-nouvelle-Elite.png","datePublished":"2023-10-23T15:38:08+00:00","dateModified":"2023-11-07T08:54:03+00:00","breadcrumb":{"@id":"https:\/\/www.bb4books.com\/fr\/produit\/nouvelle-elite\/#breadcrumb"},"inLanguage":"fr-FR","potentialAction":[{"@type":"ReadAction","target":["https:\/\/www.bb4books.com\/fr\/produit\/nouvelle-elite\/"]}]},{"@type":"ImageObject","inLanguage":"fr-FR","@id":"https:\/\/www.bb4books.com\/fr\/produit\/nouvelle-elite\/#primaryimage","url":"https:\/\/www.bb4books.com\/wp-content\/uploads\/2023\/10\/Cover-livre-La-nouvelle-Elite.png","contentUrl":"https:\/\/www.bb4books.com\/wp-content\/uploads\/2023\/10\/Cover-livre-La-nouvelle-Elite.png","width":802,"height":1236},{"@type":"BreadcrumbList","@id":"https:\/\/www.bb4books.com\/fr\/produit\/nouvelle-elite\/#breadcrumb","itemListElement":[{"@type":"ListItem","position":1,"name":"Home","item":"https:\/\/www.bb4books.com\/fr\/"},{"@type":"ListItem","position":2,"name":"CATALOGUE","item":"https:\/\/www.bb4books.com\/fr\/catalog\/"},{"@type":"ListItem","position":3,"name":"La nouvelle \u00e9lite"}]},{"@type":"WebSite","@id":"https:\/\/www.bb4books.com\/#website","url":"https:\/\/www.bb4books.com\/","name":"bb4 books","description":"Librairie bb4 books","publisher":{"@id":"https:\/\/www.bb4books.com\/#organization"},"potentialAction":[{"@type":"SearchAction","target":{"@type":"EntryPoint","urlTemplate":"https:\/\/www.bb4books.com\/?s={search_term_string}"},"query-input":{"@type":"PropertyValueSpecification","valueRequired":true,"valueName":"search_term_string"}}],"inLanguage":"fr-FR"},{"@type":"Organization","@id":"https:\/\/www.bb4books.com\/#organization","name":"bb4books","url":"https:\/\/www.bb4books.com\/","logo":{"@type":"ImageObject","inLanguage":"fr-FR","@id":"https:\/\/www.bb4books.com\/#\/schema\/logo\/image\/","url":"https:\/\/www.bb4books.com\/wp-content\/uploads\/2022\/03\/mini-logo-bb4.png","contentUrl":"https:\/\/www.bb4books.com\/wp-content\/uploads\/2022\/03\/mini-logo-bb4.png","width":254,"height":200,"caption":"bb4books"},"image":{"@id":"https:\/\/www.bb4books.com\/#\/schema\/logo\/image\/"}}]}},"_links":{"self":[{"href":"https:\/\/www.bb4books.com\/fr\/wp-json\/wp\/v2\/product\/5648","targetHints":{"allow":["GET"]}}],"collection":[{"href":"https:\/\/www.bb4books.com\/fr\/wp-json\/wp\/v2\/product"}],"about":[{"href":"https:\/\/www.bb4books.com\/fr\/wp-json\/wp\/v2\/types\/product"}],"author":[{"embeddable":true,"href":"https:\/\/www.bb4books.com\/fr\/wp-json\/wp\/v2\/users\/5"}],"replies":[{"embeddable":true,"href":"https:\/\/www.bb4books.com\/fr\/wp-json\/wp\/v2\/comments?post=5648"}],"wp:featuredmedia":[{"embeddable":true,"href":"https:\/\/www.bb4books.com\/fr\/wp-json\/wp\/v2\/media\/5682"}],"wp:attachment":[{"href":"https:\/\/www.bb4books.com\/fr\/wp-json\/wp\/v2\/media?parent=5648"}],"wp:term":[{"taxonomy":"product_brand","embeddable":true,"href":"https:\/\/www.bb4books.com\/fr\/wp-json\/wp\/v2\/product_brand?post=5648"},{"taxonomy":"product_cat","embeddable":true,"href":"https:\/\/www.bb4books.com\/fr\/wp-json\/wp\/v2\/product_cat?post=5648"},{"taxonomy":"product_tag","embeddable":true,"href":"https:\/\/www.bb4books.com\/fr\/wp-json\/wp\/v2\/product_tag?post=5648"}],"curies":[{"name":"wp","href":"https:\/\/api.w.org\/{rel}","templated":true}]}}