{"id":3390,"date":"2022-02-03T16:06:07","date_gmt":"2022-02-03T16:06:07","guid":{"rendered":"https:\/\/www.bb4books.com\/?post_type=product&#038;p=3390"},"modified":"2022-02-07T12:23:34","modified_gmt":"2022-02-07T12:23:34","slug":"pimento-map","status":"publish","type":"product","link":"https:\/\/www.bb4books.com\/fr\/produit\/pimento-map\/","title":{"rendered":"Pimento Map"},"content":{"rendered":"<p style=\"text-align: center;\">Intelligent et utile, ce livre permet d&rsquo;\u00e9viter toutes les erreurs classiques des entrepreneurs en herbe.<\/p>\n<p style=\"text-align: center;\">Pour identifier les angles morts et soumettre son projet de start-up ou d\u2019intrepreneuriat (cellule d\u2019innovation \u00e0 l\u2019int\u00e9rieur d\u2019une entreprise existante) \u00e0 un regard critique objectif, Pimento Map est l\u2019outil qui met en lumi\u00e8re les forces et les faiblesses d\u2019un nouveau concept.<\/p>\n<p style=\"text-align: center;\">Les illustrations sont claires et d\u00e9taill\u00e9es, elles apportent un \u00e9clairage simple et didactique aux enjeux d&rsquo;un business plan.<\/p>\n<p style=\"text-align: center;\">Sur le site www.pimentomap.com &#8211; Le test live de mon business model &#8211; cr\u00e9ez votre map. L\u2019exercice dynamique compl\u00e8te le livre.<\/p>\n","protected":false},"excerpt":{"rendered":"<p>Est-ce que mon id\u00e9e d&rsquo;entreprise est bonne ? Est-ce que mon business plan tient la route ? Est-ce que cette start-up est une opportunit\u00e9 d&rsquo;investissement ? Ces questions sont toujours d&rsquo;actualit\u00e9 dans le monde bouillonnant de la cr\u00e9ation d&rsquo;entreprises.<\/p>\n<p>Elles se posent avant que l&rsquo;entreprise ne se cr\u00e9e, mais \u00e9galement \u00e0 chaque virage strat\u00e9gique.<\/p>\n<p>Ce livre a \u00e9t\u00e9 \u00e9crit pour vous aider \u00e0 y r\u00e9pondre. Que vous soyez entrepreneur, business angel, investisseur ou m\u00eame membre du Conseil d&rsquo;Administration, vous trouverez dans ce livre une m\u00e9thode pour objectiver votre analyse d&rsquo;un business mod\u00e8le. Simple d&rsquo;utilisation, le Pimento Map se remplit tr\u00e8s rapidement et donne imm\u00e9diatement une analyse pertinente.<\/p>\n<p>Si personne ne peut pr\u00e9voir l&rsquo;avenir, ce mod\u00e8le peut au moins lever un petit coin du voile.<\/p>\n","protected":false},"author":4,"featured_media":3391,"comment_status":"open","ping_status":"closed","template":"","meta":[],"product_brand":[],"product_cat":[104],"product_tag":[],"class_list":{"0":"post-3390","1":"product","2":"type-product","3":"status-publish","4":"has-post-thumbnail","6":"product_cat-boss-generation-fr","8":"first","9":"instock","10":"shipping-taxable","11":"product-type-simple"},"yoast_head":"<!-- This site is optimized with the Yoast SEO plugin v25.9 - https:\/\/yoast.com\/wordpress\/plugins\/seo\/ -->\n<title>Pimento Map - bb4 books<\/title>\n<meta name=\"robots\" content=\"index, follow, max-snippet:-1, max-image-preview:large, max-video-preview:-1\" \/>\n<link rel=\"canonical\" href=\"https:\/\/www.bb4books.com\/fr\/produit\/pimento-map\/\" \/>\n<meta property=\"og:locale\" content=\"fr_FR\" \/>\n<meta property=\"og:type\" content=\"article\" \/>\n<meta property=\"og:title\" content=\"Pimento Map - bb4 books\" \/>\n<meta property=\"og:description\" content=\"Est-ce que mon id\u00e9e d&#039;entreprise est bonne ? Est-ce que mon business plan tient la route ? Est-ce que cette start-up est une opportunit\u00e9 d&#039;investissement ? Ces questions sont toujours d&#039;actualit\u00e9 dans le monde bouillonnant de la cr\u00e9ation d&#039;entreprises.  Elles se posent avant que l&#039;entreprise ne se cr\u00e9e, mais \u00e9galement \u00e0 chaque virage strat\u00e9gique.  Ce livre a \u00e9t\u00e9 \u00e9crit pour vous aider \u00e0 y r\u00e9pondre. Que vous soyez entrepreneur, business angel, investisseur ou m\u00eame membre du Conseil d&#039;Administration, vous trouverez dans ce livre une m\u00e9thode pour objectiver votre analyse d&#039;un business mod\u00e8le. Simple d&#039;utilisation, le Pimento Map se remplit tr\u00e8s rapidement et donne imm\u00e9diatement une analyse pertinente.  Si personne ne peut pr\u00e9voir l&#039;avenir, ce mod\u00e8le peut au moins lever un petit coin du voile.\" \/>\n<meta property=\"og:url\" content=\"https:\/\/www.bb4books.com\/fr\/produit\/pimento-map\/\" \/>\n<meta property=\"og:site_name\" content=\"bb4 books\" \/>\n<meta property=\"article:modified_time\" content=\"2022-02-07T12:23:34+00:00\" \/>\n<meta property=\"og:image\" content=\"https:\/\/www.bb4books.com\/wp-content\/uploads\/2022\/02\/Pimento-Map-Cover-RED-FR-1.png\" \/>\n\t<meta property=\"og:image:width\" content=\"1653\" \/>\n\t<meta property=\"og:image:height\" content=\"2336\" \/>\n\t<meta property=\"og:image:type\" content=\"image\/png\" \/>\n<meta name=\"twitter:card\" content=\"summary_large_image\" \/>\n<meta name=\"twitter:label1\" content=\"Dur\u00e9e de lecture estim\u00e9e\" \/>\n\t<meta name=\"twitter:data1\" content=\"1 minute\" \/>\n<script type=\"application\/ld+json\" class=\"yoast-schema-graph\">{\"@context\":\"https:\/\/schema.org\",\"@graph\":[{\"@type\":\"WebPage\",\"@id\":\"https:\/\/www.bb4books.com\/fr\/produit\/pimento-map\/\",\"url\":\"https:\/\/www.bb4books.com\/fr\/produit\/pimento-map\/\",\"name\":\"Pimento Map - bb4 books\",\"isPartOf\":{\"@id\":\"https:\/\/www.bb4books.com\/#website\"},\"primaryImageOfPage\":{\"@id\":\"https:\/\/www.bb4books.com\/fr\/produit\/pimento-map\/#primaryimage\"},\"image\":{\"@id\":\"https:\/\/www.bb4books.com\/fr\/produit\/pimento-map\/#primaryimage\"},\"thumbnailUrl\":\"https:\/\/www.bb4books.com\/wp-content\/uploads\/2022\/02\/Pimento-Map-Cover-RED-FR-1.png\",\"datePublished\":\"2022-02-03T16:06:07+00:00\",\"dateModified\":\"2022-02-07T12:23:34+00:00\",\"breadcrumb\":{\"@id\":\"https:\/\/www.bb4books.com\/fr\/produit\/pimento-map\/#breadcrumb\"},\"inLanguage\":\"fr-FR\",\"potentialAction\":[{\"@type\":\"ReadAction\",\"target\":[\"https:\/\/www.bb4books.com\/fr\/produit\/pimento-map\/\"]}]},{\"@type\":\"ImageObject\",\"inLanguage\":\"fr-FR\",\"@id\":\"https:\/\/www.bb4books.com\/fr\/produit\/pimento-map\/#primaryimage\",\"url\":\"https:\/\/www.bb4books.com\/wp-content\/uploads\/2022\/02\/Pimento-Map-Cover-RED-FR-1.png\",\"contentUrl\":\"https:\/\/www.bb4books.com\/wp-content\/uploads\/2022\/02\/Pimento-Map-Cover-RED-FR-1.png\",\"width\":1653,\"height\":2336},{\"@type\":\"BreadcrumbList\",\"@id\":\"https:\/\/www.bb4books.com\/fr\/produit\/pimento-map\/#breadcrumb\",\"itemListElement\":[{\"@type\":\"ListItem\",\"position\":1,\"name\":\"Home\",\"item\":\"https:\/\/www.bb4books.com\/fr\/\"},{\"@type\":\"ListItem\",\"position\":2,\"name\":\"CATALOGUE\",\"item\":\"https:\/\/www.bb4books.com\/fr\/catalog\/\"},{\"@type\":\"ListItem\",\"position\":3,\"name\":\"Pimento Map\"}]},{\"@type\":\"WebSite\",\"@id\":\"https:\/\/www.bb4books.com\/#website\",\"url\":\"https:\/\/www.bb4books.com\/\",\"name\":\"bb4 books\",\"description\":\"Librairie bb4 books\",\"publisher\":{\"@id\":\"https:\/\/www.bb4books.com\/#organization\"},\"potentialAction\":[{\"@type\":\"SearchAction\",\"target\":{\"@type\":\"EntryPoint\",\"urlTemplate\":\"https:\/\/www.bb4books.com\/?s={search_term_string}\"},\"query-input\":{\"@type\":\"PropertyValueSpecification\",\"valueRequired\":true,\"valueName\":\"search_term_string\"}}],\"inLanguage\":\"fr-FR\"},{\"@type\":\"Organization\",\"@id\":\"https:\/\/www.bb4books.com\/#organization\",\"name\":\"bb4books\",\"url\":\"https:\/\/www.bb4books.com\/\",\"logo\":{\"@type\":\"ImageObject\",\"inLanguage\":\"fr-FR\",\"@id\":\"https:\/\/www.bb4books.com\/#\/schema\/logo\/image\/\",\"url\":\"https:\/\/www.bb4books.com\/wp-content\/uploads\/2022\/03\/mini-logo-bb4.png\",\"contentUrl\":\"https:\/\/www.bb4books.com\/wp-content\/uploads\/2022\/03\/mini-logo-bb4.png\",\"width\":254,\"height\":200,\"caption\":\"bb4books\"},\"image\":{\"@id\":\"https:\/\/www.bb4books.com\/#\/schema\/logo\/image\/\"}}]}<\/script>\n<!-- \/ Yoast SEO plugin. -->","yoast_head_json":{"title":"Pimento Map - bb4 books","robots":{"index":"index","follow":"follow","max-snippet":"max-snippet:-1","max-image-preview":"max-image-preview:large","max-video-preview":"max-video-preview:-1"},"canonical":"https:\/\/www.bb4books.com\/fr\/produit\/pimento-map\/","og_locale":"fr_FR","og_type":"article","og_title":"Pimento Map - bb4 books","og_description":"Est-ce que mon id\u00e9e d'entreprise est bonne ? Est-ce que mon business plan tient la route ? Est-ce que cette start-up est une opportunit\u00e9 d'investissement ? Ces questions sont toujours d'actualit\u00e9 dans le monde bouillonnant de la cr\u00e9ation d'entreprises.  Elles se posent avant que l'entreprise ne se cr\u00e9e, mais \u00e9galement \u00e0 chaque virage strat\u00e9gique.  Ce livre a \u00e9t\u00e9 \u00e9crit pour vous aider \u00e0 y r\u00e9pondre. Que vous soyez entrepreneur, business angel, investisseur ou m\u00eame membre du Conseil d'Administration, vous trouverez dans ce livre une m\u00e9thode pour objectiver votre analyse d'un business mod\u00e8le. Simple d'utilisation, le Pimento Map se remplit tr\u00e8s rapidement et donne imm\u00e9diatement une analyse pertinente.  Si personne ne peut pr\u00e9voir l'avenir, ce mod\u00e8le peut au moins lever un petit coin du voile.","og_url":"https:\/\/www.bb4books.com\/fr\/produit\/pimento-map\/","og_site_name":"bb4 books","article_modified_time":"2022-02-07T12:23:34+00:00","og_image":[{"width":1653,"height":2336,"url":"https:\/\/www.bb4books.com\/wp-content\/uploads\/2022\/02\/Pimento-Map-Cover-RED-FR-1.png","type":"image\/png"}],"twitter_card":"summary_large_image","twitter_misc":{"Dur\u00e9e de lecture estim\u00e9e":"1 minute"},"schema":{"@context":"https:\/\/schema.org","@graph":[{"@type":"WebPage","@id":"https:\/\/www.bb4books.com\/fr\/produit\/pimento-map\/","url":"https:\/\/www.bb4books.com\/fr\/produit\/pimento-map\/","name":"Pimento Map - bb4 books","isPartOf":{"@id":"https:\/\/www.bb4books.com\/#website"},"primaryImageOfPage":{"@id":"https:\/\/www.bb4books.com\/fr\/produit\/pimento-map\/#primaryimage"},"image":{"@id":"https:\/\/www.bb4books.com\/fr\/produit\/pimento-map\/#primaryimage"},"thumbnailUrl":"https:\/\/www.bb4books.com\/wp-content\/uploads\/2022\/02\/Pimento-Map-Cover-RED-FR-1.png","datePublished":"2022-02-03T16:06:07+00:00","dateModified":"2022-02-07T12:23:34+00:00","breadcrumb":{"@id":"https:\/\/www.bb4books.com\/fr\/produit\/pimento-map\/#breadcrumb"},"inLanguage":"fr-FR","potentialAction":[{"@type":"ReadAction","target":["https:\/\/www.bb4books.com\/fr\/produit\/pimento-map\/"]}]},{"@type":"ImageObject","inLanguage":"fr-FR","@id":"https:\/\/www.bb4books.com\/fr\/produit\/pimento-map\/#primaryimage","url":"https:\/\/www.bb4books.com\/wp-content\/uploads\/2022\/02\/Pimento-Map-Cover-RED-FR-1.png","contentUrl":"https:\/\/www.bb4books.com\/wp-content\/uploads\/2022\/02\/Pimento-Map-Cover-RED-FR-1.png","width":1653,"height":2336},{"@type":"BreadcrumbList","@id":"https:\/\/www.bb4books.com\/fr\/produit\/pimento-map\/#breadcrumb","itemListElement":[{"@type":"ListItem","position":1,"name":"Home","item":"https:\/\/www.bb4books.com\/fr\/"},{"@type":"ListItem","position":2,"name":"CATALOGUE","item":"https:\/\/www.bb4books.com\/fr\/catalog\/"},{"@type":"ListItem","position":3,"name":"Pimento Map"}]},{"@type":"WebSite","@id":"https:\/\/www.bb4books.com\/#website","url":"https:\/\/www.bb4books.com\/","name":"bb4 books","description":"Librairie bb4 books","publisher":{"@id":"https:\/\/www.bb4books.com\/#organization"},"potentialAction":[{"@type":"SearchAction","target":{"@type":"EntryPoint","urlTemplate":"https:\/\/www.bb4books.com\/?s={search_term_string}"},"query-input":{"@type":"PropertyValueSpecification","valueRequired":true,"valueName":"search_term_string"}}],"inLanguage":"fr-FR"},{"@type":"Organization","@id":"https:\/\/www.bb4books.com\/#organization","name":"bb4books","url":"https:\/\/www.bb4books.com\/","logo":{"@type":"ImageObject","inLanguage":"fr-FR","@id":"https:\/\/www.bb4books.com\/#\/schema\/logo\/image\/","url":"https:\/\/www.bb4books.com\/wp-content\/uploads\/2022\/03\/mini-logo-bb4.png","contentUrl":"https:\/\/www.bb4books.com\/wp-content\/uploads\/2022\/03\/mini-logo-bb4.png","width":254,"height":200,"caption":"bb4books"},"image":{"@id":"https:\/\/www.bb4books.com\/#\/schema\/logo\/image\/"}}]}},"_links":{"self":[{"href":"https:\/\/www.bb4books.com\/fr\/wp-json\/wp\/v2\/product\/3390","targetHints":{"allow":["GET"]}}],"collection":[{"href":"https:\/\/www.bb4books.com\/fr\/wp-json\/wp\/v2\/product"}],"about":[{"href":"https:\/\/www.bb4books.com\/fr\/wp-json\/wp\/v2\/types\/product"}],"author":[{"embeddable":true,"href":"https:\/\/www.bb4books.com\/fr\/wp-json\/wp\/v2\/users\/4"}],"replies":[{"embeddable":true,"href":"https:\/\/www.bb4books.com\/fr\/wp-json\/wp\/v2\/comments?post=3390"}],"wp:featuredmedia":[{"embeddable":true,"href":"https:\/\/www.bb4books.com\/fr\/wp-json\/wp\/v2\/media\/3391"}],"wp:attachment":[{"href":"https:\/\/www.bb4books.com\/fr\/wp-json\/wp\/v2\/media?parent=3390"}],"wp:term":[{"taxonomy":"product_brand","embeddable":true,"href":"https:\/\/www.bb4books.com\/fr\/wp-json\/wp\/v2\/product_brand?post=3390"},{"taxonomy":"product_cat","embeddable":true,"href":"https:\/\/www.bb4books.com\/fr\/wp-json\/wp\/v2\/product_cat?post=3390"},{"taxonomy":"product_tag","embeddable":true,"href":"https:\/\/www.bb4books.com\/fr\/wp-json\/wp\/v2\/product_tag?post=3390"}],"curies":[{"name":"wp","href":"https:\/\/api.w.org\/{rel}","templated":true}]}}