{"id":3371,"date":"2022-02-02T12:54:57","date_gmt":"2022-02-02T12:54:57","guid":{"rendered":"https:\/\/www.bb4books.com\/?post_type=product&#038;p=3371"},"modified":"2022-02-07T13:05:35","modified_gmt":"2022-02-07T13:05:35","slug":"le-marketing-digital-local","status":"publish","type":"product","link":"https:\/\/www.bb4books.com\/fr\/produit\/le-marketing-digital-local\/","title":{"rendered":"Le marketing digital local"},"content":{"rendered":"<p>Lucienne est fleuriste, mais elle incarne tous les commer\u00e7ants, les artisans et tous les ind\u00e9pendants trop peu visibles sur Google ou sur Facebook. Avec son voisin Michel, caviste au caract\u00e8re impr\u00e9visible, les deux d\u00e9butants vont franchir toutes les \u00e9tapes de la conqu\u00eate num\u00e9rique. Du plus facile au plus compliqu\u00e9, du g\u00e9n\u00e9rique au sp\u00e9cifique, cette discipline qu\u2019est le Marketing Digital Local est d\u00e9cod\u00e9e et expliqu\u00e9e.<\/p>\n<p>L\u2019objectif est de rendre concr\u00e8te et accessible leur pr\u00e9sence en ligne afin d\u2019occuper les meilleurs emplacements et d\u2019augmenter leur visibilit\u00e9. Ce qu\u2019il faut faire, quand, comment et pourquoi. Mais surtout ce qu\u2019il faut \u00e9viter. Un pas-\u00e0-pas d\u00e9taill\u00e9, mis en carte et organis\u00e9 en check-lists.<\/p>\n<p>Pour avoir les m\u00eames chances sur le terrain des marques, toutes les Lucienne, les g\u00e9rants de point de vente, franchis\u00e9s ou non, ont d\u00e9sormais en main les moyens de r\u00e9ussir le nouveau challenge d\u2019acqu\u00e9rir de nouveaux clients gr\u00e2ce aux plateformes digitales.<\/p>\n<p><b>Making-of du livre<\/b><\/p>\n<p>Publier un guide accessible, intelligent et qui ne se prend pas au s\u00e9rieux est un enjeu de taille.<\/p>\n<p>Mais lorsqu&rsquo;il s&rsquo;agit de garantir la p\u00e9rennit\u00e9 des informations, alors que les plateformes Google et Facebook sont les championnes des mises \u00e0 jour, cela devient une prouesse.<\/p>\n<p>Qu&rsquo;\u00e0 cela ne tienne, un QR Code vous donne acc\u00e8s aux toutes derni\u00e8res modifications. D\u00e9fi relev\u00e9!<\/p>\n<p>Et puisque nous sommes entre nous, voici une petite anecdote.<\/p>\n<p>Le jour de la mise sous presse du livre, Google a d\u00e9cid\u00e9 de changer le nom de My Business en Google Profile Business. Publier un livre \u00e0 l&rsquo;obsolescence av\u00e9r\u00e9e n&rsquo;\u00e9tant pas une option, l&rsquo;auteur d\u00e9cide de corriger le texte et dans la foul\u00e9e, de donner acc\u00e8s \u00e0 ses lecteurs aux mises \u00e0 jour en temps r\u00e9el.<\/p>\n<p>Bienvenue dans le monde du #DigitalFirst.<\/p>\n","protected":false},"excerpt":{"rendered":"<p>Lucienne est fleuriste, mais elle incarne tous les commer\u00e7ants, les artisans et tous les ind\u00e9pendants trop peu visibles sur Google ou sur Facebook. Avec son voisin Michel, caviste au caract6re impr\u00e9visible, les deux d\u00e9butants vont franchir toutes les \u00e9tapes de la conqu\u00eate num\u00e9rique. Du plus facile au plus compliqu\u00e9, du g\u00e9n\u00e9rique sp\u00e9cifique, cette discipline qu&rsquo;est le Marketing Digital Local est d\u00e9cod\u00e9e et expliqu\u00e9e.<\/p>\n<p>L&rsquo;objectif est de rendre concr\u00e8te et accessible leur pr\u00e9sence en ligne afin d&rsquo;occuper les meilleurs emplacements et d&rsquo;augmenter leur visibilit\u00e9. Ce qu&rsquo;il faut faire, quand, comment et pourquoi. Mais surtout ce qu&rsquo;il faut \u00e9viter. Un pas-\u00e0-pas d\u00e9taill\u00e9, mis en carte et organis\u00e9 en check-lists.<\/p>\n<p>Pour avoir les m\u00eames chances sur le terrain des marques, toutes les Lucienne, les g\u00e9rants de point de vente, franchis\u00e9s ou non, ont d\u00e9sormais en main les moyens de r\u00e9ussir le nouveau challenge d&rsquo;acqu\u00e9rir de nouveaux clients gr\u00e2ce aux plateformes digitales.<\/p>\n","protected":false},"author":4,"featured_media":3372,"comment_status":"open","ping_status":"closed","template":"","meta":[],"product_brand":[],"product_cat":[104],"product_tag":[],"class_list":{"0":"post-3371","1":"product","2":"type-product","3":"status-publish","4":"has-post-thumbnail","6":"product_cat-boss-generation-fr","8":"first","9":"instock","10":"shipping-taxable","11":"product-type-simple"},"yoast_head":"<!-- This site is optimized with the Yoast SEO plugin v25.9 - https:\/\/yoast.com\/wordpress\/plugins\/seo\/ -->\n<title>Le marketing digital local - bb4 books<\/title>\n<meta name=\"robots\" content=\"index, follow, max-snippet:-1, max-image-preview:large, max-video-preview:-1\" \/>\n<link rel=\"canonical\" href=\"https:\/\/www.bb4books.com\/fr\/produit\/le-marketing-digital-local\/\" \/>\n<meta property=\"og:locale\" content=\"fr_FR\" \/>\n<meta property=\"og:type\" content=\"article\" \/>\n<meta property=\"og:title\" content=\"Le marketing digital local - bb4 books\" \/>\n<meta property=\"og:description\" content=\"Lucienne est fleuriste, mais elle incarne tous les commer\u00e7ants, les artisans et tous les ind\u00e9pendants trop peu visibles sur Google ou sur Facebook. Avec son voisin Michel, caviste au caract6re impr\u00e9visible, les deux d\u00e9butants vont franchir toutes les \u00e9tapes de la conqu\u00eate num\u00e9rique. Du plus facile au plus compliqu\u00e9, du g\u00e9n\u00e9rique sp\u00e9cifique, cette discipline qu&#039;est le Marketing Digital Local est d\u00e9cod\u00e9e et expliqu\u00e9e.  L&#039;objectif est de rendre concr\u00e8te et accessible leur pr\u00e9sence en ligne afin d&#039;occuper les meilleurs emplacements et d&#039;augmenter leur visibilit\u00e9. Ce qu&#039;il faut faire, quand, comment et pourquoi. Mais surtout ce qu&#039;il faut \u00e9viter. Un pas-\u00e0-pas d\u00e9taill\u00e9, mis en carte et organis\u00e9 en check-lists.  Pour avoir les m\u00eames chances sur le terrain des marques, toutes les Lucienne, les g\u00e9rants de point de vente, franchis\u00e9s ou non, ont d\u00e9sormais en main les moyens de r\u00e9ussir le nouveau challenge d&#039;acqu\u00e9rir de nouveaux clients gr\u00e2ce aux plateformes digitales.\" \/>\n<meta property=\"og:url\" content=\"https:\/\/www.bb4books.com\/fr\/produit\/le-marketing-digital-local\/\" \/>\n<meta property=\"og:site_name\" content=\"bb4 books\" \/>\n<meta property=\"article:modified_time\" content=\"2022-02-07T13:05:35+00:00\" \/>\n<meta property=\"og:image\" content=\"https:\/\/www.bb4books.com\/wp-content\/uploads\/2022\/02\/MDL-Fleuriste-FR-Cover-V2-1.jpg\" \/>\n\t<meta property=\"og:image:width\" content=\"1650\" \/>\n\t<meta property=\"og:image:height\" content=\"2550\" \/>\n\t<meta property=\"og:image:type\" content=\"image\/jpeg\" \/>\n<meta name=\"twitter:card\" content=\"summary_large_image\" \/>\n<meta name=\"twitter:label1\" content=\"Dur\u00e9e de lecture estim\u00e9e\" \/>\n\t<meta name=\"twitter:data1\" content=\"2 minutes\" \/>\n<script type=\"application\/ld+json\" class=\"yoast-schema-graph\">{\"@context\":\"https:\/\/schema.org\",\"@graph\":[{\"@type\":\"WebPage\",\"@id\":\"https:\/\/www.bb4books.com\/fr\/produit\/le-marketing-digital-local\/\",\"url\":\"https:\/\/www.bb4books.com\/fr\/produit\/le-marketing-digital-local\/\",\"name\":\"Le marketing digital local - bb4 books\",\"isPartOf\":{\"@id\":\"https:\/\/www.bb4books.com\/#website\"},\"primaryImageOfPage\":{\"@id\":\"https:\/\/www.bb4books.com\/fr\/produit\/le-marketing-digital-local\/#primaryimage\"},\"image\":{\"@id\":\"https:\/\/www.bb4books.com\/fr\/produit\/le-marketing-digital-local\/#primaryimage\"},\"thumbnailUrl\":\"https:\/\/www.bb4books.com\/wp-content\/uploads\/2022\/02\/MDL-Fleuriste-FR-Cover-V2-1.jpg\",\"datePublished\":\"2022-02-02T12:54:57+00:00\",\"dateModified\":\"2022-02-07T13:05:35+00:00\",\"breadcrumb\":{\"@id\":\"https:\/\/www.bb4books.com\/fr\/produit\/le-marketing-digital-local\/#breadcrumb\"},\"inLanguage\":\"fr-FR\",\"potentialAction\":[{\"@type\":\"ReadAction\",\"target\":[\"https:\/\/www.bb4books.com\/fr\/produit\/le-marketing-digital-local\/\"]}]},{\"@type\":\"ImageObject\",\"inLanguage\":\"fr-FR\",\"@id\":\"https:\/\/www.bb4books.com\/fr\/produit\/le-marketing-digital-local\/#primaryimage\",\"url\":\"https:\/\/www.bb4books.com\/wp-content\/uploads\/2022\/02\/MDL-Fleuriste-FR-Cover-V2-1.jpg\",\"contentUrl\":\"https:\/\/www.bb4books.com\/wp-content\/uploads\/2022\/02\/MDL-Fleuriste-FR-Cover-V2-1.jpg\",\"width\":1650,\"height\":2550},{\"@type\":\"BreadcrumbList\",\"@id\":\"https:\/\/www.bb4books.com\/fr\/produit\/le-marketing-digital-local\/#breadcrumb\",\"itemListElement\":[{\"@type\":\"ListItem\",\"position\":1,\"name\":\"Home\",\"item\":\"https:\/\/www.bb4books.com\/fr\/\"},{\"@type\":\"ListItem\",\"position\":2,\"name\":\"CATALOGUE\",\"item\":\"https:\/\/www.bb4books.com\/fr\/catalog\/\"},{\"@type\":\"ListItem\",\"position\":3,\"name\":\"Le marketing digital local\"}]},{\"@type\":\"WebSite\",\"@id\":\"https:\/\/www.bb4books.com\/#website\",\"url\":\"https:\/\/www.bb4books.com\/\",\"name\":\"bb4 books\",\"description\":\"Librairie bb4 books\",\"publisher\":{\"@id\":\"https:\/\/www.bb4books.com\/#organization\"},\"potentialAction\":[{\"@type\":\"SearchAction\",\"target\":{\"@type\":\"EntryPoint\",\"urlTemplate\":\"https:\/\/www.bb4books.com\/?s={search_term_string}\"},\"query-input\":{\"@type\":\"PropertyValueSpecification\",\"valueRequired\":true,\"valueName\":\"search_term_string\"}}],\"inLanguage\":\"fr-FR\"},{\"@type\":\"Organization\",\"@id\":\"https:\/\/www.bb4books.com\/#organization\",\"name\":\"bb4books\",\"url\":\"https:\/\/www.bb4books.com\/\",\"logo\":{\"@type\":\"ImageObject\",\"inLanguage\":\"fr-FR\",\"@id\":\"https:\/\/www.bb4books.com\/#\/schema\/logo\/image\/\",\"url\":\"https:\/\/www.bb4books.com\/wp-content\/uploads\/2022\/03\/mini-logo-bb4.png\",\"contentUrl\":\"https:\/\/www.bb4books.com\/wp-content\/uploads\/2022\/03\/mini-logo-bb4.png\",\"width\":254,\"height\":200,\"caption\":\"bb4books\"},\"image\":{\"@id\":\"https:\/\/www.bb4books.com\/#\/schema\/logo\/image\/\"}}]}<\/script>\n<!-- \/ Yoast SEO plugin. -->","yoast_head_json":{"title":"Le marketing digital local - bb4 books","robots":{"index":"index","follow":"follow","max-snippet":"max-snippet:-1","max-image-preview":"max-image-preview:large","max-video-preview":"max-video-preview:-1"},"canonical":"https:\/\/www.bb4books.com\/fr\/produit\/le-marketing-digital-local\/","og_locale":"fr_FR","og_type":"article","og_title":"Le marketing digital local - bb4 books","og_description":"Lucienne est fleuriste, mais elle incarne tous les commer\u00e7ants, les artisans et tous les ind\u00e9pendants trop peu visibles sur Google ou sur Facebook. Avec son voisin Michel, caviste au caract6re impr\u00e9visible, les deux d\u00e9butants vont franchir toutes les \u00e9tapes de la conqu\u00eate num\u00e9rique. Du plus facile au plus compliqu\u00e9, du g\u00e9n\u00e9rique sp\u00e9cifique, cette discipline qu'est le Marketing Digital Local est d\u00e9cod\u00e9e et expliqu\u00e9e.  L'objectif est de rendre concr\u00e8te et accessible leur pr\u00e9sence en ligne afin d'occuper les meilleurs emplacements et d'augmenter leur visibilit\u00e9. Ce qu'il faut faire, quand, comment et pourquoi. Mais surtout ce qu'il faut \u00e9viter. Un pas-\u00e0-pas d\u00e9taill\u00e9, mis en carte et organis\u00e9 en check-lists.  Pour avoir les m\u00eames chances sur le terrain des marques, toutes les Lucienne, les g\u00e9rants de point de vente, franchis\u00e9s ou non, ont d\u00e9sormais en main les moyens de r\u00e9ussir le nouveau challenge d'acqu\u00e9rir de nouveaux clients gr\u00e2ce aux plateformes digitales.","og_url":"https:\/\/www.bb4books.com\/fr\/produit\/le-marketing-digital-local\/","og_site_name":"bb4 books","article_modified_time":"2022-02-07T13:05:35+00:00","og_image":[{"width":1650,"height":2550,"url":"https:\/\/www.bb4books.com\/wp-content\/uploads\/2022\/02\/MDL-Fleuriste-FR-Cover-V2-1.jpg","type":"image\/jpeg"}],"twitter_card":"summary_large_image","twitter_misc":{"Dur\u00e9e de lecture estim\u00e9e":"2 minutes"},"schema":{"@context":"https:\/\/schema.org","@graph":[{"@type":"WebPage","@id":"https:\/\/www.bb4books.com\/fr\/produit\/le-marketing-digital-local\/","url":"https:\/\/www.bb4books.com\/fr\/produit\/le-marketing-digital-local\/","name":"Le marketing digital local - bb4 books","isPartOf":{"@id":"https:\/\/www.bb4books.com\/#website"},"primaryImageOfPage":{"@id":"https:\/\/www.bb4books.com\/fr\/produit\/le-marketing-digital-local\/#primaryimage"},"image":{"@id":"https:\/\/www.bb4books.com\/fr\/produit\/le-marketing-digital-local\/#primaryimage"},"thumbnailUrl":"https:\/\/www.bb4books.com\/wp-content\/uploads\/2022\/02\/MDL-Fleuriste-FR-Cover-V2-1.jpg","datePublished":"2022-02-02T12:54:57+00:00","dateModified":"2022-02-07T13:05:35+00:00","breadcrumb":{"@id":"https:\/\/www.bb4books.com\/fr\/produit\/le-marketing-digital-local\/#breadcrumb"},"inLanguage":"fr-FR","potentialAction":[{"@type":"ReadAction","target":["https:\/\/www.bb4books.com\/fr\/produit\/le-marketing-digital-local\/"]}]},{"@type":"ImageObject","inLanguage":"fr-FR","@id":"https:\/\/www.bb4books.com\/fr\/produit\/le-marketing-digital-local\/#primaryimage","url":"https:\/\/www.bb4books.com\/wp-content\/uploads\/2022\/02\/MDL-Fleuriste-FR-Cover-V2-1.jpg","contentUrl":"https:\/\/www.bb4books.com\/wp-content\/uploads\/2022\/02\/MDL-Fleuriste-FR-Cover-V2-1.jpg","width":1650,"height":2550},{"@type":"BreadcrumbList","@id":"https:\/\/www.bb4books.com\/fr\/produit\/le-marketing-digital-local\/#breadcrumb","itemListElement":[{"@type":"ListItem","position":1,"name":"Home","item":"https:\/\/www.bb4books.com\/fr\/"},{"@type":"ListItem","position":2,"name":"CATALOGUE","item":"https:\/\/www.bb4books.com\/fr\/catalog\/"},{"@type":"ListItem","position":3,"name":"Le marketing digital local"}]},{"@type":"WebSite","@id":"https:\/\/www.bb4books.com\/#website","url":"https:\/\/www.bb4books.com\/","name":"bb4 books","description":"Librairie bb4 books","publisher":{"@id":"https:\/\/www.bb4books.com\/#organization"},"potentialAction":[{"@type":"SearchAction","target":{"@type":"EntryPoint","urlTemplate":"https:\/\/www.bb4books.com\/?s={search_term_string}"},"query-input":{"@type":"PropertyValueSpecification","valueRequired":true,"valueName":"search_term_string"}}],"inLanguage":"fr-FR"},{"@type":"Organization","@id":"https:\/\/www.bb4books.com\/#organization","name":"bb4books","url":"https:\/\/www.bb4books.com\/","logo":{"@type":"ImageObject","inLanguage":"fr-FR","@id":"https:\/\/www.bb4books.com\/#\/schema\/logo\/image\/","url":"https:\/\/www.bb4books.com\/wp-content\/uploads\/2022\/03\/mini-logo-bb4.png","contentUrl":"https:\/\/www.bb4books.com\/wp-content\/uploads\/2022\/03\/mini-logo-bb4.png","width":254,"height":200,"caption":"bb4books"},"image":{"@id":"https:\/\/www.bb4books.com\/#\/schema\/logo\/image\/"}}]}},"_links":{"self":[{"href":"https:\/\/www.bb4books.com\/fr\/wp-json\/wp\/v2\/product\/3371","targetHints":{"allow":["GET"]}}],"collection":[{"href":"https:\/\/www.bb4books.com\/fr\/wp-json\/wp\/v2\/product"}],"about":[{"href":"https:\/\/www.bb4books.com\/fr\/wp-json\/wp\/v2\/types\/product"}],"author":[{"embeddable":true,"href":"https:\/\/www.bb4books.com\/fr\/wp-json\/wp\/v2\/users\/4"}],"replies":[{"embeddable":true,"href":"https:\/\/www.bb4books.com\/fr\/wp-json\/wp\/v2\/comments?post=3371"}],"wp:featuredmedia":[{"embeddable":true,"href":"https:\/\/www.bb4books.com\/fr\/wp-json\/wp\/v2\/media\/3372"}],"wp:attachment":[{"href":"https:\/\/www.bb4books.com\/fr\/wp-json\/wp\/v2\/media?parent=3371"}],"wp:term":[{"taxonomy":"product_brand","embeddable":true,"href":"https:\/\/www.bb4books.com\/fr\/wp-json\/wp\/v2\/product_brand?post=3371"},{"taxonomy":"product_cat","embeddable":true,"href":"https:\/\/www.bb4books.com\/fr\/wp-json\/wp\/v2\/product_cat?post=3371"},{"taxonomy":"product_tag","embeddable":true,"href":"https:\/\/www.bb4books.com\/fr\/wp-json\/wp\/v2\/product_tag?post=3371"}],"curies":[{"name":"wp","href":"https:\/\/api.w.org\/{rel}","templated":true}]}}