{"id":2829,"date":"2021-10-25T02:25:49","date_gmt":"2021-10-25T02:25:49","guid":{"rendered":"https:\/\/www.bb4books.com\/?post_type=product&#038;p=2829"},"modified":"2022-05-12T13:21:13","modified_gmt":"2022-05-12T13:21:13","slug":"au-poil","status":"publish","type":"product","link":"https:\/\/www.bb4books.com\/fr\/produit\/au-poil\/","title":{"rendered":"Au poil !"},"content":{"rendered":"<p>Le ma\u00eetre parle\u2026 et esp\u00e8re se faire comprendre.<\/p>\n<p>Le chien n\u2019a qu\u2019un seul objectif: apporter du bonheur dans sa meute.<\/p>\n<p>Les attitudes entre ma\u00eetres et chiens sont un dialogue.<\/p>\n<p>Que faut-il faire, ou ne pas faire, pour obtenir une relation harmonieuse en toutes circonstances ? L\u2019arriv\u00e9e d\u2019un enfant dans la famille, la sociabilisation avec d\u2019autres animaux, un d\u00e9m\u00e9nagement dans un environnement bruyant, un changement de rythme de vie, \u2026<\/p>\n<p>Cette dynamique nous est cont\u00e9e, avec la gouaille toute personnelle d\u2019une amoureuse inconditionnelle du monde canin. Adeline Westerling entre dans la vie des gens par la porte du c\u0153ur en d\u00e9codant les habitudes, bonnes et mauvaises, en nous apprenant quand et comment r\u00e9agir. C\u2019est en lisant les signes, en comprenant quel instinct est activ\u00e9 \u00e0 quel moment et pourquoi, que le ma\u00eetre adoptera la bonne posture et le bon comportement.<\/p>\n<p>Etre comportementaliste canin c\u2019est devenir le t\u00e9moin d\u2019une relation toute particuli\u00e8re entre deux esp\u00e8ces diff\u00e9rentes. Ce livre est une balade bienveillante o\u00f9 celui qui va le plus apprendre n&rsquo;est pas celui qu&rsquo;on imagine.<\/p>\n","protected":false},"excerpt":{"rendered":"<p class=\"p2\">Le chien est sans le moindre doute le meilleur ami de l\u2019homme et chasse notre sentiment de solitude. Il est le symbole de l\u2019amour \u00e0 l\u2019\u00e9tat pur, de la fid\u00e9lit\u00e9 \u00e0 toute \u00e9preuve. Nos toutous nous aiment tels que nous sommes, sans masque ni artifice. Ils nous permettent de nous rencontrer, de nous recentrer sur ce qui compte vraiment, de d\u00e9couvrir la beaut\u00e9 de la nature et d\u2019appr\u00e9cier les choses simples qui nous entourent. Une histoire d\u2019amour \u00e0 quatre pattes, c\u2019est de longues et belles ann\u00e9es remplies de pur bonheur et le plus merveilleux compagnon de vie !<\/p>\n<p class=\"p3\">D\u00e9couvrez \u00e0 travers ce guide toutes les cl\u00e9s pour \u00eatre et rendre heureux votre poilu en partant ou repartant sur des bases saines afin de garantir une relation \u00e9quilibr\u00e9e, dans le respect et l\u2019amour de chacun en toute harmonie \u00e0 deux et quatre pattes !<\/p>\n","protected":false},"author":4,"featured_media":2826,"comment_status":"open","ping_status":"closed","template":"","meta":[],"product_brand":[],"product_cat":[78],"product_tag":[],"class_list":{"0":"post-2829","1":"product","2":"type-product","3":"status-publish","4":"has-post-thumbnail","6":"product_cat-better-world-fr","8":"first","9":"instock","10":"shipping-taxable","11":"product-type-simple"},"yoast_head":"<!-- This site is optimized with the Yoast SEO plugin v25.9 - https:\/\/yoast.com\/wordpress\/plugins\/seo\/ -->\n<title>Au poil ! - bb4 books<\/title>\n<meta name=\"robots\" content=\"index, follow, max-snippet:-1, max-image-preview:large, max-video-preview:-1\" \/>\n<link rel=\"canonical\" href=\"https:\/\/www.bb4books.com\/fr\/produit\/au-poil\/\" \/>\n<meta property=\"og:locale\" content=\"fr_FR\" \/>\n<meta property=\"og:type\" content=\"article\" \/>\n<meta property=\"og:title\" content=\"Au poil ! - bb4 books\" \/>\n<meta property=\"og:description\" content=\"Le chien est sans le moindre doute le meilleur ami de l\u2019homme et chasse notre sentiment de solitude. Il est le symbole de l\u2019amour \u00e0 l\u2019\u00e9tat pur, de la fid\u00e9lit\u00e9 \u00e0 toute \u00e9preuve. Nos toutous nous aiment tels que nous sommes, sans masque ni artifice. Ils nous permettent de nous rencontrer, de nous recentrer sur ce qui compte vraiment, de d\u00e9couvrir la beaut\u00e9 de la nature et d\u2019appr\u00e9cier les choses simples qui nous entourent. Une histoire d\u2019amour \u00e0 quatre pattes, c\u2019est de longues et belles ann\u00e9es remplies de pur bonheur et le plus merveilleux compagnon de vie ! D\u00e9couvrez \u00e0 travers ce guide toutes les cl\u00e9s pour \u00eatre et rendre heureux votre poilu en partant ou repartant sur des bases saines afin de garantir une relation \u00e9quilibr\u00e9e, dans le respect et l\u2019amour de chacun en toute harmonie \u00e0 deux et quatre pattes !\" \/>\n<meta property=\"og:url\" content=\"https:\/\/www.bb4books.com\/fr\/produit\/au-poil\/\" \/>\n<meta property=\"og:site_name\" content=\"bb4 books\" \/>\n<meta property=\"article:modified_time\" content=\"2022-05-12T13:21:13+00:00\" \/>\n<meta property=\"og:image\" content=\"https:\/\/www.bb4books.com\/wp-content\/uploads\/2021\/10\/AupoilCover.jpg\" \/>\n\t<meta property=\"og:image:width\" content=\"1597\" \/>\n\t<meta property=\"og:image:height\" content=\"2351\" \/>\n\t<meta property=\"og:image:type\" content=\"image\/jpeg\" \/>\n<meta name=\"twitter:card\" content=\"summary_large_image\" \/>\n<meta name=\"twitter:label1\" content=\"Dur\u00e9e de lecture estim\u00e9e\" \/>\n\t<meta name=\"twitter:data1\" content=\"1 minute\" \/>\n<script type=\"application\/ld+json\" class=\"yoast-schema-graph\">{\"@context\":\"https:\/\/schema.org\",\"@graph\":[{\"@type\":\"WebPage\",\"@id\":\"https:\/\/www.bb4books.com\/fr\/produit\/au-poil\/\",\"url\":\"https:\/\/www.bb4books.com\/fr\/produit\/au-poil\/\",\"name\":\"Au poil ! - bb4 books\",\"isPartOf\":{\"@id\":\"https:\/\/www.bb4books.com\/#website\"},\"primaryImageOfPage\":{\"@id\":\"https:\/\/www.bb4books.com\/fr\/produit\/au-poil\/#primaryimage\"},\"image\":{\"@id\":\"https:\/\/www.bb4books.com\/fr\/produit\/au-poil\/#primaryimage\"},\"thumbnailUrl\":\"https:\/\/www.bb4books.com\/wp-content\/uploads\/2021\/10\/AupoilCover.jpg\",\"datePublished\":\"2021-10-25T02:25:49+00:00\",\"dateModified\":\"2022-05-12T13:21:13+00:00\",\"breadcrumb\":{\"@id\":\"https:\/\/www.bb4books.com\/fr\/produit\/au-poil\/#breadcrumb\"},\"inLanguage\":\"fr-FR\",\"potentialAction\":[{\"@type\":\"ReadAction\",\"target\":[\"https:\/\/www.bb4books.com\/fr\/produit\/au-poil\/\"]}]},{\"@type\":\"ImageObject\",\"inLanguage\":\"fr-FR\",\"@id\":\"https:\/\/www.bb4books.com\/fr\/produit\/au-poil\/#primaryimage\",\"url\":\"https:\/\/www.bb4books.com\/wp-content\/uploads\/2021\/10\/AupoilCover.jpg\",\"contentUrl\":\"https:\/\/www.bb4books.com\/wp-content\/uploads\/2021\/10\/AupoilCover.jpg\",\"width\":1597,\"height\":2351},{\"@type\":\"BreadcrumbList\",\"@id\":\"https:\/\/www.bb4books.com\/fr\/produit\/au-poil\/#breadcrumb\",\"itemListElement\":[{\"@type\":\"ListItem\",\"position\":1,\"name\":\"Home\",\"item\":\"https:\/\/www.bb4books.com\/fr\/\"},{\"@type\":\"ListItem\",\"position\":2,\"name\":\"CATALOGUE\",\"item\":\"https:\/\/www.bb4books.com\/fr\/catalog\/\"},{\"@type\":\"ListItem\",\"position\":3,\"name\":\"Au poil !\"}]},{\"@type\":\"WebSite\",\"@id\":\"https:\/\/www.bb4books.com\/#website\",\"url\":\"https:\/\/www.bb4books.com\/\",\"name\":\"bb4 books\",\"description\":\"Librairie bb4 books\",\"publisher\":{\"@id\":\"https:\/\/www.bb4books.com\/#organization\"},\"potentialAction\":[{\"@type\":\"SearchAction\",\"target\":{\"@type\":\"EntryPoint\",\"urlTemplate\":\"https:\/\/www.bb4books.com\/?s={search_term_string}\"},\"query-input\":{\"@type\":\"PropertyValueSpecification\",\"valueRequired\":true,\"valueName\":\"search_term_string\"}}],\"inLanguage\":\"fr-FR\"},{\"@type\":\"Organization\",\"@id\":\"https:\/\/www.bb4books.com\/#organization\",\"name\":\"bb4books\",\"url\":\"https:\/\/www.bb4books.com\/\",\"logo\":{\"@type\":\"ImageObject\",\"inLanguage\":\"fr-FR\",\"@id\":\"https:\/\/www.bb4books.com\/#\/schema\/logo\/image\/\",\"url\":\"https:\/\/www.bb4books.com\/wp-content\/uploads\/2022\/03\/mini-logo-bb4.png\",\"contentUrl\":\"https:\/\/www.bb4books.com\/wp-content\/uploads\/2022\/03\/mini-logo-bb4.png\",\"width\":254,\"height\":200,\"caption\":\"bb4books\"},\"image\":{\"@id\":\"https:\/\/www.bb4books.com\/#\/schema\/logo\/image\/\"}}]}<\/script>\n<!-- \/ Yoast SEO plugin. -->","yoast_head_json":{"title":"Au poil ! - bb4 books","robots":{"index":"index","follow":"follow","max-snippet":"max-snippet:-1","max-image-preview":"max-image-preview:large","max-video-preview":"max-video-preview:-1"},"canonical":"https:\/\/www.bb4books.com\/fr\/produit\/au-poil\/","og_locale":"fr_FR","og_type":"article","og_title":"Au poil ! - bb4 books","og_description":"Le chien est sans le moindre doute le meilleur ami de l\u2019homme et chasse notre sentiment de solitude. Il est le symbole de l\u2019amour \u00e0 l\u2019\u00e9tat pur, de la fid\u00e9lit\u00e9 \u00e0 toute \u00e9preuve. Nos toutous nous aiment tels que nous sommes, sans masque ni artifice. Ils nous permettent de nous rencontrer, de nous recentrer sur ce qui compte vraiment, de d\u00e9couvrir la beaut\u00e9 de la nature et d\u2019appr\u00e9cier les choses simples qui nous entourent. Une histoire d\u2019amour \u00e0 quatre pattes, c\u2019est de longues et belles ann\u00e9es remplies de pur bonheur et le plus merveilleux compagnon de vie ! D\u00e9couvrez \u00e0 travers ce guide toutes les cl\u00e9s pour \u00eatre et rendre heureux votre poilu en partant ou repartant sur des bases saines afin de garantir une relation \u00e9quilibr\u00e9e, dans le respect et l\u2019amour de chacun en toute harmonie \u00e0 deux et quatre pattes !","og_url":"https:\/\/www.bb4books.com\/fr\/produit\/au-poil\/","og_site_name":"bb4 books","article_modified_time":"2022-05-12T13:21:13+00:00","og_image":[{"width":1597,"height":2351,"url":"https:\/\/www.bb4books.com\/wp-content\/uploads\/2021\/10\/AupoilCover.jpg","type":"image\/jpeg"}],"twitter_card":"summary_large_image","twitter_misc":{"Dur\u00e9e de lecture estim\u00e9e":"1 minute"},"schema":{"@context":"https:\/\/schema.org","@graph":[{"@type":"WebPage","@id":"https:\/\/www.bb4books.com\/fr\/produit\/au-poil\/","url":"https:\/\/www.bb4books.com\/fr\/produit\/au-poil\/","name":"Au poil ! - bb4 books","isPartOf":{"@id":"https:\/\/www.bb4books.com\/#website"},"primaryImageOfPage":{"@id":"https:\/\/www.bb4books.com\/fr\/produit\/au-poil\/#primaryimage"},"image":{"@id":"https:\/\/www.bb4books.com\/fr\/produit\/au-poil\/#primaryimage"},"thumbnailUrl":"https:\/\/www.bb4books.com\/wp-content\/uploads\/2021\/10\/AupoilCover.jpg","datePublished":"2021-10-25T02:25:49+00:00","dateModified":"2022-05-12T13:21:13+00:00","breadcrumb":{"@id":"https:\/\/www.bb4books.com\/fr\/produit\/au-poil\/#breadcrumb"},"inLanguage":"fr-FR","potentialAction":[{"@type":"ReadAction","target":["https:\/\/www.bb4books.com\/fr\/produit\/au-poil\/"]}]},{"@type":"ImageObject","inLanguage":"fr-FR","@id":"https:\/\/www.bb4books.com\/fr\/produit\/au-poil\/#primaryimage","url":"https:\/\/www.bb4books.com\/wp-content\/uploads\/2021\/10\/AupoilCover.jpg","contentUrl":"https:\/\/www.bb4books.com\/wp-content\/uploads\/2021\/10\/AupoilCover.jpg","width":1597,"height":2351},{"@type":"BreadcrumbList","@id":"https:\/\/www.bb4books.com\/fr\/produit\/au-poil\/#breadcrumb","itemListElement":[{"@type":"ListItem","position":1,"name":"Home","item":"https:\/\/www.bb4books.com\/fr\/"},{"@type":"ListItem","position":2,"name":"CATALOGUE","item":"https:\/\/www.bb4books.com\/fr\/catalog\/"},{"@type":"ListItem","position":3,"name":"Au poil !"}]},{"@type":"WebSite","@id":"https:\/\/www.bb4books.com\/#website","url":"https:\/\/www.bb4books.com\/","name":"bb4 books","description":"Librairie bb4 books","publisher":{"@id":"https:\/\/www.bb4books.com\/#organization"},"potentialAction":[{"@type":"SearchAction","target":{"@type":"EntryPoint","urlTemplate":"https:\/\/www.bb4books.com\/?s={search_term_string}"},"query-input":{"@type":"PropertyValueSpecification","valueRequired":true,"valueName":"search_term_string"}}],"inLanguage":"fr-FR"},{"@type":"Organization","@id":"https:\/\/www.bb4books.com\/#organization","name":"bb4books","url":"https:\/\/www.bb4books.com\/","logo":{"@type":"ImageObject","inLanguage":"fr-FR","@id":"https:\/\/www.bb4books.com\/#\/schema\/logo\/image\/","url":"https:\/\/www.bb4books.com\/wp-content\/uploads\/2022\/03\/mini-logo-bb4.png","contentUrl":"https:\/\/www.bb4books.com\/wp-content\/uploads\/2022\/03\/mini-logo-bb4.png","width":254,"height":200,"caption":"bb4books"},"image":{"@id":"https:\/\/www.bb4books.com\/#\/schema\/logo\/image\/"}}]}},"_links":{"self":[{"href":"https:\/\/www.bb4books.com\/fr\/wp-json\/wp\/v2\/product\/2829","targetHints":{"allow":["GET"]}}],"collection":[{"href":"https:\/\/www.bb4books.com\/fr\/wp-json\/wp\/v2\/product"}],"about":[{"href":"https:\/\/www.bb4books.com\/fr\/wp-json\/wp\/v2\/types\/product"}],"author":[{"embeddable":true,"href":"https:\/\/www.bb4books.com\/fr\/wp-json\/wp\/v2\/users\/4"}],"replies":[{"embeddable":true,"href":"https:\/\/www.bb4books.com\/fr\/wp-json\/wp\/v2\/comments?post=2829"}],"wp:featuredmedia":[{"embeddable":true,"href":"https:\/\/www.bb4books.com\/fr\/wp-json\/wp\/v2\/media\/2826"}],"wp:attachment":[{"href":"https:\/\/www.bb4books.com\/fr\/wp-json\/wp\/v2\/media?parent=2829"}],"wp:term":[{"taxonomy":"product_brand","embeddable":true,"href":"https:\/\/www.bb4books.com\/fr\/wp-json\/wp\/v2\/product_brand?post=2829"},{"taxonomy":"product_cat","embeddable":true,"href":"https:\/\/www.bb4books.com\/fr\/wp-json\/wp\/v2\/product_cat?post=2829"},{"taxonomy":"product_tag","embeddable":true,"href":"https:\/\/www.bb4books.com\/fr\/wp-json\/wp\/v2\/product_tag?post=2829"}],"curies":[{"name":"wp","href":"https:\/\/api.w.org\/{rel}","templated":true}]}}