{"id":3464,"date":"2022-02-04T15:43:34","date_gmt":"2022-02-04T15:43:34","guid":{"rendered":"https:\/\/www.bb4books.com\/?page_id=3464"},"modified":"2022-02-04T15:43:34","modified_gmt":"2022-02-04T15:43:34","slug":"adeline-westerling","status":"publish","type":"page","link":"https:\/\/www.bb4books.com\/fr\/nos-auteurs\/adeline-westerling\/","title":{"rendered":"Adeline Westerling"},"content":{"rendered":"<div class=\"gmail_default\">\n<div class=\"gmail_default\">Adeline Westerling\u00a0est comportementaliste canin.<\/div>\n<div class=\"gmail_default\">Passionn\u00e9e par le vivant, au moment de choisir son cursus, son choix s&rsquo;est port\u00e9 naturellement vers la communication, les interactions \u00e9tant au centre de ses pr\u00e9occupations. Puis l&rsquo;engagement envers ceux qui n&rsquo;ont pas droit au chapitre s&rsquo;est fait entendre. Travailler avec les animaux et r\u00e9tablir une symbiose entre l&rsquo;humain et le chien est devenu incontournable. Un deuxi\u00e8me cursus est venu compl\u00e9ter la palette d&rsquo;outils pour agir aupr\u00e8s des ma\u00eetres et de leurs poilus.<\/div>\n<div class=\"gmail_default\"><\/div>\n<div class=\"gmail_default\">Toutes les situations racont\u00e9es dans AU POIL ! sont issues\u00a0des \u00e9changes avec les ma\u00eetres et des\u00a0rencontres avec les chiens au cours de consultations.<\/div>\n<div class=\"gmail_default\">La mise en pratique dans l&rsquo;environnement du chien, dans sa maison, est essentielle pour modifier un comportement install\u00e9.<\/div>\n<div class=\"gmail_default\">En comprenant la dynamique de son espace et de ses interactions avec l&rsquo;ext\u00e9rieur, il suffit\u00a0de reprogrammer une nouvelle r\u00e9ponse \u00e0 une situation existante.<\/div>\n<\/div>\n","protected":false},"excerpt":{"rendered":"<p>Adeline Westerling\u00a0est comportementaliste canin. Passionn\u00e9e par le vivant, au moment de choisir son cursus, son choix s&rsquo;est port\u00e9 naturellement vers la communication, les interactions \u00e9tant au centre de ses pr\u00e9occupations. Puis l&rsquo;engagement envers ceux qui n&rsquo;ont pas droit au chapitre [&hellip;]<\/p>\n","protected":false},"author":4,"featured_media":0,"parent":2966,"menu_order":0,"comment_status":"closed","ping_status":"closed","template":"","meta":{"footnotes":""},"class_list":["post-3464","page","type-page","status-publish","hentry"],"yoast_head":"<!-- This site is optimized with the Yoast SEO plugin v25.9 - https:\/\/yoast.com\/wordpress\/plugins\/seo\/ -->\n<title>Adeline Westerling - bb4 books<\/title>\n<meta name=\"robots\" content=\"index, follow, max-snippet:-1, max-image-preview:large, max-video-preview:-1\" \/>\n<link rel=\"canonical\" href=\"https:\/\/www.bb4books.com\/fr\/nos-auteurs\/adeline-westerling\/\" \/>\n<meta property=\"og:locale\" content=\"fr_FR\" \/>\n<meta property=\"og:type\" content=\"article\" \/>\n<meta property=\"og:title\" content=\"Adeline Westerling - bb4 books\" \/>\n<meta property=\"og:description\" content=\"Adeline Westerling\u00a0est comportementaliste canin. Passionn\u00e9e par le vivant, au moment de choisir son cursus, son choix s&rsquo;est port\u00e9 naturellement vers la communication, les interactions \u00e9tant au centre de ses pr\u00e9occupations. Puis l&rsquo;engagement envers ceux qui n&rsquo;ont pas droit au chapitre [&hellip;]\" \/>\n<meta property=\"og:url\" content=\"https:\/\/www.bb4books.com\/fr\/nos-auteurs\/adeline-westerling\/\" \/>\n<meta property=\"og:site_name\" content=\"bb4 books\" \/>\n<meta property=\"og:image\" content=\"https:\/\/www.bb4books.com\/wp-content\/uploads\/2022\/09\/bb4books-logo-PNG-Linkedin-couverture.png\" \/>\n\t<meta property=\"og:image:width\" content=\"1584\" \/>\n\t<meta property=\"og:image:height\" content=\"396\" \/>\n\t<meta property=\"og:image:type\" content=\"image\/png\" \/>\n<meta name=\"twitter:card\" content=\"summary_large_image\" \/>\n<meta name=\"twitter:label1\" content=\"Dur\u00e9e de lecture estim\u00e9e\" \/>\n\t<meta name=\"twitter:data1\" content=\"1 minute\" \/>\n<script type=\"application\/ld+json\" class=\"yoast-schema-graph\">{\"@context\":\"https:\/\/schema.org\",\"@graph\":[{\"@type\":\"WebPage\",\"@id\":\"https:\/\/www.bb4books.com\/fr\/nos-auteurs\/adeline-westerling\/\",\"url\":\"https:\/\/www.bb4books.com\/fr\/nos-auteurs\/adeline-westerling\/\",\"name\":\"Adeline Westerling - bb4 books\",\"isPartOf\":{\"@id\":\"https:\/\/www.bb4books.com\/#website\"},\"datePublished\":\"2022-02-04T15:43:34+00:00\",\"breadcrumb\":{\"@id\":\"https:\/\/www.bb4books.com\/fr\/nos-auteurs\/adeline-westerling\/#breadcrumb\"},\"inLanguage\":\"fr-FR\",\"potentialAction\":[{\"@type\":\"ReadAction\",\"target\":[\"https:\/\/www.bb4books.com\/fr\/nos-auteurs\/adeline-westerling\/\"]}]},{\"@type\":\"BreadcrumbList\",\"@id\":\"https:\/\/www.bb4books.com\/fr\/nos-auteurs\/adeline-westerling\/#breadcrumb\",\"itemListElement\":[{\"@type\":\"ListItem\",\"position\":1,\"name\":\"Home\",\"item\":\"https:\/\/www.bb4books.com\/fr\/\"},{\"@type\":\"ListItem\",\"position\":2,\"name\":\"Nos auteurs\",\"item\":\"https:\/\/www.bb4books.com\/fr\/nos-auteurs\/\"},{\"@type\":\"ListItem\",\"position\":3,\"name\":\"Adeline Westerling\"}]},{\"@type\":\"WebSite\",\"@id\":\"https:\/\/www.bb4books.com\/#website\",\"url\":\"https:\/\/www.bb4books.com\/\",\"name\":\"bb4 books\",\"description\":\"Librairie bb4 books\",\"publisher\":{\"@id\":\"https:\/\/www.bb4books.com\/#organization\"},\"potentialAction\":[{\"@type\":\"SearchAction\",\"target\":{\"@type\":\"EntryPoint\",\"urlTemplate\":\"https:\/\/www.bb4books.com\/?s={search_term_string}\"},\"query-input\":{\"@type\":\"PropertyValueSpecification\",\"valueRequired\":true,\"valueName\":\"search_term_string\"}}],\"inLanguage\":\"fr-FR\"},{\"@type\":\"Organization\",\"@id\":\"https:\/\/www.bb4books.com\/#organization\",\"name\":\"bb4books\",\"url\":\"https:\/\/www.bb4books.com\/\",\"logo\":{\"@type\":\"ImageObject\",\"inLanguage\":\"fr-FR\",\"@id\":\"https:\/\/www.bb4books.com\/#\/schema\/logo\/image\/\",\"url\":\"https:\/\/www.bb4books.com\/wp-content\/uploads\/2022\/03\/mini-logo-bb4.png\",\"contentUrl\":\"https:\/\/www.bb4books.com\/wp-content\/uploads\/2022\/03\/mini-logo-bb4.png\",\"width\":254,\"height\":200,\"caption\":\"bb4books\"},\"image\":{\"@id\":\"https:\/\/www.bb4books.com\/#\/schema\/logo\/image\/\"}}]}<\/script>\n<!-- \/ Yoast SEO plugin. -->","yoast_head_json":{"title":"Adeline Westerling - bb4 books","robots":{"index":"index","follow":"follow","max-snippet":"max-snippet:-1","max-image-preview":"max-image-preview:large","max-video-preview":"max-video-preview:-1"},"canonical":"https:\/\/www.bb4books.com\/fr\/nos-auteurs\/adeline-westerling\/","og_locale":"fr_FR","og_type":"article","og_title":"Adeline Westerling - bb4 books","og_description":"Adeline Westerling\u00a0est comportementaliste canin. Passionn\u00e9e par le vivant, au moment de choisir son cursus, son choix s&rsquo;est port\u00e9 naturellement vers la communication, les interactions \u00e9tant au centre de ses pr\u00e9occupations. Puis l&rsquo;engagement envers ceux qui n&rsquo;ont pas droit au chapitre [&hellip;]","og_url":"https:\/\/www.bb4books.com\/fr\/nos-auteurs\/adeline-westerling\/","og_site_name":"bb4 books","og_image":[{"width":1584,"height":396,"url":"https:\/\/www.bb4books.com\/wp-content\/uploads\/2022\/09\/bb4books-logo-PNG-Linkedin-couverture.png","type":"image\/png"}],"twitter_card":"summary_large_image","twitter_misc":{"Dur\u00e9e de lecture estim\u00e9e":"1 minute"},"schema":{"@context":"https:\/\/schema.org","@graph":[{"@type":"WebPage","@id":"https:\/\/www.bb4books.com\/fr\/nos-auteurs\/adeline-westerling\/","url":"https:\/\/www.bb4books.com\/fr\/nos-auteurs\/adeline-westerling\/","name":"Adeline Westerling - bb4 books","isPartOf":{"@id":"https:\/\/www.bb4books.com\/#website"},"datePublished":"2022-02-04T15:43:34+00:00","breadcrumb":{"@id":"https:\/\/www.bb4books.com\/fr\/nos-auteurs\/adeline-westerling\/#breadcrumb"},"inLanguage":"fr-FR","potentialAction":[{"@type":"ReadAction","target":["https:\/\/www.bb4books.com\/fr\/nos-auteurs\/adeline-westerling\/"]}]},{"@type":"BreadcrumbList","@id":"https:\/\/www.bb4books.com\/fr\/nos-auteurs\/adeline-westerling\/#breadcrumb","itemListElement":[{"@type":"ListItem","position":1,"name":"Home","item":"https:\/\/www.bb4books.com\/fr\/"},{"@type":"ListItem","position":2,"name":"Nos auteurs","item":"https:\/\/www.bb4books.com\/fr\/nos-auteurs\/"},{"@type":"ListItem","position":3,"name":"Adeline Westerling"}]},{"@type":"WebSite","@id":"https:\/\/www.bb4books.com\/#website","url":"https:\/\/www.bb4books.com\/","name":"bb4 books","description":"Librairie bb4 books","publisher":{"@id":"https:\/\/www.bb4books.com\/#organization"},"potentialAction":[{"@type":"SearchAction","target":{"@type":"EntryPoint","urlTemplate":"https:\/\/www.bb4books.com\/?s={search_term_string}"},"query-input":{"@type":"PropertyValueSpecification","valueRequired":true,"valueName":"search_term_string"}}],"inLanguage":"fr-FR"},{"@type":"Organization","@id":"https:\/\/www.bb4books.com\/#organization","name":"bb4books","url":"https:\/\/www.bb4books.com\/","logo":{"@type":"ImageObject","inLanguage":"fr-FR","@id":"https:\/\/www.bb4books.com\/#\/schema\/logo\/image\/","url":"https:\/\/www.bb4books.com\/wp-content\/uploads\/2022\/03\/mini-logo-bb4.png","contentUrl":"https:\/\/www.bb4books.com\/wp-content\/uploads\/2022\/03\/mini-logo-bb4.png","width":254,"height":200,"caption":"bb4books"},"image":{"@id":"https:\/\/www.bb4books.com\/#\/schema\/logo\/image\/"}}]}},"_links":{"self":[{"href":"https:\/\/www.bb4books.com\/fr\/wp-json\/wp\/v2\/pages\/3464","targetHints":{"allow":["GET"]}}],"collection":[{"href":"https:\/\/www.bb4books.com\/fr\/wp-json\/wp\/v2\/pages"}],"about":[{"href":"https:\/\/www.bb4books.com\/fr\/wp-json\/wp\/v2\/types\/page"}],"author":[{"embeddable":true,"href":"https:\/\/www.bb4books.com\/fr\/wp-json\/wp\/v2\/users\/4"}],"replies":[{"embeddable":true,"href":"https:\/\/www.bb4books.com\/fr\/wp-json\/wp\/v2\/comments?post=3464"}],"version-history":[{"count":0,"href":"https:\/\/www.bb4books.com\/fr\/wp-json\/wp\/v2\/pages\/3464\/revisions"}],"up":[{"embeddable":true,"href":"https:\/\/www.bb4books.com\/fr\/wp-json\/wp\/v2\/pages\/2966"}],"wp:attachment":[{"href":"https:\/\/www.bb4books.com\/fr\/wp-json\/wp\/v2\/media?parent=3464"}],"curies":[{"name":"wp","href":"https:\/\/api.w.org\/{rel}","templated":true}]}}