{"id":3381,"date":"2022-02-03T13:33:13","date_gmt":"2022-02-03T13:33:13","guid":{"rendered":"https:\/\/www.bb4books.com\/?page_id=3381"},"modified":"2022-02-04T15:27:49","modified_gmt":"2022-02-04T15:27:49","slug":"auriane-mauyen","status":"publish","type":"page","link":"https:\/\/www.bb4books.com\/fr\/nos-auteurs\/auriane-mauyen\/","title":{"rendered":"Auriane Mauyen"},"content":{"rendered":"<div class=\"gmail_default\">Marketer passionn\u00e9e \u00e9voluant depuis la fin de ses \u00e9tudes dans le monde du marketing digital au sein d&rsquo;agences \u00e0 la pointe de la technologie, Auriane Mauyen est d&rsquo;un naturel curieux. Les r\u00e9seaux sociaux sont devenus l&rsquo;extension logique de son p\u00e9rim\u00e8tre d&rsquo;expression.<\/div>\n<div class=\"gmail_default\"><\/div>\n<div class=\"gmail_default\">D\u00e9couvrant les ficelles, les diff\u00e9rences, les enjeux et les avantages de chacune des audiences et leur compl\u00e9mentarit\u00e9 pour partager ses trouvailles\u00a0et les agencer en un contenu pratique a \u00e9t\u00e9 un exercice de haute voltige.<\/div>\n<div class=\"gmail_default\"><\/div>\n<div class=\"gmail_default\">Maniant la plume \u00e0 destination d&rsquo;un d\u00e9butant ou d&rsquo;un expert de l&rsquo;une ou l&rsquo;autre plateforme, Auriane emm\u00e8ne le lecteur au c\u0153ur des r\u00e9seaux sociaux. Didactique de la premi\u00e8re page au point final.<\/div>\n","protected":false},"excerpt":{"rendered":"<p>Marketer passionn\u00e9e \u00e9voluant depuis la fin de ses \u00e9tudes dans le monde du marketing digital au sein d&rsquo;agences \u00e0 la pointe de la technologie, Auriane Mauyen est d&rsquo;un naturel curieux. Les r\u00e9seaux sociaux sont devenus l&rsquo;extension logique de son p\u00e9rim\u00e8tre [&hellip;]<\/p>\n","protected":false},"author":4,"featured_media":0,"parent":2966,"menu_order":0,"comment_status":"closed","ping_status":"closed","template":"","meta":{"footnotes":""},"class_list":["post-3381","page","type-page","status-publish","hentry"],"yoast_head":"<!-- This site is optimized with the Yoast SEO plugin v25.9 - https:\/\/yoast.com\/wordpress\/plugins\/seo\/ -->\n<title>Auriane Mauyen - bb4 books<\/title>\n<meta name=\"robots\" content=\"index, follow, max-snippet:-1, max-image-preview:large, max-video-preview:-1\" \/>\n<link rel=\"canonical\" href=\"https:\/\/www.bb4books.com\/fr\/nos-auteurs\/auriane-mauyen\/\" \/>\n<meta property=\"og:locale\" content=\"fr_FR\" \/>\n<meta property=\"og:type\" content=\"article\" \/>\n<meta property=\"og:title\" content=\"Auriane Mauyen - bb4 books\" \/>\n<meta property=\"og:description\" content=\"Marketer passionn\u00e9e \u00e9voluant depuis la fin de ses \u00e9tudes dans le monde du marketing digital au sein d&rsquo;agences \u00e0 la pointe de la technologie, Auriane Mauyen est d&rsquo;un naturel curieux. Les r\u00e9seaux sociaux sont devenus l&rsquo;extension logique de son p\u00e9rim\u00e8tre [&hellip;]\" \/>\n<meta property=\"og:url\" content=\"https:\/\/www.bb4books.com\/fr\/nos-auteurs\/auriane-mauyen\/\" \/>\n<meta property=\"og:site_name\" content=\"bb4 books\" \/>\n<meta property=\"article:modified_time\" content=\"2022-02-04T15:27:49+00:00\" \/>\n<meta property=\"og:image\" content=\"https:\/\/www.bb4books.com\/wp-content\/uploads\/2022\/09\/bb4books-logo-PNG-Linkedin-couverture.png\" \/>\n\t<meta property=\"og:image:width\" content=\"1584\" \/>\n\t<meta property=\"og:image:height\" content=\"396\" \/>\n\t<meta property=\"og:image:type\" content=\"image\/png\" \/>\n<meta name=\"twitter:card\" content=\"summary_large_image\" \/>\n<script type=\"application\/ld+json\" class=\"yoast-schema-graph\">{\"@context\":\"https:\/\/schema.org\",\"@graph\":[{\"@type\":\"WebPage\",\"@id\":\"https:\/\/www.bb4books.com\/fr\/nos-auteurs\/auriane-mauyen\/\",\"url\":\"https:\/\/www.bb4books.com\/fr\/nos-auteurs\/auriane-mauyen\/\",\"name\":\"Auriane Mauyen - bb4 books\",\"isPartOf\":{\"@id\":\"https:\/\/www.bb4books.com\/#website\"},\"datePublished\":\"2022-02-03T13:33:13+00:00\",\"dateModified\":\"2022-02-04T15:27:49+00:00\",\"breadcrumb\":{\"@id\":\"https:\/\/www.bb4books.com\/fr\/nos-auteurs\/auriane-mauyen\/#breadcrumb\"},\"inLanguage\":\"fr-FR\",\"potentialAction\":[{\"@type\":\"ReadAction\",\"target\":[\"https:\/\/www.bb4books.com\/fr\/nos-auteurs\/auriane-mauyen\/\"]}]},{\"@type\":\"BreadcrumbList\",\"@id\":\"https:\/\/www.bb4books.com\/fr\/nos-auteurs\/auriane-mauyen\/#breadcrumb\",\"itemListElement\":[{\"@type\":\"ListItem\",\"position\":1,\"name\":\"Home\",\"item\":\"https:\/\/www.bb4books.com\/fr\/\"},{\"@type\":\"ListItem\",\"position\":2,\"name\":\"Nos auteurs\",\"item\":\"https:\/\/www.bb4books.com\/fr\/nos-auteurs\/\"},{\"@type\":\"ListItem\",\"position\":3,\"name\":\"Auriane Mauyen\"}]},{\"@type\":\"WebSite\",\"@id\":\"https:\/\/www.bb4books.com\/#website\",\"url\":\"https:\/\/www.bb4books.com\/\",\"name\":\"bb4 books\",\"description\":\"Librairie bb4 books\",\"publisher\":{\"@id\":\"https:\/\/www.bb4books.com\/#organization\"},\"potentialAction\":[{\"@type\":\"SearchAction\",\"target\":{\"@type\":\"EntryPoint\",\"urlTemplate\":\"https:\/\/www.bb4books.com\/?s={search_term_string}\"},\"query-input\":{\"@type\":\"PropertyValueSpecification\",\"valueRequired\":true,\"valueName\":\"search_term_string\"}}],\"inLanguage\":\"fr-FR\"},{\"@type\":\"Organization\",\"@id\":\"https:\/\/www.bb4books.com\/#organization\",\"name\":\"bb4books\",\"url\":\"https:\/\/www.bb4books.com\/\",\"logo\":{\"@type\":\"ImageObject\",\"inLanguage\":\"fr-FR\",\"@id\":\"https:\/\/www.bb4books.com\/#\/schema\/logo\/image\/\",\"url\":\"https:\/\/www.bb4books.com\/wp-content\/uploads\/2022\/03\/mini-logo-bb4.png\",\"contentUrl\":\"https:\/\/www.bb4books.com\/wp-content\/uploads\/2022\/03\/mini-logo-bb4.png\",\"width\":254,\"height\":200,\"caption\":\"bb4books\"},\"image\":{\"@id\":\"https:\/\/www.bb4books.com\/#\/schema\/logo\/image\/\"}}]}<\/script>\n<!-- \/ Yoast SEO plugin. -->","yoast_head_json":{"title":"Auriane Mauyen - bb4 books","robots":{"index":"index","follow":"follow","max-snippet":"max-snippet:-1","max-image-preview":"max-image-preview:large","max-video-preview":"max-video-preview:-1"},"canonical":"https:\/\/www.bb4books.com\/fr\/nos-auteurs\/auriane-mauyen\/","og_locale":"fr_FR","og_type":"article","og_title":"Auriane Mauyen - bb4 books","og_description":"Marketer passionn\u00e9e \u00e9voluant depuis la fin de ses \u00e9tudes dans le monde du marketing digital au sein d&rsquo;agences \u00e0 la pointe de la technologie, Auriane Mauyen est d&rsquo;un naturel curieux. Les r\u00e9seaux sociaux sont devenus l&rsquo;extension logique de son p\u00e9rim\u00e8tre [&hellip;]","og_url":"https:\/\/www.bb4books.com\/fr\/nos-auteurs\/auriane-mauyen\/","og_site_name":"bb4 books","article_modified_time":"2022-02-04T15:27:49+00:00","og_image":[{"width":1584,"height":396,"url":"https:\/\/www.bb4books.com\/wp-content\/uploads\/2022\/09\/bb4books-logo-PNG-Linkedin-couverture.png","type":"image\/png"}],"twitter_card":"summary_large_image","schema":{"@context":"https:\/\/schema.org","@graph":[{"@type":"WebPage","@id":"https:\/\/www.bb4books.com\/fr\/nos-auteurs\/auriane-mauyen\/","url":"https:\/\/www.bb4books.com\/fr\/nos-auteurs\/auriane-mauyen\/","name":"Auriane Mauyen - bb4 books","isPartOf":{"@id":"https:\/\/www.bb4books.com\/#website"},"datePublished":"2022-02-03T13:33:13+00:00","dateModified":"2022-02-04T15:27:49+00:00","breadcrumb":{"@id":"https:\/\/www.bb4books.com\/fr\/nos-auteurs\/auriane-mauyen\/#breadcrumb"},"inLanguage":"fr-FR","potentialAction":[{"@type":"ReadAction","target":["https:\/\/www.bb4books.com\/fr\/nos-auteurs\/auriane-mauyen\/"]}]},{"@type":"BreadcrumbList","@id":"https:\/\/www.bb4books.com\/fr\/nos-auteurs\/auriane-mauyen\/#breadcrumb","itemListElement":[{"@type":"ListItem","position":1,"name":"Home","item":"https:\/\/www.bb4books.com\/fr\/"},{"@type":"ListItem","position":2,"name":"Nos auteurs","item":"https:\/\/www.bb4books.com\/fr\/nos-auteurs\/"},{"@type":"ListItem","position":3,"name":"Auriane Mauyen"}]},{"@type":"WebSite","@id":"https:\/\/www.bb4books.com\/#website","url":"https:\/\/www.bb4books.com\/","name":"bb4 books","description":"Librairie bb4 books","publisher":{"@id":"https:\/\/www.bb4books.com\/#organization"},"potentialAction":[{"@type":"SearchAction","target":{"@type":"EntryPoint","urlTemplate":"https:\/\/www.bb4books.com\/?s={search_term_string}"},"query-input":{"@type":"PropertyValueSpecification","valueRequired":true,"valueName":"search_term_string"}}],"inLanguage":"fr-FR"},{"@type":"Organization","@id":"https:\/\/www.bb4books.com\/#organization","name":"bb4books","url":"https:\/\/www.bb4books.com\/","logo":{"@type":"ImageObject","inLanguage":"fr-FR","@id":"https:\/\/www.bb4books.com\/#\/schema\/logo\/image\/","url":"https:\/\/www.bb4books.com\/wp-content\/uploads\/2022\/03\/mini-logo-bb4.png","contentUrl":"https:\/\/www.bb4books.com\/wp-content\/uploads\/2022\/03\/mini-logo-bb4.png","width":254,"height":200,"caption":"bb4books"},"image":{"@id":"https:\/\/www.bb4books.com\/#\/schema\/logo\/image\/"}}]}},"_links":{"self":[{"href":"https:\/\/www.bb4books.com\/fr\/wp-json\/wp\/v2\/pages\/3381","targetHints":{"allow":["GET"]}}],"collection":[{"href":"https:\/\/www.bb4books.com\/fr\/wp-json\/wp\/v2\/pages"}],"about":[{"href":"https:\/\/www.bb4books.com\/fr\/wp-json\/wp\/v2\/types\/page"}],"author":[{"embeddable":true,"href":"https:\/\/www.bb4books.com\/fr\/wp-json\/wp\/v2\/users\/4"}],"replies":[{"embeddable":true,"href":"https:\/\/www.bb4books.com\/fr\/wp-json\/wp\/v2\/comments?post=3381"}],"version-history":[{"count":0,"href":"https:\/\/www.bb4books.com\/fr\/wp-json\/wp\/v2\/pages\/3381\/revisions"}],"up":[{"embeddable":true,"href":"https:\/\/www.bb4books.com\/fr\/wp-json\/wp\/v2\/pages\/2966"}],"wp:attachment":[{"href":"https:\/\/www.bb4books.com\/fr\/wp-json\/wp\/v2\/media?parent=3381"}],"curies":[{"name":"wp","href":"https:\/\/api.w.org\/{rel}","templated":true}]}}