{"id":3377,"date":"2022-02-02T13:54:27","date_gmt":"2022-02-02T13:54:27","guid":{"rendered":"https:\/\/www.bb4books.com\/?page_id=3377"},"modified":"2022-02-02T13:54:48","modified_gmt":"2022-02-02T13:54:48","slug":"mini-cv","status":"publish","type":"page","link":"https:\/\/www.bb4books.com\/fr\/mini-cv\/","title":{"rendered":"Mini CV"},"content":{"rendered":"\n<p>Apr\u00e8s plus de 15 ans dans le secteur du Marketing Digital &#8211; dont 12 \u00e0 la t\u00eate de l&rsquo;agence Marketing blue2purple &#8211; j&rsquo;ai eu envie d&rsquo;explorer un autre continent. Le voyage au pays de l&rsquo;industrie du livre m&rsquo;a attir\u00e9.&nbsp;<\/p>\n\n\n\n<p>J&rsquo;ai toujours eu une bonne plume. Parfois corrosive, souvent impertinente (crf mes posts sur LinkedIn ci-dessous), j&rsquo;aime l&rsquo;acte de nuancer mon propos. De choisir le bon mot. Et surtout celui d&rsquo;assumer les double sens, la finesse de la langue fran\u00e7aise.&nbsp;<\/p>\n\n\n\n<p>Accompagner l&rsquo;auteur \u00e0 chaque \u00e9tape de la publication depuis la soumission du manuscrit jusqu&rsquo;au programme de r\u00e9mun\u00e9ration des droits d&rsquo;auteur est un challenge intellectuellement int\u00e9ressant.&nbsp;<\/p>\n\n\n\n<p>J&rsquo;ai toujours aim\u00e9 travailler en \u00e9quipe, collaborer avec les meilleurs professionnels pour d\u00e9livrer un r\u00e9sultat de qualit\u00e9. Choisir de m&rsquo;entourer<\/p>\n","protected":false},"excerpt":{"rendered":"<p>Apr\u00e8s plus de 15 ans dans le secteur du Marketing Digital &#8211; dont 12 \u00e0 la t\u00eate de l&rsquo;agence Marketing blue2purple &#8211; j&rsquo;ai eu envie d&rsquo;explorer un autre continent. Le voyage au pays de l&rsquo;industrie du livre m&rsquo;a attir\u00e9.&nbsp; J&rsquo;ai [&hellip;]<\/p>\n","protected":false},"author":4,"featured_media":0,"parent":0,"menu_order":0,"comment_status":"closed","ping_status":"closed","template":"","meta":{"footnotes":""},"class_list":["post-3377","page","type-page","status-publish","hentry"],"yoast_head":"<!-- This site is optimized with the Yoast SEO plugin v25.9 - https:\/\/yoast.com\/wordpress\/plugins\/seo\/ -->\n<title>Mini CV - bb4 books<\/title>\n<meta name=\"robots\" content=\"index, follow, max-snippet:-1, max-image-preview:large, max-video-preview:-1\" \/>\n<link rel=\"canonical\" href=\"https:\/\/www.bb4books.com\/fr\/mini-cv\/\" \/>\n<meta property=\"og:locale\" content=\"fr_FR\" \/>\n<meta property=\"og:type\" content=\"article\" \/>\n<meta property=\"og:title\" content=\"Mini CV - bb4 books\" \/>\n<meta property=\"og:description\" content=\"Apr\u00e8s plus de 15 ans dans le secteur du Marketing Digital &#8211; dont 12 \u00e0 la t\u00eate de l&rsquo;agence Marketing blue2purple &#8211; j&rsquo;ai eu envie d&rsquo;explorer un autre continent. Le voyage au pays de l&rsquo;industrie du livre m&rsquo;a attir\u00e9.&nbsp; J&rsquo;ai [&hellip;]\" \/>\n<meta property=\"og:url\" content=\"https:\/\/www.bb4books.com\/fr\/mini-cv\/\" \/>\n<meta property=\"og:site_name\" content=\"bb4 books\" \/>\n<meta property=\"article:modified_time\" content=\"2022-02-02T13:54:48+00:00\" \/>\n<meta property=\"og:image\" content=\"https:\/\/www.bb4books.com\/wp-content\/uploads\/2022\/09\/bb4books-logo-PNG-Linkedin-couverture.png\" \/>\n\t<meta property=\"og:image:width\" content=\"1584\" \/>\n\t<meta property=\"og:image:height\" content=\"396\" \/>\n\t<meta property=\"og:image:type\" content=\"image\/png\" \/>\n<meta name=\"twitter:card\" content=\"summary_large_image\" \/>\n<meta name=\"twitter:label1\" content=\"Dur\u00e9e de lecture estim\u00e9e\" \/>\n\t<meta name=\"twitter:data1\" content=\"1 minute\" \/>\n<script type=\"application\/ld+json\" class=\"yoast-schema-graph\">{\"@context\":\"https:\/\/schema.org\",\"@graph\":[{\"@type\":\"WebPage\",\"@id\":\"https:\/\/www.bb4books.com\/fr\/mini-cv\/\",\"url\":\"https:\/\/www.bb4books.com\/fr\/mini-cv\/\",\"name\":\"Mini CV - bb4 books\",\"isPartOf\":{\"@id\":\"https:\/\/www.bb4books.com\/#website\"},\"datePublished\":\"2022-02-02T13:54:27+00:00\",\"dateModified\":\"2022-02-02T13:54:48+00:00\",\"breadcrumb\":{\"@id\":\"https:\/\/www.bb4books.com\/fr\/mini-cv\/#breadcrumb\"},\"inLanguage\":\"fr-FR\",\"potentialAction\":[{\"@type\":\"ReadAction\",\"target\":[\"https:\/\/www.bb4books.com\/fr\/mini-cv\/\"]}]},{\"@type\":\"BreadcrumbList\",\"@id\":\"https:\/\/www.bb4books.com\/fr\/mini-cv\/#breadcrumb\",\"itemListElement\":[{\"@type\":\"ListItem\",\"position\":1,\"name\":\"Home\",\"item\":\"https:\/\/www.bb4books.com\/fr\/\"},{\"@type\":\"ListItem\",\"position\":2,\"name\":\"Mini CV\"}]},{\"@type\":\"WebSite\",\"@id\":\"https:\/\/www.bb4books.com\/#website\",\"url\":\"https:\/\/www.bb4books.com\/\",\"name\":\"bb4 books\",\"description\":\"Librairie bb4 books\",\"publisher\":{\"@id\":\"https:\/\/www.bb4books.com\/#organization\"},\"potentialAction\":[{\"@type\":\"SearchAction\",\"target\":{\"@type\":\"EntryPoint\",\"urlTemplate\":\"https:\/\/www.bb4books.com\/?s={search_term_string}\"},\"query-input\":{\"@type\":\"PropertyValueSpecification\",\"valueRequired\":true,\"valueName\":\"search_term_string\"}}],\"inLanguage\":\"fr-FR\"},{\"@type\":\"Organization\",\"@id\":\"https:\/\/www.bb4books.com\/#organization\",\"name\":\"bb4books\",\"url\":\"https:\/\/www.bb4books.com\/\",\"logo\":{\"@type\":\"ImageObject\",\"inLanguage\":\"fr-FR\",\"@id\":\"https:\/\/www.bb4books.com\/#\/schema\/logo\/image\/\",\"url\":\"https:\/\/www.bb4books.com\/wp-content\/uploads\/2022\/03\/mini-logo-bb4.png\",\"contentUrl\":\"https:\/\/www.bb4books.com\/wp-content\/uploads\/2022\/03\/mini-logo-bb4.png\",\"width\":254,\"height\":200,\"caption\":\"bb4books\"},\"image\":{\"@id\":\"https:\/\/www.bb4books.com\/#\/schema\/logo\/image\/\"}}]}<\/script>\n<!-- \/ Yoast SEO plugin. -->","yoast_head_json":{"title":"Mini CV - bb4 books","robots":{"index":"index","follow":"follow","max-snippet":"max-snippet:-1","max-image-preview":"max-image-preview:large","max-video-preview":"max-video-preview:-1"},"canonical":"https:\/\/www.bb4books.com\/fr\/mini-cv\/","og_locale":"fr_FR","og_type":"article","og_title":"Mini CV - bb4 books","og_description":"Apr\u00e8s plus de 15 ans dans le secteur du Marketing Digital &#8211; dont 12 \u00e0 la t\u00eate de l&rsquo;agence Marketing blue2purple &#8211; j&rsquo;ai eu envie d&rsquo;explorer un autre continent. Le voyage au pays de l&rsquo;industrie du livre m&rsquo;a attir\u00e9.&nbsp; J&rsquo;ai [&hellip;]","og_url":"https:\/\/www.bb4books.com\/fr\/mini-cv\/","og_site_name":"bb4 books","article_modified_time":"2022-02-02T13:54:48+00:00","og_image":[{"width":1584,"height":396,"url":"https:\/\/www.bb4books.com\/wp-content\/uploads\/2022\/09\/bb4books-logo-PNG-Linkedin-couverture.png","type":"image\/png"}],"twitter_card":"summary_large_image","twitter_misc":{"Dur\u00e9e de lecture estim\u00e9e":"1 minute"},"schema":{"@context":"https:\/\/schema.org","@graph":[{"@type":"WebPage","@id":"https:\/\/www.bb4books.com\/fr\/mini-cv\/","url":"https:\/\/www.bb4books.com\/fr\/mini-cv\/","name":"Mini CV - bb4 books","isPartOf":{"@id":"https:\/\/www.bb4books.com\/#website"},"datePublished":"2022-02-02T13:54:27+00:00","dateModified":"2022-02-02T13:54:48+00:00","breadcrumb":{"@id":"https:\/\/www.bb4books.com\/fr\/mini-cv\/#breadcrumb"},"inLanguage":"fr-FR","potentialAction":[{"@type":"ReadAction","target":["https:\/\/www.bb4books.com\/fr\/mini-cv\/"]}]},{"@type":"BreadcrumbList","@id":"https:\/\/www.bb4books.com\/fr\/mini-cv\/#breadcrumb","itemListElement":[{"@type":"ListItem","position":1,"name":"Home","item":"https:\/\/www.bb4books.com\/fr\/"},{"@type":"ListItem","position":2,"name":"Mini CV"}]},{"@type":"WebSite","@id":"https:\/\/www.bb4books.com\/#website","url":"https:\/\/www.bb4books.com\/","name":"bb4 books","description":"Librairie bb4 books","publisher":{"@id":"https:\/\/www.bb4books.com\/#organization"},"potentialAction":[{"@type":"SearchAction","target":{"@type":"EntryPoint","urlTemplate":"https:\/\/www.bb4books.com\/?s={search_term_string}"},"query-input":{"@type":"PropertyValueSpecification","valueRequired":true,"valueName":"search_term_string"}}],"inLanguage":"fr-FR"},{"@type":"Organization","@id":"https:\/\/www.bb4books.com\/#organization","name":"bb4books","url":"https:\/\/www.bb4books.com\/","logo":{"@type":"ImageObject","inLanguage":"fr-FR","@id":"https:\/\/www.bb4books.com\/#\/schema\/logo\/image\/","url":"https:\/\/www.bb4books.com\/wp-content\/uploads\/2022\/03\/mini-logo-bb4.png","contentUrl":"https:\/\/www.bb4books.com\/wp-content\/uploads\/2022\/03\/mini-logo-bb4.png","width":254,"height":200,"caption":"bb4books"},"image":{"@id":"https:\/\/www.bb4books.com\/#\/schema\/logo\/image\/"}}]}},"_links":{"self":[{"href":"https:\/\/www.bb4books.com\/fr\/wp-json\/wp\/v2\/pages\/3377","targetHints":{"allow":["GET"]}}],"collection":[{"href":"https:\/\/www.bb4books.com\/fr\/wp-json\/wp\/v2\/pages"}],"about":[{"href":"https:\/\/www.bb4books.com\/fr\/wp-json\/wp\/v2\/types\/page"}],"author":[{"embeddable":true,"href":"https:\/\/www.bb4books.com\/fr\/wp-json\/wp\/v2\/users\/4"}],"replies":[{"embeddable":true,"href":"https:\/\/www.bb4books.com\/fr\/wp-json\/wp\/v2\/comments?post=3377"}],"version-history":[{"count":0,"href":"https:\/\/www.bb4books.com\/fr\/wp-json\/wp\/v2\/pages\/3377\/revisions"}],"wp:attachment":[{"href":"https:\/\/www.bb4books.com\/fr\/wp-json\/wp\/v2\/media?parent=3377"}],"curies":[{"name":"wp","href":"https:\/\/api.w.org\/{rel}","templated":true}]}}