{"id":3344,"date":"2022-02-01T12:49:52","date_gmt":"2022-02-01T12:49:52","guid":{"rendered":"https:\/\/www.bb4books.com\/?page_id=3344"},"modified":"2022-02-07T12:02:33","modified_gmt":"2022-02-07T12:02:33","slug":"georges-alexandre-hanin","status":"publish","type":"page","link":"https:\/\/www.bb4books.com\/fr\/nos-auteurs\/georges-alexandre-hanin\/","title":{"rendered":"Georges-Alexandre Hanin"},"content":{"rendered":"<p>[vc_row][vc_column css=\u00a0\u00bb.vc_custom_1644223664650{margin-bottom: 50px !important;}\u00a0\u00bb][vc_single_image source=\u00a0\u00bbfeatured_image\u00a0\u00bb img_size=\u00a0\u00bbfull\u00a0\u00bb alignment=\u00a0\u00bbcenter\u00a0\u00bb style=\u00a0\u00bbvc_box_shadow\u00a0\u00bb][\/vc_column][\/vc_row][vc_row][vc_column][vc_column_text]<\/p>\n<p dir=\"ltr\">Entrepreneur ayant la volont\u00e9 de r\u00e9ussir chevill\u00e9e au corps, que ce soit au sein de ses \u00e9quipes ou dans le d\u00e9passement de soi au cours de performances sportives, Georges-Alexandre Hanin est un homme qui ne peut s\u2019emp\u00eacher d\u2019avancer, de repousser les limites. Toujours les siennes et \u00e0 chaque fois qu\u2019il en a l\u2019opportunit\u00e9, celles des autres.<\/p>\n<p>&nbsp;<\/p>\n<p dir=\"ltr\">La d\u00e9marche de l\u2019\u00e9criture est devenue un rendez-vous avec lui-m\u00eame, une fa\u00e7on de se connecter \u00e0 l\u2019essentiel qu\u2019est la transmission de la connaissance. Avec ce premier opus, Georges-Alexandre signe ses d\u00e9buts dans l\u2019\u00e9cole de la vulgarisation. Parce que trop de jargon tue le message et n\u2019est en rien la garantie d\u2019\u00eatre un communicant de talent, l\u2019exercice r\u00e9alis\u00e9 ici est une petite performance. Rendre accessible \u00e0 tous une comp\u00e9tence technique, \u00e0 son propre rythme, sans devoir faire appel \u00e0 un sous-traitant.<\/p>\n<p>[\/vc_column_text][\/vc_column][\/vc_row]<\/p>\n","protected":false},"excerpt":{"rendered":"<p>[vc_row][vc_column css=\u00a0\u00bb.vc_custom_1644223664650{margin-bottom: 50px !important;}\u00a0\u00bb][vc_single_image source=\u00a0\u00bbfeatured_image\u00a0\u00bb img_size=\u00a0\u00bbfull\u00a0\u00bb alignment=\u00a0\u00bbcenter\u00a0\u00bb style=\u00a0\u00bbvc_box_shadow\u00a0\u00bb][\/vc_column][\/vc_row][vc_row][vc_column][vc_column_text] Entrepreneur ayant la volont\u00e9 de r\u00e9ussir chevill\u00e9e au corps, que ce soit au sein de ses \u00e9quipes ou dans le d\u00e9passement de soi au cours de performances sportives, Georges-Alexandre Hanin est un [&hellip;]<\/p>\n","protected":false},"author":4,"featured_media":3547,"parent":2966,"menu_order":0,"comment_status":"closed","ping_status":"closed","template":"","meta":{"footnotes":""},"class_list":["post-3344","page","type-page","status-publish","has-post-thumbnail","hentry"],"yoast_head":"<!-- This site is optimized with the Yoast SEO plugin v25.9 - https:\/\/yoast.com\/wordpress\/plugins\/seo\/ -->\n<title>Georges-Alexandre Hanin - bb4 books<\/title>\n<meta name=\"robots\" content=\"index, follow, max-snippet:-1, max-image-preview:large, max-video-preview:-1\" \/>\n<link rel=\"canonical\" href=\"https:\/\/www.bb4books.com\/fr\/nos-auteurs\/georges-alexandre-hanin\/\" \/>\n<meta property=\"og:locale\" content=\"fr_FR\" \/>\n<meta property=\"og:type\" content=\"article\" \/>\n<meta property=\"og:title\" content=\"Georges-Alexandre Hanin - bb4 books\" \/>\n<meta property=\"og:description\" content=\"[vc_row][vc_column css=\u00a0\u00bb.vc_custom_1644223664650{margin-bottom: 50px !important;}\u00a0\u00bb][vc_single_image source=\u00a0\u00bbfeatured_image\u00a0\u00bb img_size=\u00a0\u00bbfull\u00a0\u00bb alignment=\u00a0\u00bbcenter\u00a0\u00bb style=\u00a0\u00bbvc_box_shadow\u00a0\u00bb][\/vc_column][\/vc_row][vc_row][vc_column][vc_column_text] Entrepreneur ayant la volont\u00e9 de r\u00e9ussir chevill\u00e9e au corps, que ce soit au sein de ses \u00e9quipes ou dans le d\u00e9passement de soi au cours de performances sportives, Georges-Alexandre Hanin est un [&hellip;]\" \/>\n<meta property=\"og:url\" content=\"https:\/\/www.bb4books.com\/fr\/nos-auteurs\/georges-alexandre-hanin\/\" \/>\n<meta property=\"og:site_name\" content=\"bb4 books\" \/>\n<meta property=\"article:modified_time\" content=\"2022-02-07T12:02:33+00:00\" \/>\n<meta property=\"og:image\" content=\"https:\/\/www.bb4books.com\/wp-content\/uploads\/2022\/02\/GA.png\" \/>\n\t<meta property=\"og:image:width\" content=\"4240\" \/>\n\t<meta property=\"og:image:height\" content=\"1504\" \/>\n\t<meta property=\"og:image:type\" content=\"image\/png\" \/>\n<meta name=\"twitter:card\" content=\"summary_large_image\" \/>\n<meta name=\"twitter:label1\" content=\"Dur\u00e9e de lecture estim\u00e9e\" \/>\n\t<meta name=\"twitter:data1\" content=\"1 minute\" \/>\n<script type=\"application\/ld+json\" class=\"yoast-schema-graph\">{\"@context\":\"https:\/\/schema.org\",\"@graph\":[{\"@type\":\"WebPage\",\"@id\":\"https:\/\/www.bb4books.com\/fr\/nos-auteurs\/georges-alexandre-hanin\/\",\"url\":\"https:\/\/www.bb4books.com\/fr\/nos-auteurs\/georges-alexandre-hanin\/\",\"name\":\"Georges-Alexandre Hanin - bb4 books\",\"isPartOf\":{\"@id\":\"https:\/\/www.bb4books.com\/#website\"},\"primaryImageOfPage\":{\"@id\":\"https:\/\/www.bb4books.com\/fr\/nos-auteurs\/georges-alexandre-hanin\/#primaryimage\"},\"image\":{\"@id\":\"https:\/\/www.bb4books.com\/fr\/nos-auteurs\/georges-alexandre-hanin\/#primaryimage\"},\"thumbnailUrl\":\"https:\/\/www.bb4books.com\/wp-content\/uploads\/2022\/02\/GA.png\",\"datePublished\":\"2022-02-01T12:49:52+00:00\",\"dateModified\":\"2022-02-07T12:02:33+00:00\",\"breadcrumb\":{\"@id\":\"https:\/\/www.bb4books.com\/fr\/nos-auteurs\/georges-alexandre-hanin\/#breadcrumb\"},\"inLanguage\":\"fr-FR\",\"potentialAction\":[{\"@type\":\"ReadAction\",\"target\":[\"https:\/\/www.bb4books.com\/fr\/nos-auteurs\/georges-alexandre-hanin\/\"]}]},{\"@type\":\"ImageObject\",\"inLanguage\":\"fr-FR\",\"@id\":\"https:\/\/www.bb4books.com\/fr\/nos-auteurs\/georges-alexandre-hanin\/#primaryimage\",\"url\":\"https:\/\/www.bb4books.com\/wp-content\/uploads\/2022\/02\/GA.png\",\"contentUrl\":\"https:\/\/www.bb4books.com\/wp-content\/uploads\/2022\/02\/GA.png\",\"width\":4240,\"height\":1504},{\"@type\":\"BreadcrumbList\",\"@id\":\"https:\/\/www.bb4books.com\/fr\/nos-auteurs\/georges-alexandre-hanin\/#breadcrumb\",\"itemListElement\":[{\"@type\":\"ListItem\",\"position\":1,\"name\":\"Home\",\"item\":\"https:\/\/www.bb4books.com\/fr\/\"},{\"@type\":\"ListItem\",\"position\":2,\"name\":\"Nos auteurs\",\"item\":\"https:\/\/www.bb4books.com\/fr\/nos-auteurs\/\"},{\"@type\":\"ListItem\",\"position\":3,\"name\":\"Georges-Alexandre Hanin\"}]},{\"@type\":\"WebSite\",\"@id\":\"https:\/\/www.bb4books.com\/#website\",\"url\":\"https:\/\/www.bb4books.com\/\",\"name\":\"bb4 books\",\"description\":\"Librairie bb4 books\",\"publisher\":{\"@id\":\"https:\/\/www.bb4books.com\/#organization\"},\"potentialAction\":[{\"@type\":\"SearchAction\",\"target\":{\"@type\":\"EntryPoint\",\"urlTemplate\":\"https:\/\/www.bb4books.com\/?s={search_term_string}\"},\"query-input\":{\"@type\":\"PropertyValueSpecification\",\"valueRequired\":true,\"valueName\":\"search_term_string\"}}],\"inLanguage\":\"fr-FR\"},{\"@type\":\"Organization\",\"@id\":\"https:\/\/www.bb4books.com\/#organization\",\"name\":\"bb4books\",\"url\":\"https:\/\/www.bb4books.com\/\",\"logo\":{\"@type\":\"ImageObject\",\"inLanguage\":\"fr-FR\",\"@id\":\"https:\/\/www.bb4books.com\/#\/schema\/logo\/image\/\",\"url\":\"https:\/\/www.bb4books.com\/wp-content\/uploads\/2022\/03\/mini-logo-bb4.png\",\"contentUrl\":\"https:\/\/www.bb4books.com\/wp-content\/uploads\/2022\/03\/mini-logo-bb4.png\",\"width\":254,\"height\":200,\"caption\":\"bb4books\"},\"image\":{\"@id\":\"https:\/\/www.bb4books.com\/#\/schema\/logo\/image\/\"}}]}<\/script>\n<!-- \/ Yoast SEO plugin. -->","yoast_head_json":{"title":"Georges-Alexandre Hanin - bb4 books","robots":{"index":"index","follow":"follow","max-snippet":"max-snippet:-1","max-image-preview":"max-image-preview:large","max-video-preview":"max-video-preview:-1"},"canonical":"https:\/\/www.bb4books.com\/fr\/nos-auteurs\/georges-alexandre-hanin\/","og_locale":"fr_FR","og_type":"article","og_title":"Georges-Alexandre Hanin - bb4 books","og_description":"[vc_row][vc_column css=\u00a0\u00bb.vc_custom_1644223664650{margin-bottom: 50px !important;}\u00a0\u00bb][vc_single_image source=\u00a0\u00bbfeatured_image\u00a0\u00bb img_size=\u00a0\u00bbfull\u00a0\u00bb alignment=\u00a0\u00bbcenter\u00a0\u00bb style=\u00a0\u00bbvc_box_shadow\u00a0\u00bb][\/vc_column][\/vc_row][vc_row][vc_column][vc_column_text] Entrepreneur ayant la volont\u00e9 de r\u00e9ussir chevill\u00e9e au corps, que ce soit au sein de ses \u00e9quipes ou dans le d\u00e9passement de soi au cours de performances sportives, Georges-Alexandre Hanin est un [&hellip;]","og_url":"https:\/\/www.bb4books.com\/fr\/nos-auteurs\/georges-alexandre-hanin\/","og_site_name":"bb4 books","article_modified_time":"2022-02-07T12:02:33+00:00","og_image":[{"width":4240,"height":1504,"url":"https:\/\/www.bb4books.com\/wp-content\/uploads\/2022\/02\/GA.png","type":"image\/png"}],"twitter_card":"summary_large_image","twitter_misc":{"Dur\u00e9e de lecture estim\u00e9e":"1 minute"},"schema":{"@context":"https:\/\/schema.org","@graph":[{"@type":"WebPage","@id":"https:\/\/www.bb4books.com\/fr\/nos-auteurs\/georges-alexandre-hanin\/","url":"https:\/\/www.bb4books.com\/fr\/nos-auteurs\/georges-alexandre-hanin\/","name":"Georges-Alexandre Hanin - bb4 books","isPartOf":{"@id":"https:\/\/www.bb4books.com\/#website"},"primaryImageOfPage":{"@id":"https:\/\/www.bb4books.com\/fr\/nos-auteurs\/georges-alexandre-hanin\/#primaryimage"},"image":{"@id":"https:\/\/www.bb4books.com\/fr\/nos-auteurs\/georges-alexandre-hanin\/#primaryimage"},"thumbnailUrl":"https:\/\/www.bb4books.com\/wp-content\/uploads\/2022\/02\/GA.png","datePublished":"2022-02-01T12:49:52+00:00","dateModified":"2022-02-07T12:02:33+00:00","breadcrumb":{"@id":"https:\/\/www.bb4books.com\/fr\/nos-auteurs\/georges-alexandre-hanin\/#breadcrumb"},"inLanguage":"fr-FR","potentialAction":[{"@type":"ReadAction","target":["https:\/\/www.bb4books.com\/fr\/nos-auteurs\/georges-alexandre-hanin\/"]}]},{"@type":"ImageObject","inLanguage":"fr-FR","@id":"https:\/\/www.bb4books.com\/fr\/nos-auteurs\/georges-alexandre-hanin\/#primaryimage","url":"https:\/\/www.bb4books.com\/wp-content\/uploads\/2022\/02\/GA.png","contentUrl":"https:\/\/www.bb4books.com\/wp-content\/uploads\/2022\/02\/GA.png","width":4240,"height":1504},{"@type":"BreadcrumbList","@id":"https:\/\/www.bb4books.com\/fr\/nos-auteurs\/georges-alexandre-hanin\/#breadcrumb","itemListElement":[{"@type":"ListItem","position":1,"name":"Home","item":"https:\/\/www.bb4books.com\/fr\/"},{"@type":"ListItem","position":2,"name":"Nos auteurs","item":"https:\/\/www.bb4books.com\/fr\/nos-auteurs\/"},{"@type":"ListItem","position":3,"name":"Georges-Alexandre Hanin"}]},{"@type":"WebSite","@id":"https:\/\/www.bb4books.com\/#website","url":"https:\/\/www.bb4books.com\/","name":"bb4 books","description":"Librairie bb4 books","publisher":{"@id":"https:\/\/www.bb4books.com\/#organization"},"potentialAction":[{"@type":"SearchAction","target":{"@type":"EntryPoint","urlTemplate":"https:\/\/www.bb4books.com\/?s={search_term_string}"},"query-input":{"@type":"PropertyValueSpecification","valueRequired":true,"valueName":"search_term_string"}}],"inLanguage":"fr-FR"},{"@type":"Organization","@id":"https:\/\/www.bb4books.com\/#organization","name":"bb4books","url":"https:\/\/www.bb4books.com\/","logo":{"@type":"ImageObject","inLanguage":"fr-FR","@id":"https:\/\/www.bb4books.com\/#\/schema\/logo\/image\/","url":"https:\/\/www.bb4books.com\/wp-content\/uploads\/2022\/03\/mini-logo-bb4.png","contentUrl":"https:\/\/www.bb4books.com\/wp-content\/uploads\/2022\/03\/mini-logo-bb4.png","width":254,"height":200,"caption":"bb4books"},"image":{"@id":"https:\/\/www.bb4books.com\/#\/schema\/logo\/image\/"}}]}},"_links":{"self":[{"href":"https:\/\/www.bb4books.com\/fr\/wp-json\/wp\/v2\/pages\/3344","targetHints":{"allow":["GET"]}}],"collection":[{"href":"https:\/\/www.bb4books.com\/fr\/wp-json\/wp\/v2\/pages"}],"about":[{"href":"https:\/\/www.bb4books.com\/fr\/wp-json\/wp\/v2\/types\/page"}],"author":[{"embeddable":true,"href":"https:\/\/www.bb4books.com\/fr\/wp-json\/wp\/v2\/users\/4"}],"replies":[{"embeddable":true,"href":"https:\/\/www.bb4books.com\/fr\/wp-json\/wp\/v2\/comments?post=3344"}],"version-history":[{"count":0,"href":"https:\/\/www.bb4books.com\/fr\/wp-json\/wp\/v2\/pages\/3344\/revisions"}],"up":[{"embeddable":true,"href":"https:\/\/www.bb4books.com\/fr\/wp-json\/wp\/v2\/pages\/2966"}],"wp:featuredmedia":[{"embeddable":true,"href":"https:\/\/www.bb4books.com\/fr\/wp-json\/wp\/v2\/media\/3547"}],"wp:attachment":[{"href":"https:\/\/www.bb4books.com\/fr\/wp-json\/wp\/v2\/media?parent=3344"}],"curies":[{"name":"wp","href":"https:\/\/api.w.org\/{rel}","templated":true}]}}