{"id":3107,"date":"2021-12-29T06:04:25","date_gmt":"2021-12-29T06:04:25","guid":{"rendered":"https:\/\/www.bb4books.com\/coming-soon\/"},"modified":"2022-05-08T21:23:17","modified_gmt":"2022-05-08T21:23:17","slug":"a-paraitre","status":"publish","type":"page","link":"https:\/\/www.bb4books.com\/fr\/a-paraitre\/","title":{"rendered":"\u00c0 para\u00eetre"},"content":{"rendered":"<p>[vc_row][vc_column]<div class=\"woocommerce columns-5 \"><ul class=\"products columns-5\">\n<li class=\"product type-product post-3442 status-publish first instock product_cat-coming-soon-fr has-post-thumbnail shipping-taxable product-type-simple\">\n\t<div class=\"mkdf-pl-inner\"><div class=\"mkdf-pl-image\"><img loading=\"lazy\" decoding=\"async\" width=\"300\" height=\"400\" src=\"https:\/\/www.bb4books.com\/wp-content\/uploads\/2022\/02\/Chiens-chats-FR-v5-300x400.png\" class=\"attachment-woocommerce_thumbnail size-woocommerce_thumbnail\" alt=\"Chien &amp; Chat - Partners in crime\" \/><div class=\"mkdf-pl-text\"><div class=\"mkdf-pl-text-outer\"><div class=\"mkdf-pl-text-inner\"><a href=\"https:\/\/www.bb4books.com\/fr\/produit\/chien-chat-partners-in-crime\/\" aria-describedby=\"woocommerce_loop_add_to_cart_link_describedby_3442\" data-quantity=\"1\" class=\"button product_type_simple\" data-product_id=\"3442\" data-product_sku=\"\" aria-label=\"En savoir plus sur &ldquo;Chien &amp; Chat - Partners in crime&rdquo;\" rel=\"nofollow\" data-success_message=\"\">Lire plus<\/a>\t<span id=\"woocommerce_loop_add_to_cart_link_describedby_3442\" class=\"screen-reader-text\">\n\t\t\t<\/span>\n<\/div><\/div><\/div><\/div><\/div><div class=\"mkdf-pl-text-wrapper\">\t\t<div class=\"mkdf-pl-author-holder\">\n\t\t\t<a href=\"https:\/\/www.bb4books.com\/fr\/nos-auteurs\/adeline-westerling\/\">Adeline Westerling<\/a>\n\t\t<\/div>\n<h5 class=\"mkdf-product-list-title\"><a href=\"https:\/\/www.bb4books.com\/fr\/produit\/chien-chat-partners-in-crime\/\">Chien &#038; Chat &#8211; Partners in crime<\/a><\/h5>\n<\/div><a href=\"https:\/\/www.bb4books.com\/fr\/produit\/chien-chat-partners-in-crime\/\" class=\"woocommerce-LoopProduct-link woocommerce-loop-product__link\"><\/a><\/li><li class=\"product type-product post-3428 status-publish instock product_cat-coming-soon-fr has-post-thumbnail shipping-taxable product-type-simple\">\n\t<div class=\"mkdf-pl-inner\"><div class=\"mkdf-pl-image\"><img loading=\"lazy\" decoding=\"async\" width=\"300\" height=\"400\" src=\"https:\/\/www.bb4books.com\/wp-content\/uploads\/2022\/02\/reseaux-sociaux-v5-FR-1-300x400.png\" class=\"attachment-woocommerce_thumbnail size-woocommerce_thumbnail\" alt=\"D\u00e9bloquer le potentiel des r\u00e9seaux sociaux\" \/><div class=\"mkdf-pl-text\"><div class=\"mkdf-pl-text-outer\"><div class=\"mkdf-pl-text-inner\"><a href=\"https:\/\/www.bb4books.com\/fr\/produit\/debloquer-le-potentiel-des-reseaux-sociaux\/\" aria-describedby=\"woocommerce_loop_add_to_cart_link_describedby_3428\" data-quantity=\"1\" class=\"button product_type_simple\" data-product_id=\"3428\" data-product_sku=\"\" aria-label=\"En savoir plus sur &ldquo;D\u00e9bloquer le potentiel des r\u00e9seaux sociaux&rdquo;\" rel=\"nofollow\" data-success_message=\"\">Lire plus<\/a>\t<span id=\"woocommerce_loop_add_to_cart_link_describedby_3428\" class=\"screen-reader-text\">\n\t\t\t<\/span>\n<\/div><\/div><\/div><\/div><\/div><div class=\"mkdf-pl-text-wrapper\">\t\t<div class=\"mkdf-pl-author-holder\">\n\t\t\t<a href=\"https:\/\/www.bb4books.com\/fr\/nos-auteurs\/auriane-mauyen\/\">Auriane Mauyen<\/a>\n\t\t<\/div>\n<h5 class=\"mkdf-product-list-title\"><a href=\"https:\/\/www.bb4books.com\/fr\/produit\/debloquer-le-potentiel-des-reseaux-sociaux\/\">D\u00e9bloquer le potentiel des r\u00e9seaux sociaux<\/a><\/h5>\n<\/div><a href=\"https:\/\/www.bb4books.com\/fr\/produit\/debloquer-le-potentiel-des-reseaux-sociaux\/\" class=\"woocommerce-LoopProduct-link woocommerce-loop-product__link\"><\/a><\/li><li class=\"product type-product post-3425 status-publish instock product_cat-coming-soon-fr has-post-thumbnail shipping-taxable product-type-simple\">\n\t<div class=\"mkdf-pl-inner\"><div class=\"mkdf-pl-image\"><img loading=\"lazy\" decoding=\"async\" width=\"300\" height=\"400\" src=\"https:\/\/www.bb4books.com\/wp-content\/uploads\/2022\/02\/marketplaces-v7-FR-300x400.png\" class=\"attachment-woocommerce_thumbnail size-woocommerce_thumbnail\" alt=\"Les marketplaces - Le nouvel acc\u00e9l\u00e9rateur de ventes\" \/><div class=\"mkdf-pl-text\"><div class=\"mkdf-pl-text-outer\"><div class=\"mkdf-pl-text-inner\"><a href=\"https:\/\/www.bb4books.com\/fr\/produit\/les-marketplaces-le-nouvel-accelerateur-de-ventes\/\" aria-describedby=\"woocommerce_loop_add_to_cart_link_describedby_3425\" data-quantity=\"1\" class=\"button product_type_simple\" data-product_id=\"3425\" data-product_sku=\"\" aria-label=\"En savoir plus sur &ldquo;Les marketplaces - Le nouvel acc\u00e9l\u00e9rateur de ventes&rdquo;\" rel=\"nofollow\" data-success_message=\"\">Lire plus<\/a>\t<span id=\"woocommerce_loop_add_to_cart_link_describedby_3425\" class=\"screen-reader-text\">\n\t\t\t<\/span>\n<\/div><\/div><\/div><\/div><\/div><div class=\"mkdf-pl-text-wrapper\">\t\t<div class=\"mkdf-pl-author-holder\">\n\t\t\t<a href=\"https:\/\/www.bb4books.com\/nos-auteurs\/cedric-donck\/\">Cedric Donck<\/a>\n\t\t<\/div>\n<h5 class=\"mkdf-product-list-title\"><a href=\"https:\/\/www.bb4books.com\/fr\/produit\/les-marketplaces-le-nouvel-accelerateur-de-ventes\/\">Les marketplaces &#8211; Le nouvel acc\u00e9l\u00e9rateur de ventes<\/a><\/h5>\n<\/div><a href=\"https:\/\/www.bb4books.com\/fr\/produit\/les-marketplaces-le-nouvel-accelerateur-de-ventes\/\" class=\"woocommerce-LoopProduct-link woocommerce-loop-product__link\"><\/a><\/li><li class=\"product type-product post-3393 status-publish instock product_cat-coming-soon-fr has-post-thumbnail shipping-taxable product-type-simple\">\n\t<div class=\"mkdf-pl-inner\"><div class=\"mkdf-pl-image\"><img loading=\"lazy\" decoding=\"async\" width=\"300\" height=\"400\" src=\"https:\/\/www.bb4books.com\/wp-content\/uploads\/2022\/02\/Pimento-v5-FR-1-300x400.png\" class=\"attachment-woocommerce_thumbnail size-woocommerce_thumbnail\" alt=\"Pimento Map\" \/><div class=\"mkdf-pl-text\"><div class=\"mkdf-pl-text-outer\"><div class=\"mkdf-pl-text-inner\"><a href=\"https:\/\/www.bb4books.com\/fr\/produit\/pimento-map-2\/\" aria-describedby=\"woocommerce_loop_add_to_cart_link_describedby_3393\" data-quantity=\"1\" class=\"button product_type_simple\" data-product_id=\"3393\" data-product_sku=\"\" aria-label=\"En savoir plus sur &ldquo;Pimento Map&rdquo;\" rel=\"nofollow\" data-success_message=\"\">Lire plus<\/a>\t<span id=\"woocommerce_loop_add_to_cart_link_describedby_3393\" class=\"screen-reader-text\">\n\t\t\t<\/span>\n<\/div><\/div><\/div><\/div><\/div><div class=\"mkdf-pl-text-wrapper\">\t\t<div class=\"mkdf-pl-author-holder\">\n\t\t\t<a href=\"https:\/\/www.bb4books.com\/fr\/nos-auteurs\/cedric-donck\/\">Cedric Donck<\/a>\n\t\t<\/div>\n<h5 class=\"mkdf-product-list-title\"><a href=\"https:\/\/www.bb4books.com\/fr\/produit\/pimento-map-2\/\">Pimento Map<\/a><\/h5>\n<\/div><a href=\"https:\/\/www.bb4books.com\/fr\/produit\/pimento-map-2\/\" class=\"woocommerce-LoopProduct-link woocommerce-loop-product__link\"><\/a><\/li><\/ul>\n<\/div>[\/vc_column][\/vc_row][vc_row][vc_column]<h2 class=\"bb4-header\" ><a href=\"https:\/\/www.bb4books.com\/fr\/books\/\">CAT\u00c9GORIES<\/a><\/h2>[\/vc_column][\/vc_row][vc_row][vc_column]<div class=\"woocommerce columns-4\"><ul class=\"products columns-4\">\n<li class=\"product-category product first\">\n\t<a aria-label=\"Acc\u00e9der \u00e0 la cat\u00e9gorie de produits Better World\" href=\"https:\/\/www.bb4books.com\/fr\/product-category\/better-world-fr\/\"><img loading=\"lazy\" decoding=\"async\" src=\"https:\/\/www.bb4books.com\/wp-content\/uploads\/2023\/01\/better-world-300x300.jpg\" alt=\"Better World\" width=\"600\" height=\"600\" srcset=\"https:\/\/www.bb4books.com\/wp-content\/uploads\/2023\/01\/better-world-300x300.jpg 300w, https:\/\/www.bb4books.com\/wp-content\/uploads\/2023\/01\/better-world-150x150.jpg 150w, https:\/\/www.bb4books.com\/wp-content\/uploads\/2023\/01\/better-world-650x650.jpg 650w, https:\/\/www.bb4books.com\/wp-content\/uploads\/2023\/01\/better-world-1300x1300.jpg 1300w, https:\/\/www.bb4books.com\/wp-content\/uploads\/2023\/01\/better-world-100x100.jpg 100w\" sizes=\"auto, (max-width: 300px) 100vw, 300px\" \/>\t\t<h2 class=\"woocommerce-loop-category__title\">\n\t\t\tBetter World <mark class=\"count\">(1)<\/mark>\t\t<\/h2>\n\t\t<\/a><\/li>\n<li class=\"product-category product\">\n\t<a aria-label=\"Acc\u00e9der \u00e0 la cat\u00e9gorie de produits \u00c0 para\u00eetre\" href=\"https:\/\/www.bb4books.com\/fr\/product-category\/coming-soon-fr\/\"><img loading=\"lazy\" decoding=\"async\" src=\"https:\/\/www.bb4books.com\/wp-content\/uploads\/2023\/01\/coming-soon-300x300.jpg\" alt=\"\u00c0 para\u00eetre\" width=\"600\" height=\"600\" srcset=\"https:\/\/www.bb4books.com\/wp-content\/uploads\/2023\/01\/coming-soon-300x300.jpg 300w, https:\/\/www.bb4books.com\/wp-content\/uploads\/2023\/01\/coming-soon-150x150.jpg 150w, https:\/\/www.bb4books.com\/wp-content\/uploads\/2023\/01\/coming-soon-650x650.jpg 650w, https:\/\/www.bb4books.com\/wp-content\/uploads\/2023\/01\/coming-soon-1300x1300.jpg 1300w, https:\/\/www.bb4books.com\/wp-content\/uploads\/2023\/01\/coming-soon-100x100.jpg 100w\" sizes=\"auto, (max-width: 300px) 100vw, 300px\" \/>\t\t<h2 class=\"woocommerce-loop-category__title\">\n\t\t\t\u00c0 para\u00eetre <mark class=\"count\">(4)<\/mark>\t\t<\/h2>\n\t\t<\/a><\/li>\n<li class=\"product-category product\">\n\t<a aria-label=\"Acc\u00e9der \u00e0 la cat\u00e9gorie de produits Boss Generation\" href=\"https:\/\/www.bb4books.com\/fr\/product-category\/boss-generation-fr\/\"><img loading=\"lazy\" decoding=\"async\" src=\"https:\/\/www.bb4books.com\/wp-content\/uploads\/2023\/01\/boss-generation-300x300.jpg\" alt=\"Boss Generation\" width=\"600\" height=\"600\" srcset=\"https:\/\/www.bb4books.com\/wp-content\/uploads\/2023\/01\/boss-generation-300x300.jpg 300w, https:\/\/www.bb4books.com\/wp-content\/uploads\/2023\/01\/boss-generation-1024x1024.jpg 1024w, https:\/\/www.bb4books.com\/wp-content\/uploads\/2023\/01\/boss-generation-150x150.jpg 150w, https:\/\/www.bb4books.com\/wp-content\/uploads\/2023\/01\/boss-generation-768x768.jpg 768w, https:\/\/www.bb4books.com\/wp-content\/uploads\/2023\/01\/boss-generation-1536x1536.jpg 1536w, https:\/\/www.bb4books.com\/wp-content\/uploads\/2023\/01\/boss-generation-650x650.jpg 650w, https:\/\/www.bb4books.com\/wp-content\/uploads\/2023\/01\/boss-generation-1300x1300.jpg 1300w, https:\/\/www.bb4books.com\/wp-content\/uploads\/2023\/01\/boss-generation-600x600.jpg 600w, https:\/\/www.bb4books.com\/wp-content\/uploads\/2023\/01\/boss-generation-100x100.jpg 100w\" sizes=\"auto, (max-width: 300px) 100vw, 300px\" \/>\t\t<h2 class=\"woocommerce-loop-category__title\">\n\t\t\tBoss Generation <mark class=\"count\">(3)<\/mark>\t\t<\/h2>\n\t\t<\/a><\/li>\n<\/ul>\n<\/div>[\/vc_column][\/vc_row]<\/p>\n","protected":false},"excerpt":{"rendered":"<p>[vc_row][vc_column][\/vc_column][\/vc_row][vc_row][vc_column][\/vc_column][\/vc_row][vc_row][vc_column][\/vc_column][\/vc_row]<\/p>\n","protected":false},"author":4,"featured_media":0,"parent":0,"menu_order":0,"comment_status":"closed","ping_status":"closed","template":"","meta":{"footnotes":""},"class_list":["post-3107","page","type-page","status-publish","hentry"],"yoast_head":"<!-- This site is optimized with the Yoast SEO plugin v25.9 - https:\/\/yoast.com\/wordpress\/plugins\/seo\/ -->\n<title>\u00c0 para\u00eetre - bb4 books<\/title>\n<meta name=\"robots\" content=\"index, follow, max-snippet:-1, max-image-preview:large, max-video-preview:-1\" \/>\n<link rel=\"canonical\" href=\"https:\/\/www.bb4books.com\/fr\/a-paraitre\/\" \/>\n<meta property=\"og:locale\" content=\"fr_FR\" \/>\n<meta property=\"og:type\" content=\"article\" \/>\n<meta property=\"og:title\" content=\"\u00c0 para\u00eetre - bb4 books\" \/>\n<meta property=\"og:description\" content=\"[vc_row][vc_column][\/vc_column][\/vc_row][vc_row][vc_column][\/vc_column][\/vc_row][vc_row][vc_column][\/vc_column][\/vc_row]\" \/>\n<meta property=\"og:url\" content=\"https:\/\/www.bb4books.com\/fr\/a-paraitre\/\" \/>\n<meta property=\"og:site_name\" content=\"bb4 books\" \/>\n<meta property=\"article:modified_time\" content=\"2022-05-08T21:23:17+00:00\" \/>\n<meta property=\"og:image\" content=\"https:\/\/www.bb4books.com\/wp-content\/uploads\/2022\/09\/bb4books-logo-PNG-Linkedin-couverture.png\" \/>\n\t<meta property=\"og:image:width\" content=\"1584\" \/>\n\t<meta property=\"og:image:height\" content=\"396\" \/>\n\t<meta property=\"og:image:type\" content=\"image\/png\" \/>\n<meta name=\"twitter:card\" content=\"summary_large_image\" \/>\n<meta name=\"twitter:label1\" content=\"Dur\u00e9e de lecture estim\u00e9e\" \/>\n\t<meta name=\"twitter:data1\" content=\"1 minute\" \/>\n<script type=\"application\/ld+json\" class=\"yoast-schema-graph\">{\"@context\":\"https:\/\/schema.org\",\"@graph\":[{\"@type\":\"WebPage\",\"@id\":\"https:\/\/www.bb4books.com\/fr\/a-paraitre\/\",\"url\":\"https:\/\/www.bb4books.com\/fr\/a-paraitre\/\",\"name\":\"\u00c0 para\u00eetre - bb4 books\",\"isPartOf\":{\"@id\":\"https:\/\/www.bb4books.com\/#website\"},\"datePublished\":\"2021-12-29T06:04:25+00:00\",\"dateModified\":\"2022-05-08T21:23:17+00:00\",\"breadcrumb\":{\"@id\":\"https:\/\/www.bb4books.com\/fr\/a-paraitre\/#breadcrumb\"},\"inLanguage\":\"fr-FR\",\"potentialAction\":[{\"@type\":\"ReadAction\",\"target\":[\"https:\/\/www.bb4books.com\/fr\/a-paraitre\/\"]}]},{\"@type\":\"BreadcrumbList\",\"@id\":\"https:\/\/www.bb4books.com\/fr\/a-paraitre\/#breadcrumb\",\"itemListElement\":[{\"@type\":\"ListItem\",\"position\":1,\"name\":\"Home\",\"item\":\"https:\/\/www.bb4books.com\/fr\/\"},{\"@type\":\"ListItem\",\"position\":2,\"name\":\"\u00c0 para\u00eetre\"}]},{\"@type\":\"WebSite\",\"@id\":\"https:\/\/www.bb4books.com\/#website\",\"url\":\"https:\/\/www.bb4books.com\/\",\"name\":\"bb4 books\",\"description\":\"Librairie bb4 books\",\"publisher\":{\"@id\":\"https:\/\/www.bb4books.com\/#organization\"},\"potentialAction\":[{\"@type\":\"SearchAction\",\"target\":{\"@type\":\"EntryPoint\",\"urlTemplate\":\"https:\/\/www.bb4books.com\/?s={search_term_string}\"},\"query-input\":{\"@type\":\"PropertyValueSpecification\",\"valueRequired\":true,\"valueName\":\"search_term_string\"}}],\"inLanguage\":\"fr-FR\"},{\"@type\":\"Organization\",\"@id\":\"https:\/\/www.bb4books.com\/#organization\",\"name\":\"bb4books\",\"url\":\"https:\/\/www.bb4books.com\/\",\"logo\":{\"@type\":\"ImageObject\",\"inLanguage\":\"fr-FR\",\"@id\":\"https:\/\/www.bb4books.com\/#\/schema\/logo\/image\/\",\"url\":\"https:\/\/www.bb4books.com\/wp-content\/uploads\/2022\/03\/mini-logo-bb4.png\",\"contentUrl\":\"https:\/\/www.bb4books.com\/wp-content\/uploads\/2022\/03\/mini-logo-bb4.png\",\"width\":254,\"height\":200,\"caption\":\"bb4books\"},\"image\":{\"@id\":\"https:\/\/www.bb4books.com\/#\/schema\/logo\/image\/\"}}]}<\/script>\n<!-- \/ Yoast SEO plugin. -->","yoast_head_json":{"title":"\u00c0 para\u00eetre - bb4 books","robots":{"index":"index","follow":"follow","max-snippet":"max-snippet:-1","max-image-preview":"max-image-preview:large","max-video-preview":"max-video-preview:-1"},"canonical":"https:\/\/www.bb4books.com\/fr\/a-paraitre\/","og_locale":"fr_FR","og_type":"article","og_title":"\u00c0 para\u00eetre - bb4 books","og_description":"[vc_row][vc_column][\/vc_column][\/vc_row][vc_row][vc_column][\/vc_column][\/vc_row][vc_row][vc_column][\/vc_column][\/vc_row]","og_url":"https:\/\/www.bb4books.com\/fr\/a-paraitre\/","og_site_name":"bb4 books","article_modified_time":"2022-05-08T21:23:17+00:00","og_image":[{"width":1584,"height":396,"url":"https:\/\/www.bb4books.com\/wp-content\/uploads\/2022\/09\/bb4books-logo-PNG-Linkedin-couverture.png","type":"image\/png"}],"twitter_card":"summary_large_image","twitter_misc":{"Dur\u00e9e de lecture estim\u00e9e":"1 minute"},"schema":{"@context":"https:\/\/schema.org","@graph":[{"@type":"WebPage","@id":"https:\/\/www.bb4books.com\/fr\/a-paraitre\/","url":"https:\/\/www.bb4books.com\/fr\/a-paraitre\/","name":"\u00c0 para\u00eetre - bb4 books","isPartOf":{"@id":"https:\/\/www.bb4books.com\/#website"},"datePublished":"2021-12-29T06:04:25+00:00","dateModified":"2022-05-08T21:23:17+00:00","breadcrumb":{"@id":"https:\/\/www.bb4books.com\/fr\/a-paraitre\/#breadcrumb"},"inLanguage":"fr-FR","potentialAction":[{"@type":"ReadAction","target":["https:\/\/www.bb4books.com\/fr\/a-paraitre\/"]}]},{"@type":"BreadcrumbList","@id":"https:\/\/www.bb4books.com\/fr\/a-paraitre\/#breadcrumb","itemListElement":[{"@type":"ListItem","position":1,"name":"Home","item":"https:\/\/www.bb4books.com\/fr\/"},{"@type":"ListItem","position":2,"name":"\u00c0 para\u00eetre"}]},{"@type":"WebSite","@id":"https:\/\/www.bb4books.com\/#website","url":"https:\/\/www.bb4books.com\/","name":"bb4 books","description":"Librairie bb4 books","publisher":{"@id":"https:\/\/www.bb4books.com\/#organization"},"potentialAction":[{"@type":"SearchAction","target":{"@type":"EntryPoint","urlTemplate":"https:\/\/www.bb4books.com\/?s={search_term_string}"},"query-input":{"@type":"PropertyValueSpecification","valueRequired":true,"valueName":"search_term_string"}}],"inLanguage":"fr-FR"},{"@type":"Organization","@id":"https:\/\/www.bb4books.com\/#organization","name":"bb4books","url":"https:\/\/www.bb4books.com\/","logo":{"@type":"ImageObject","inLanguage":"fr-FR","@id":"https:\/\/www.bb4books.com\/#\/schema\/logo\/image\/","url":"https:\/\/www.bb4books.com\/wp-content\/uploads\/2022\/03\/mini-logo-bb4.png","contentUrl":"https:\/\/www.bb4books.com\/wp-content\/uploads\/2022\/03\/mini-logo-bb4.png","width":254,"height":200,"caption":"bb4books"},"image":{"@id":"https:\/\/www.bb4books.com\/#\/schema\/logo\/image\/"}}]}},"_links":{"self":[{"href":"https:\/\/www.bb4books.com\/fr\/wp-json\/wp\/v2\/pages\/3107","targetHints":{"allow":["GET"]}}],"collection":[{"href":"https:\/\/www.bb4books.com\/fr\/wp-json\/wp\/v2\/pages"}],"about":[{"href":"https:\/\/www.bb4books.com\/fr\/wp-json\/wp\/v2\/types\/page"}],"author":[{"embeddable":true,"href":"https:\/\/www.bb4books.com\/fr\/wp-json\/wp\/v2\/users\/4"}],"replies":[{"embeddable":true,"href":"https:\/\/www.bb4books.com\/fr\/wp-json\/wp\/v2\/comments?post=3107"}],"version-history":[{"count":0,"href":"https:\/\/www.bb4books.com\/fr\/wp-json\/wp\/v2\/pages\/3107\/revisions"}],"wp:attachment":[{"href":"https:\/\/www.bb4books.com\/fr\/wp-json\/wp\/v2\/media?parent=3107"}],"curies":[{"name":"wp","href":"https:\/\/api.w.org\/{rel}","templated":true}]}}