{"id":3069,"date":"2021-12-29T05:37:34","date_gmt":"2021-12-29T05:37:34","guid":{"rendered":"https:\/\/www.bb4books.com\/faq\/"},"modified":"2022-11-09T11:51:56","modified_gmt":"2022-11-09T11:51:56","slug":"faq","status":"publish","type":"page","link":"https:\/\/www.bb4books.com\/fr\/faq\/","title":{"rendered":"FAQ"},"content":{"rendered":"<p>[vc_row disable_element=\u00a0\u00bbyes\u00a0\u00bb svg_background=\u00a0\u00bb%5B%7B%7D%5D\u00a0\u00bb][vc_column][vc_column_text]Pourquoi lancer une maison d\u2019\u00e9dition digital first ?<\/p>\r\n<p>\r\n\r\n\ud83c\udf4f Parce que nous sommes convaincus que la #diffusiondigitale s\u2019impose d\u2019elle-m\u00eame lorsque le livre papier n\u2019est pas accessible. Pour une question d\u2019 #acheminement. Et de #prix aussi.<\/p>\r\n<p>\r\n\r\n\ud83c\udf4f Parce qu\u2019il y a certains sujets qui doivent avoir le relai d\u2019un #siteweb pour les mises \u00e0 jour du contenu pour ne pas \u00eatre #obsol\u00e8tes d\u00e8s la #publication.<\/p>\r\n<p>\r\n\r\n\ud83c\udf4f Parce que nous croyons dans le mod\u00e8le Print On Demand o\u00f9 seuls les livres vendus sont imprim\u00e9s.<\/p>\r\n<p>\r\n\r\n\ud83c\udf4f O\u00f9 aucune version pr\u00e9c\u00e9dente du livre ne se retrouve au pilon.<\/p>\r\n<p>\r\n\r\n\ud83c\udf4f O\u00f9 un livre devant \u00eatre livr\u00e9 n\u2019importe o\u00f9 en Europe sera imprim\u00e9 en Europe. Et un livre devant \u00eatre livr\u00e9 aux USA sera imprim\u00e9 aux USA.<\/p>\r\n<p>\r\n\r\nMais alors\u2026 vous recherchez des auteurs?<\/p>\r\n<p>\r\n\r\n\ud83d\udca7Toujours! Nous avons lanc\u00e9 deux collections qui ont pour objectif la transmission de connaissances.<\/p>\r\n<p>\r\n\r\n\ud83d\udca7#BossGeneration pour tous les ind\u00e9pendants, auto-entrepreneurs, chef d\u2019entreprise qui souhaitent acqu\u00e9rir des comp\u00e9tences sans devoir payer des prestataires.<\/p>\r\n<p>\r\n\r\n\ud83d\udca7#BetterWorld pour tous les particuliers qui veulent continuer \u00e0 apprendre sans devoir s\u2019inscrire \u00e0 un cours de perfectionnement.<\/p>\r\n<p>\r\n\r\nC\u2019est quoi le bon nombre de pages?<\/p>\r\n<p>\r\n\r\n\u2600\ufe0fCelui qu\u2019il faut pour strictement #circonscrire un sujet et ne surtout pas en d\u00e9border.<\/p>\r\n<p>\r\n\r\n\u2600\ufe0fA l\u2019heure du #zapping, mieux vaut imaginer une s\u00e9rie de plusieurs petits volumes qu\u2019un bouquin de 800 pages et de 3 kilos.<\/p>\r\n<p>\r\n\r\n\u2600\ufe0fQuant au nombre de pages, \u00e7a d\u00e9pend de leur dimension \ud83d\ude09<\/p>\r\n<p>\r\n\r\nEn fran\u00e7ais ET en anglais ?<\/p>\r\n<p>\r\n\r\n\ud83d\udccdL\u2019\u00e9crit m\u00e9rite la #diffusion la plus large possible.<\/p>\r\n<p>\r\n\r\n\ud83d\udccdLa plateforme de diffusion Amazon permet de desservir 12 march\u00e9s #g\u00e9ographiques diff\u00e9rents.<\/p>\r\n<p>\r\n\r\n\ud83d\udccdPourquoi se limiter \u00e0 un march\u00e9 \u201clocal\u201d alors que les formules #PrintOnDemand et #Kindle permettent de ne pas gaspiller de papier et d\u2019\u00e9conomiser les frais d\u2019envoi.<\/p>\r\n<p>\r\n\r\nCombien \u00e7a gagne un auteur? Combien \u00e7a rapporte un livre?<\/p>\r\n<p>\r\n\r\n\ud83c\udf40 Entre 15 et 30% de droits d\u2019auteur selon le mod\u00e8le de diffusion du livre.<\/p>\r\n<p>\r\n\r\n\ud83c\udf40 Le livre peut \u00eatre soit vendu en version #papier ou en version #ebook. Il peut aussi \u00eatre #emprunt\u00e9 selon la formule d\u2019abonnement #Prime.<\/p>\r\n<p>\r\n\r\n\ud83c\udf40 La r\u00e9mun\u00e9ration intervient au nombre de pages #lues OU au nombre d\u2019exemplaires #vendus.<\/p>\r\n<p>\r\n\r\nJ\u2019ai un manuscrit\u2026 alors je suis \u00e9crivain ?<\/p>\r\n<p>\r\n\r\n\ud83e\udd8b Moi, lorsque je chante sous la douche, je m\u2019imagine remplir l\u2019Olympia ! Mais j\u2019ai pas encore de dates\u2026<\/p>\r\n<p>\r\n\r\n\ud83e\udd8b N\u2019est pas papillon qui veut, il faut r\u00e9ussir l\u2019examen chrysalide. Cela demande du #travail. Un peu de #temps. Beaucoup de #r\u00e9flexion.<\/p>\r\n<p>\r\n\r\n\ud83e\udd8b Mais ensuite\u2026 quel bonheur de pr\u00e9senter son livre au #public.<\/p>\r\n<p>\r\n\r\nEst-qu\u2019on parle encore de \u201cmanuscrit\u201d si un livre est sous format digital?<\/p>\r\n<p>\r\n\r\n\ud83d\udca7L\u2019usage fait loi. Alors, la r\u00e9ponse est oui. Cependant certains choisissent d\u2019utiliser \u201ctapuscrit\u201d.<\/p>\r\n<p>\r\n\r\nEt \u00e7a nous fait sourire.<\/p>\r\n<p>\r\n\r\n\ud83d\udca7 Ou alors on envoie un lien vers un fichier en ligne\u2026 Et \u00e7a s\u2019appelle un lien vers un fichier en ligne.<\/p>\r\n<p>\r\n\r\n\u00c7a prend combien de temps de publier un livre?<\/p>\r\n<p>\r\n\r\n\ud83d\ude35\u200d\ud83d\udcab\u00c7a d\u00e9pend de l\u2019\u00e9tat du manuscrit. Combien de relectures seront-elles n\u00e9cessaires pour accoucher du texte d\u00e9finitif?<\/p>\r\n<p>\r\n\r\n\ud83d\ude35\u200d\ud83d\udcabLes corrections portent-elles exclusivement sur la forme ou \u00e9galement sur le fond?<\/p>\r\n<p>\r\n\r\n\ud83d\ude35\u200d\ud83d\udcabLe sujet est-il strictement circonscrit? Ou faut-il laisser le temps \u00e0 l\u2019auteur de faire le deuil de certaines pages?<\/p>\r\n<p>\r\n\r\n\ud83d\ude35\u200d\ud83d\udcab Lorsque la maquette d\u00e9finitive est valid\u00e9e, il faut 3 jours pour mettre un ebook en ligne et le vendre n\u2019importe o\u00f9 dans le monde.<\/p>\r\n<p>\r\n\r\nEt pour la version papier ?<\/p>\r\n<p>\r\n\r\n\ud83e\uddf6Il faut 4 jours pour obtenir la premi\u00e8re \u00e9preuve sous forme de Bon \u00e0 tirer.<\/p>\r\n<p>\r\n\r\n\ud83e\uddf6Et 24 heures apr\u00e8s la validation du B\u00e0T le livre est disponible\u00a0 \u00e0 la vente sur les 12 march\u00e9s g\u00e9ographiques d\u2019Amazon.<\/p>\r\n<p>[\/vc_column_text][\/vc_column][\/vc_row][vc_row][vc_column][vc_tta_accordion shape=\u00a0\u00bbsquare\u00a0\u00bb color=\u00a0\u00bbwhite\u00a0\u00bb spacing=\u00a0\u00bb10&Prime; gap=\u00a0\u00bb5&Prime; c_icon=\u00a0\u00bb\u00a0\u00bb active_section=\u00a0\u00bb1&Prime; css_animation=\u00a0\u00bbnone\u00a0\u00bb no_fill=\u00a0\u00bbtrue\u00a0\u00bb collapsible_all=\u00a0\u00bbtrue\u00a0\u00bb el_id=\u00a0\u00bbdiv_faq\u00a0\u00bb][vc_tta_section i_position=\u00a0\u00bbright\u00a0\u00bb i_icon_fontawesome=\u00a0\u00bbfar fa-hand-pointer\u00a0\u00bb add_icon=\u00a0\u00bbtrue\u00a0\u00bb title=\u00a0\u00bb\ud83c\udf4f Pourquoi lancer une maison d\u2019\u00e9dition digital first ?\u00a0\u00bb tab_id=\u00a0\u00bb1652707272582-3c161649-7bb8&Prime;][vc_column_text]<\/p>\r\n<p><img decoding=\"async\" class=\"emoji\" role=\"img\" draggable=\"false\" src=\"https:\/\/s.w.org\/images\/core\/emoji\/13.1.0\/svg\/1f34f.svg\" alt=\"\ud83c\udf4f\" \/>\u00a0Parce que nous sommes convaincus que la #diffusiondigitale s\u2019impose d\u2019elle-m\u00eame lorsque le livre papier n\u2019est pas accessible. Pour une question d\u2019 #acheminement. Et de #prix aussi.<\/p>\r\n<p><img decoding=\"async\" class=\"emoji\" role=\"img\" draggable=\"false\" src=\"https:\/\/s.w.org\/images\/core\/emoji\/13.1.0\/svg\/1f34f.svg\" alt=\"\ud83c\udf4f\" \/>\u00a0Parce qu\u2019il y a certains sujets qui doivent avoir le relai d\u2019un #siteweb pour les mises \u00e0 jour du contenu pour ne pas \u00eatre #obsol\u00e8tes d\u00e8s la #publication.<\/p>\r\n<p><img decoding=\"async\" class=\"emoji\" role=\"img\" draggable=\"false\" src=\"https:\/\/s.w.org\/images\/core\/emoji\/13.1.0\/svg\/1f34f.svg\" alt=\"\ud83c\udf4f\" \/>\u00a0Parce que nous croyons dans le mod\u00e8le Print On Demand o\u00f9 seuls les livres vendus sont imprim\u00e9s.<\/p>\r\n<p><img decoding=\"async\" class=\"emoji\" role=\"img\" draggable=\"false\" src=\"https:\/\/s.w.org\/images\/core\/emoji\/13.1.0\/svg\/1f34f.svg\" alt=\"\ud83c\udf4f\" \/>\u00a0O\u00f9 aucune version pr\u00e9c\u00e9dente du livre ne se retrouve au pilon.<\/p>\r\n<p><img decoding=\"async\" class=\"emoji\" role=\"img\" draggable=\"false\" src=\"https:\/\/s.w.org\/images\/core\/emoji\/13.1.0\/svg\/1f34f.svg\" alt=\"\ud83c\udf4f\" \/>\u00a0O\u00f9 un livre devant \u00eatre livr\u00e9 n\u2019importe o\u00f9 en Europe sera imprim\u00e9 en Europe. Et un livre devant \u00eatre livr\u00e9 aux USA sera imprim\u00e9 aux USA.<\/p>\r\n<p>[\/vc_column_text][\/vc_tta_section][vc_tta_section title=\u00a0\u00bb\ud83d\udca7 Mais alors\u2026 vous recherchez des auteurs?\u00a0\u00bb tab_id=\u00a0\u00bb1652707272615-16edfc6f-919c\u00a0\u00bb][vc_column_text]<\/p>\r\n<p><img decoding=\"async\" class=\"emoji\" role=\"img\" draggable=\"false\" src=\"https:\/\/s.w.org\/images\/core\/emoji\/13.1.0\/svg\/1f4a7.svg\" alt=\"\ud83d\udca7\" \/> Toujours! Nous avons lanc\u00e9 deux collections qui ont pour objectif la transmission de connaissances.<\/p>\r\n<p><img decoding=\"async\" class=\"emoji\" role=\"img\" draggable=\"false\" src=\"https:\/\/s.w.org\/images\/core\/emoji\/13.1.0\/svg\/1f4a7.svg\" alt=\"\ud83d\udca7\" \/> #BossGeneration pour tous les ind\u00e9pendants, auto-entrepreneurs, chef d\u2019entreprise qui souhaitent acqu\u00e9rir des comp\u00e9tences sans devoir payer des prestataires.<\/p>\r\n<p><img decoding=\"async\" class=\"emoji\" role=\"img\" draggable=\"false\" src=\"https:\/\/s.w.org\/images\/core\/emoji\/13.1.0\/svg\/1f4a7.svg\" alt=\"\ud83d\udca7\" \/> #BetterWorld pour tous les particuliers qui veulent continuer \u00e0 apprendre sans devoir s\u2019inscrire \u00e0 un cours de perfectionnement.<\/p>\r\n<p>[\/vc_column_text][\/vc_tta_section][vc_tta_section title=\u00a0\u00bb\u2600\ufe0f C\u2019est quoi le bon nombre de pages?\u00a0\u00bb tab_id=\u00a0\u00bb1652707395588-f39efe4a-aa83&Prime;][vc_column_text]<\/p>\r\n<p><img decoding=\"async\" class=\"emoji\" role=\"img\" draggable=\"false\" src=\"https:\/\/s.w.org\/images\/core\/emoji\/13.1.0\/svg\/2600.svg\" alt=\"\u2600\ufe0f\" \/> Celui qu\u2019il faut pour strictement #circonscrire un sujet et ne surtout pas en d\u00e9border.<\/p>\r\n<p><img decoding=\"async\" class=\"emoji\" role=\"img\" draggable=\"false\" src=\"https:\/\/s.w.org\/images\/core\/emoji\/13.1.0\/svg\/2600.svg\" alt=\"\u2600\ufe0f\" \/> A l\u2019heure du #zapping, mieux vaut imaginer une s\u00e9rie de plusieurs petits volumes qu\u2019un bouquin de 800 pages et de 3 kilos.<\/p>\r\n<p><img decoding=\"async\" class=\"emoji\" role=\"img\" draggable=\"false\" src=\"https:\/\/s.w.org\/images\/core\/emoji\/13.1.0\/svg\/2600.svg\" alt=\"\u2600\ufe0f\" \/> Quant au nombre de pages, \u00e7a d\u00e9pend de leur dimension\u00a0<img decoding=\"async\" class=\"emoji\" role=\"img\" draggable=\"false\" src=\"https:\/\/s.w.org\/images\/core\/emoji\/13.1.0\/svg\/1f609.svg\" alt=\"\ud83d\ude09\" \/><\/p>\r\n<p>[\/vc_column_text][\/vc_tta_section][vc_tta_section title=\u00a0\u00bb\ud83d\udccd En fran\u00e7ais ET en anglais ?\u00a0\u00bb tab_id=\u00a0\u00bb1652707477336-3dfb6960-1ef5&Prime;][vc_column_text]<\/p>\r\n<p><img decoding=\"async\" class=\"emoji\" role=\"img\" draggable=\"false\" src=\"https:\/\/s.w.org\/images\/core\/emoji\/13.1.0\/svg\/1f4cd.svg\" alt=\"\ud83d\udccd\" \/> L\u2019\u00e9crit m\u00e9rite la #diffusion la plus large possible.<\/p>\r\n<p><img decoding=\"async\" class=\"emoji\" role=\"img\" draggable=\"false\" src=\"https:\/\/s.w.org\/images\/core\/emoji\/13.1.0\/svg\/1f4cd.svg\" alt=\"\ud83d\udccd\" \/> La plateforme de diffusion Amazon permet de desservir 12 march\u00e9s #g\u00e9ographiques diff\u00e9rents.<\/p>\r\n<p><img decoding=\"async\" class=\"emoji\" role=\"img\" draggable=\"false\" src=\"https:\/\/s.w.org\/images\/core\/emoji\/13.1.0\/svg\/1f4cd.svg\" alt=\"\ud83d\udccd\" \/> Pourquoi se limiter \u00e0 un march\u00e9 \u201clocal\u201d alors que les formules #PrintOnDemand et #Kindle permettent de ne pas gaspiller de papier et d\u2019\u00e9conomiser les frais d\u2019envoi.<\/p>\r\n<p>[\/vc_column_text][\/vc_tta_section][vc_tta_section title=\u00a0\u00bb\ud83c\udf40 Combien \u00e7a gagne un auteur? Combien \u00e7a rapporte un livre?\u00a0\u00bb tab_id=\u00a0\u00bb1652707503007-ca4e209d-ef17&Prime;][vc_column_text]<\/p>\r\n<p><img decoding=\"async\" class=\"emoji\" role=\"img\" draggable=\"false\" src=\"https:\/\/s.w.org\/images\/core\/emoji\/13.1.0\/svg\/1f340.svg\" alt=\"\ud83c\udf40\" \/>\u00a0Entre 15 et 30% de droits d\u2019auteur selon le mod\u00e8le de diffusion du livre.<\/p>\r\n<p><img decoding=\"async\" class=\"emoji\" role=\"img\" draggable=\"false\" src=\"https:\/\/s.w.org\/images\/core\/emoji\/13.1.0\/svg\/1f340.svg\" alt=\"\ud83c\udf40\" \/>\u00a0Le livre peut \u00eatre soit vendu en version #papier ou en version #ebook. Il peut aussi \u00eatre #emprunt\u00e9 selon la formule d\u2019abonnement #Prime.<\/p>\r\n<p><img decoding=\"async\" class=\"emoji\" role=\"img\" draggable=\"false\" src=\"https:\/\/s.w.org\/images\/core\/emoji\/13.1.0\/svg\/1f340.svg\" alt=\"\ud83c\udf40\" \/>\u00a0La r\u00e9mun\u00e9ration intervient au nombre de pages #lues OU au nombre d\u2019exemplaires #vendus.<\/p>\r\n<p>[\/vc_column_text][\/vc_tta_section][vc_tta_section title=\u00a0\u00bb\ud83e\udd8b J\u2019ai un manuscrit\u2026 alors je suis \u00e9crivain ?\u00a0\u00bb tab_id=\u00a0\u00bb1652707527429-bda3669d-34e4&Prime;][vc_column_text]<\/p>\r\n<p><img decoding=\"async\" class=\"emoji\" role=\"img\" draggable=\"false\" src=\"https:\/\/s.w.org\/images\/core\/emoji\/13.1.0\/svg\/1f98b.svg\" alt=\"\ud83e\udd8b\" \/>\u00a0Moi, lorsque je chante sous la douche, je m\u2019imagine remplir l\u2019Olympia ! Mais j\u2019ai pas encore de dates\u2026<\/p>\r\n<p><img decoding=\"async\" class=\"emoji\" role=\"img\" draggable=\"false\" src=\"https:\/\/s.w.org\/images\/core\/emoji\/13.1.0\/svg\/1f98b.svg\" alt=\"\ud83e\udd8b\" \/>\u00a0N\u2019est pas papillon qui veut, il faut r\u00e9ussir l\u2019examen chrysalide. Cela demande du #travail. Un peu de #temps. Beaucoup de #r\u00e9flexion.<\/p>\r\n<p><img decoding=\"async\" class=\"emoji\" role=\"img\" draggable=\"false\" src=\"https:\/\/s.w.org\/images\/core\/emoji\/13.1.0\/svg\/1f98b.svg\" alt=\"\ud83e\udd8b\" \/>\u00a0Mais ensuite\u2026 quel bonheur de pr\u00e9senter son livre au #public.<\/p>\r\n<p>[\/vc_column_text][\/vc_tta_section][vc_tta_section title=\u00a0\u00bb\ud83d\udca7 Est-ce qu\u2019on parle encore de \u201cmanuscrit\u201d si un livre est sous format digital?\u00a0\u00bb tab_id=\u00a0\u00bb1652707556305-22fc738a-7396&Prime;][vc_column_text]<\/p>\r\n<p><img decoding=\"async\" class=\"emoji\" role=\"img\" draggable=\"false\" src=\"https:\/\/s.w.org\/images\/core\/emoji\/13.1.0\/svg\/1f4a7.svg\" alt=\"\ud83d\udca7\" \/> L\u2019usage fait loi. Alors, la r\u00e9ponse est oui. Cependant certains choisissent d\u2019utiliser \u201ctapuscrit\u201d.<\/p>\r\n<p>Et \u00e7a nous fait sourire.<\/p>\r\n<p><img decoding=\"async\" class=\"emoji\" role=\"img\" draggable=\"false\" src=\"https:\/\/s.w.org\/images\/core\/emoji\/13.1.0\/svg\/1f4a7.svg\" alt=\"\ud83d\udca7\" \/>\u00a0Ou alors on envoie un lien vers un fichier en ligne\u2026 Et \u00e7a s\u2019appelle un lien vers un fichier en ligne.<\/p>\r\n<p>[\/vc_column_text][\/vc_tta_section][vc_tta_section title=\u00a0\u00bb\ud83d\ude35\u200d\ud83d\udcab \u00c7a prend combien de temps de publier un livre?\u00a0\u00bb tab_id=\u00a0\u00bb1652707579885-c776e049-dfaf\u00a0\u00bb][vc_column_text]<\/p>\r\n<p><img decoding=\"async\" class=\"emoji\" role=\"img\" draggable=\"false\" src=\"https:\/\/s.w.org\/images\/core\/emoji\/13.1.0\/svg\/1f635-200d-1f4ab.svg\" alt=\"\ud83d\ude35\u200d\ud83d\udcab\" \/> \u00c7a d\u00e9pend de l\u2019\u00e9tat du manuscrit. Combien de relectures seront-elles n\u00e9cessaires pour accoucher du texte d\u00e9finitif?<\/p>\r\n<p><img decoding=\"async\" class=\"emoji\" role=\"img\" draggable=\"false\" src=\"https:\/\/s.w.org\/images\/core\/emoji\/13.1.0\/svg\/1f635-200d-1f4ab.svg\" alt=\"\ud83d\ude35\u200d\ud83d\udcab\" \/> Les corrections portent-elles exclusivement sur la forme ou \u00e9galement sur le fond?<\/p>\r\n<p><img decoding=\"async\" class=\"emoji\" role=\"img\" draggable=\"false\" src=\"https:\/\/s.w.org\/images\/core\/emoji\/13.1.0\/svg\/1f635-200d-1f4ab.svg\" alt=\"\ud83d\ude35\u200d\ud83d\udcab\" \/> Le sujet est-il strictement circonscrit? Ou faut-il laisser le temps \u00e0 l\u2019auteur de faire le deuil de certaines pages?<\/p>\r\n<p><img decoding=\"async\" class=\"emoji\" role=\"img\" draggable=\"false\" src=\"https:\/\/s.w.org\/images\/core\/emoji\/13.1.0\/svg\/1f635-200d-1f4ab.svg\" alt=\"\ud83d\ude35\u200d\ud83d\udcab\" \/>\u00a0Lorsque la maquette d\u00e9finitive est valid\u00e9e, il faut 3 jours pour mettre un ebook en ligne et le vendre n\u2019importe o\u00f9 dans le monde.<\/p>\r\n<p>[\/vc_column_text][\/vc_tta_section][vc_tta_section title=\u00a0\u00bb\ud83e\uddf6 Et pour la version papier ?\u00a0\u00bb tab_id=\u00a0\u00bb1652707603382-d55926f5-d5c1&Prime;][vc_column_text]<\/p>\r\n<p><img decoding=\"async\" class=\"emoji\" role=\"img\" draggable=\"false\" src=\"https:\/\/s.w.org\/images\/core\/emoji\/13.1.0\/svg\/1f9f6.svg\" alt=\"\ud83e\uddf6\" \/> Il faut 4 jours pour obtenir la premi\u00e8re \u00e9preuve sous forme de Bon \u00e0 tirer.<\/p>\r\n<p><img decoding=\"async\" class=\"emoji\" role=\"img\" draggable=\"false\" src=\"https:\/\/s.w.org\/images\/core\/emoji\/13.1.0\/svg\/1f9f6.svg\" alt=\"\ud83e\uddf6\" \/> Et 24 heures apr\u00e8s la validation du B\u00e0T le livre est disponible\u00a0 \u00e0 la vente sur les 12 march\u00e9s g\u00e9ographiques d\u2019Amazon.<\/p>\r\n<p>[\/vc_column_text][\/vc_tta_section][\/vc_tta_accordion][\/vc_column][\/vc_row]<\/p>","protected":false},"excerpt":{"rendered":"<p>[vc_row disable_element=\u00a0\u00bbyes\u00a0\u00bb svg_background=\u00a0\u00bb%5B%7B%7D%5D\u00a0\u00bb][vc_column][vc_column_text]Pourquoi lancer une maison d\u2019\u00e9dition digital first ? \ud83c\udf4f Parce que nous sommes convaincus que la #diffusiondigitale s\u2019impose d\u2019elle-m\u00eame lorsque le livre papier n\u2019est pas accessible. Pour une question d\u2019 #acheminement. Et de #prix aussi. \ud83c\udf4f Parce qu\u2019il [&hellip;]<\/p>\n","protected":false},"author":4,"featured_media":0,"parent":0,"menu_order":0,"comment_status":"closed","ping_status":"closed","template":"","meta":{"footnotes":""},"class_list":["post-3069","page","type-page","status-publish","hentry"],"yoast_head":"<!-- This site is optimized with the Yoast SEO plugin v25.9 - https:\/\/yoast.com\/wordpress\/plugins\/seo\/ -->\n<title>FAQ - bb4 books<\/title>\n<meta name=\"robots\" content=\"index, follow, max-snippet:-1, max-image-preview:large, max-video-preview:-1\" \/>\n<link rel=\"canonical\" href=\"https:\/\/www.bb4books.com\/fr\/faq\/\" \/>\n<meta property=\"og:locale\" content=\"fr_FR\" \/>\n<meta property=\"og:type\" content=\"article\" \/>\n<meta property=\"og:title\" content=\"FAQ - bb4 books\" \/>\n<meta property=\"og:description\" content=\"[vc_row disable_element=\u00a0\u00bbyes\u00a0\u00bb svg_background=\u00a0\u00bb%5B%7B%7D%5D\u00a0\u00bb][vc_column][vc_column_text]Pourquoi lancer une maison d\u2019\u00e9dition digital first ? \ud83c\udf4f Parce que nous sommes convaincus que la #diffusiondigitale s\u2019impose d\u2019elle-m\u00eame lorsque le livre papier n\u2019est pas accessible. Pour une question d\u2019 #acheminement. Et de #prix aussi. \ud83c\udf4f Parce qu\u2019il [&hellip;]\" \/>\n<meta property=\"og:url\" content=\"https:\/\/www.bb4books.com\/fr\/faq\/\" \/>\n<meta property=\"og:site_name\" content=\"bb4 books\" \/>\n<meta property=\"article:modified_time\" content=\"2022-11-09T11:51:56+00:00\" \/>\n<meta property=\"og:image\" content=\"https:\/\/s.w.org\/images\/core\/emoji\/13.1.0\/svg\/1f34f.svg\" \/>\n<meta name=\"twitter:card\" content=\"summary_large_image\" \/>\n<meta name=\"twitter:label1\" content=\"Dur\u00e9e de lecture estim\u00e9e\" \/>\n\t<meta name=\"twitter:data1\" content=\"11 minutes\" \/>\n<script type=\"application\/ld+json\" class=\"yoast-schema-graph\">{\"@context\":\"https:\/\/schema.org\",\"@graph\":[{\"@type\":\"WebPage\",\"@id\":\"https:\/\/www.bb4books.com\/fr\/faq\/\",\"url\":\"https:\/\/www.bb4books.com\/fr\/faq\/\",\"name\":\"FAQ - bb4 books\",\"isPartOf\":{\"@id\":\"https:\/\/www.bb4books.com\/#website\"},\"primaryImageOfPage\":{\"@id\":\"https:\/\/www.bb4books.com\/fr\/faq\/#primaryimage\"},\"image\":{\"@id\":\"https:\/\/www.bb4books.com\/fr\/faq\/#primaryimage\"},\"thumbnailUrl\":\"https:\/\/s.w.org\/images\/core\/emoji\/13.1.0\/svg\/1f34f.svg\",\"datePublished\":\"2021-12-29T05:37:34+00:00\",\"dateModified\":\"2022-11-09T11:51:56+00:00\",\"breadcrumb\":{\"@id\":\"https:\/\/www.bb4books.com\/fr\/faq\/#breadcrumb\"},\"inLanguage\":\"fr-FR\",\"potentialAction\":[{\"@type\":\"ReadAction\",\"target\":[\"https:\/\/www.bb4books.com\/fr\/faq\/\"]}]},{\"@type\":\"ImageObject\",\"inLanguage\":\"fr-FR\",\"@id\":\"https:\/\/www.bb4books.com\/fr\/faq\/#primaryimage\",\"url\":\"https:\/\/s.w.org\/images\/core\/emoji\/13.1.0\/svg\/1f34f.svg\",\"contentUrl\":\"https:\/\/s.w.org\/images\/core\/emoji\/13.1.0\/svg\/1f34f.svg\"},{\"@type\":\"BreadcrumbList\",\"@id\":\"https:\/\/www.bb4books.com\/fr\/faq\/#breadcrumb\",\"itemListElement\":[{\"@type\":\"ListItem\",\"position\":1,\"name\":\"Home\",\"item\":\"https:\/\/www.bb4books.com\/fr\/\"},{\"@type\":\"ListItem\",\"position\":2,\"name\":\"FAQ\"}]},{\"@type\":\"WebSite\",\"@id\":\"https:\/\/www.bb4books.com\/#website\",\"url\":\"https:\/\/www.bb4books.com\/\",\"name\":\"bb4 books\",\"description\":\"Librairie bb4 books\",\"publisher\":{\"@id\":\"https:\/\/www.bb4books.com\/#organization\"},\"potentialAction\":[{\"@type\":\"SearchAction\",\"target\":{\"@type\":\"EntryPoint\",\"urlTemplate\":\"https:\/\/www.bb4books.com\/?s={search_term_string}\"},\"query-input\":{\"@type\":\"PropertyValueSpecification\",\"valueRequired\":true,\"valueName\":\"search_term_string\"}}],\"inLanguage\":\"fr-FR\"},{\"@type\":\"Organization\",\"@id\":\"https:\/\/www.bb4books.com\/#organization\",\"name\":\"bb4books\",\"url\":\"https:\/\/www.bb4books.com\/\",\"logo\":{\"@type\":\"ImageObject\",\"inLanguage\":\"fr-FR\",\"@id\":\"https:\/\/www.bb4books.com\/#\/schema\/logo\/image\/\",\"url\":\"https:\/\/www.bb4books.com\/wp-content\/uploads\/2022\/03\/mini-logo-bb4.png\",\"contentUrl\":\"https:\/\/www.bb4books.com\/wp-content\/uploads\/2022\/03\/mini-logo-bb4.png\",\"width\":254,\"height\":200,\"caption\":\"bb4books\"},\"image\":{\"@id\":\"https:\/\/www.bb4books.com\/#\/schema\/logo\/image\/\"}}]}<\/script>\n<!-- \/ Yoast SEO plugin. -->","yoast_head_json":{"title":"FAQ - bb4 books","robots":{"index":"index","follow":"follow","max-snippet":"max-snippet:-1","max-image-preview":"max-image-preview:large","max-video-preview":"max-video-preview:-1"},"canonical":"https:\/\/www.bb4books.com\/fr\/faq\/","og_locale":"fr_FR","og_type":"article","og_title":"FAQ - bb4 books","og_description":"[vc_row disable_element=\u00a0\u00bbyes\u00a0\u00bb svg_background=\u00a0\u00bb%5B%7B%7D%5D\u00a0\u00bb][vc_column][vc_column_text]Pourquoi lancer une maison d\u2019\u00e9dition digital first ? \ud83c\udf4f Parce que nous sommes convaincus que la #diffusiondigitale s\u2019impose d\u2019elle-m\u00eame lorsque le livre papier n\u2019est pas accessible. Pour une question d\u2019 #acheminement. Et de #prix aussi. \ud83c\udf4f Parce qu\u2019il [&hellip;]","og_url":"https:\/\/www.bb4books.com\/fr\/faq\/","og_site_name":"bb4 books","article_modified_time":"2022-11-09T11:51:56+00:00","og_image":[{"url":"https:\/\/s.w.org\/images\/core\/emoji\/13.1.0\/svg\/1f34f.svg","type":"","width":"","height":""}],"twitter_card":"summary_large_image","twitter_misc":{"Dur\u00e9e de lecture estim\u00e9e":"11 minutes"},"schema":{"@context":"https:\/\/schema.org","@graph":[{"@type":"WebPage","@id":"https:\/\/www.bb4books.com\/fr\/faq\/","url":"https:\/\/www.bb4books.com\/fr\/faq\/","name":"FAQ - bb4 books","isPartOf":{"@id":"https:\/\/www.bb4books.com\/#website"},"primaryImageOfPage":{"@id":"https:\/\/www.bb4books.com\/fr\/faq\/#primaryimage"},"image":{"@id":"https:\/\/www.bb4books.com\/fr\/faq\/#primaryimage"},"thumbnailUrl":"https:\/\/s.w.org\/images\/core\/emoji\/13.1.0\/svg\/1f34f.svg","datePublished":"2021-12-29T05:37:34+00:00","dateModified":"2022-11-09T11:51:56+00:00","breadcrumb":{"@id":"https:\/\/www.bb4books.com\/fr\/faq\/#breadcrumb"},"inLanguage":"fr-FR","potentialAction":[{"@type":"ReadAction","target":["https:\/\/www.bb4books.com\/fr\/faq\/"]}]},{"@type":"ImageObject","inLanguage":"fr-FR","@id":"https:\/\/www.bb4books.com\/fr\/faq\/#primaryimage","url":"https:\/\/s.w.org\/images\/core\/emoji\/13.1.0\/svg\/1f34f.svg","contentUrl":"https:\/\/s.w.org\/images\/core\/emoji\/13.1.0\/svg\/1f34f.svg"},{"@type":"BreadcrumbList","@id":"https:\/\/www.bb4books.com\/fr\/faq\/#breadcrumb","itemListElement":[{"@type":"ListItem","position":1,"name":"Home","item":"https:\/\/www.bb4books.com\/fr\/"},{"@type":"ListItem","position":2,"name":"FAQ"}]},{"@type":"WebSite","@id":"https:\/\/www.bb4books.com\/#website","url":"https:\/\/www.bb4books.com\/","name":"bb4 books","description":"Librairie bb4 books","publisher":{"@id":"https:\/\/www.bb4books.com\/#organization"},"potentialAction":[{"@type":"SearchAction","target":{"@type":"EntryPoint","urlTemplate":"https:\/\/www.bb4books.com\/?s={search_term_string}"},"query-input":{"@type":"PropertyValueSpecification","valueRequired":true,"valueName":"search_term_string"}}],"inLanguage":"fr-FR"},{"@type":"Organization","@id":"https:\/\/www.bb4books.com\/#organization","name":"bb4books","url":"https:\/\/www.bb4books.com\/","logo":{"@type":"ImageObject","inLanguage":"fr-FR","@id":"https:\/\/www.bb4books.com\/#\/schema\/logo\/image\/","url":"https:\/\/www.bb4books.com\/wp-content\/uploads\/2022\/03\/mini-logo-bb4.png","contentUrl":"https:\/\/www.bb4books.com\/wp-content\/uploads\/2022\/03\/mini-logo-bb4.png","width":254,"height":200,"caption":"bb4books"},"image":{"@id":"https:\/\/www.bb4books.com\/#\/schema\/logo\/image\/"}}]}},"_links":{"self":[{"href":"https:\/\/www.bb4books.com\/fr\/wp-json\/wp\/v2\/pages\/3069","targetHints":{"allow":["GET"]}}],"collection":[{"href":"https:\/\/www.bb4books.com\/fr\/wp-json\/wp\/v2\/pages"}],"about":[{"href":"https:\/\/www.bb4books.com\/fr\/wp-json\/wp\/v2\/types\/page"}],"author":[{"embeddable":true,"href":"https:\/\/www.bb4books.com\/fr\/wp-json\/wp\/v2\/users\/4"}],"replies":[{"embeddable":true,"href":"https:\/\/www.bb4books.com\/fr\/wp-json\/wp\/v2\/comments?post=3069"}],"version-history":[{"count":0,"href":"https:\/\/www.bb4books.com\/fr\/wp-json\/wp\/v2\/pages\/3069\/revisions"}],"wp:attachment":[{"href":"https:\/\/www.bb4books.com\/fr\/wp-json\/wp\/v2\/media?parent=3069"}],"curies":[{"name":"wp","href":"https:\/\/api.w.org\/{rel}","templated":true}]}}