{"id":3058,"date":"2021-12-29T05:34:41","date_gmt":"2021-12-29T05:34:41","guid":{"rendered":"https:\/\/www.bb4books.com\/?page_id=3058"},"modified":"2022-05-19T19:27:49","modified_gmt":"2022-05-19T19:27:49","slug":"politique-de-confidentialite","status":"publish","type":"page","link":"https:\/\/www.bb4books.com\/fr\/politique-de-confidentialite\/","title":{"rendered":"Politique de confidentialit\u00e9"},"content":{"rendered":"\n<p><strong>Divulgation par des tiers<\/strong>\u00a0<\/p>\n\n\n\n<p>Nous ne vendons, n\u2019\u00e9changeons pas ou ne transf\u00e9rons pas \u00e0 des tiers vos informations personnellement identifiables, sauf si nous vous en informons \u00e0 l\u2019avance. Cela n\u2019inclut pas les partenaires d\u2019h\u00e9bergement de sites Web et les autres parties qui nous aident \u00e0 exploiter notre site Web, \u00e0 mener nos activit\u00e9s ou \u00e0 vous servir, tant que ces parties acceptent de garder ces informations confidentielles. Nous pouvons \u00e9galement divulguer vos informations lorsque nous pensons que la divulgation est appropri\u00e9e pour se conformer \u00e0 la loi, appliquer les politiques de notre site ou prot\u00e9ger nos droits, notre propri\u00e9t\u00e9 ou notre s\u00e9curit\u00e9 ou ceux d\u2019autrui.<\/p>\n\n\n\n<p>Cependant, des informations sur les visiteurs non personnellement identifiables peuvent \u00eatre fournies \u00e0 d\u2019autres parties \u00e0 des fins de marketing, de publicit\u00e9 ou \u00e0 d\u2019autres fins.<\/p>\n\n\n\n<p><br><strong>Liens de tiers<\/strong><\/p>\n\n\n\n<p>Nous n\u2019incluons ni n\u2019offrons de produits ou services de tiers sur notre site Web.<\/p>\n\n\n\n<p>Les exigences publicitaires de Facebook. Facebook peuvent \u00eatre r\u00e9sum\u00e9es par la politique publicitaire de Facebook. Ils sont con\u00e7us pour offrir une exp\u00e9rience positive aux utilisateurs.<\/p>\n\n\n\n<p><a href=\"https:\/\/www.facebook.com\/policies\/ads\/\">https:\/\/www.facebook.com\/policies\/ads\/<\/a><\/p>\n\n\n\n<p>Facebook en tant que fournisseur tiers, utilise des cookies pour diffuser des publicit\u00e9s sur notre site. L\u2019utilisation par Facebook du cookie DART lui permet de diffuser des publicit\u00e9s \u00e0 nos utilisateurs en fonction de leur visite sur notre site et d\u2019autres sites sur Internet. Les utilisateurs peuvent refuser l\u2019utilisation du cookie DART en visitant la politique de confidentialit\u00e9 du r\u00e9seau de publicit\u00e9 et de contenu Facebook.<\/p>\n\n\n\n<p>Google peuvent \u00eatre r\u00e9sum\u00e9es par les principes publicitaires de Google. Ils sont mis en place pour offrir une exp\u00e9rience positive aux utilisateurs. <a href=\"https:\/\/mailtrack.io\/trace\/link\/87eb92e877f123f026d8bfb960b543b94127f23f?url=https%3A%2F%2Fsupport.google.com%2Fadwordspolicy%2Fanswer%2F1316548%3Fhl%3Den&amp;userId=5368505&amp;signature=9002df2264f1959e\">https:\/\/support.google.com\/adwordspolicy\/answer\/1316548?hl=en<\/a><\/p>\n\n\n\n<p>Nous utilisons Google AdSense Advertising sur notre site Web.<\/p>\n\n\n\n<p>Google, en tant que fournisseur tiers, utilise des cookies pour diffuser des annonces sur notre site. L\u2019utilisation par Google du cookie DART lui permet de diffuser des annonces \u00e0 nos utilisateurs en fonction de leur visite sur notre site et d\u2019autres sites sur Internet. Les utilisateurs peuvent refuser l\u2019utilisation du cookie DART en consultant la politique de confidentialit\u00e9 des annonces et du r\u00e9seau de contenu de Google.<\/p>\n\n\n\n<p>Nous avons mis en \u0153uvre les \u00e9l\u00e9ments suivants :<\/p>\n\n\n\n<ul class=\"wp-block-list\"><li>Rapports d\u2019impression sur le R\u00e9seau Display de Google<\/li><li>Rapports sur les donn\u00e9es d\u00e9mographiques et les centres d\u2019int\u00e9r\u00eat<\/li><li>Int\u00e9gration de la plate-forme DoubleClick<\/li><\/ul>\n\n\n\n<p><br>En collaboration avec des fournisseurs tiers, tels que Google, nous utilisons des cookies de premi\u00e8re partie (tels que les cookies Google Analytics) et des cookies tiers (tels que le cookie DoubleClick) ou d\u2019autres identifiants tiers pour compiler des donn\u00e9es concernant les interactions des utilisateurs avec les impressions d\u2019annonces et d\u2019autres fonctions de service d\u2019annonces en rapport avec notre site Web.<\/p>\n\n\n\n<p><br><strong>Option de refus<\/strong><\/p>\n\n\n\n<p>Comment notre site traite-t-il les signaux \u00ab do not track \u00bb ?<\/p>\n\n\n\n<p>Nous honorons les signaux \u00ab do not track \u00bb et ne faisons pas de suivi, n\u2019installons pas de cookies et n\u2019utilisons pas de publicit\u00e9 lorsqu\u2019un m\u00e9canisme de navigateur \u00ab Do Not Track \u00bb (DNT) est en place.<\/p>\n\n\n\n<p>Notre site autorise-t-il le suivi comportemental par des tiers ?<\/p>\n\n\n\n<p>Il est \u00e9galement important de noter que nous autorisons le suivi comportemental par des tiers.<\/p>\n\n\n\n<p>La s\u00e9curit\u00e9 des informations est importante pour nous, et nous nous engageons \u00e0 utiliser des mesures raisonnables pour prot\u00e9ger les informations personnelles que nous pouvons collecter.<\/p>\n\n\n\n<p>Cependant, en raison de la nature ouverte inh\u00e9rente d\u2019Internet, nous ne pouvons pas garantir que les communications entre vous et nous ou les informations stock\u00e9es sur notre site sont absolument s\u00e9curis\u00e9es.<\/p>\n\n\n\n<p>Protection de la vie priv\u00e9e des enfants en ligne Notre site n\u2019est pas destin\u00e9 aux enfants et nous ne sollicitons pas sciemment de donn\u00e9es personnelles ou ne communiquons pas avec des enfants de moins de 13 ans. De plus, ce site n\u2019est pas destin\u00e9 aux personnes inaptes et nous ne sollicitons pas sciemment des donn\u00e9es personnelles aupr\u00e8s de personnes inaptes. Si vous apprenez que votre enfant, un enfant dont vous avez la charge ou une personne qui n\u2019est pas en mesure de fournir un consentement valide nous a fourni des renseignements sans le consentement d\u2019un parent ou d\u2019un tuteur, veuillez communiquer avec nous comme d\u00e9crit ci-dessous.<\/p>\n\n\n\n<p>Nous contacter Si vous avez des questions concernant cette politique de confidentialit\u00e9, vous pouvez nous contacter en utilisant les informations ci-dessous.<\/p>\n\n\n\n<p><br>bb4 books<\/p>\n\n\n\n<p>Avenue Coghen 183<\/p>\n\n\n\n<p>1180 Uccle \u2013 BELGIQUE+32 475 76 75 00 incomparable@bb4books.com<\/p>\n","protected":false},"excerpt":{"rendered":"<p>Divulgation par des tiers\u00a0 Nous ne vendons, n\u2019\u00e9changeons pas ou ne transf\u00e9rons pas \u00e0 des tiers vos informations personnellement identifiables, sauf si nous vous en informons \u00e0 l\u2019avance. Cela n\u2019inclut pas les partenaires d\u2019h\u00e9bergement de sites Web et les autres [&hellip;]<\/p>\n","protected":false},"author":4,"featured_media":0,"parent":0,"menu_order":0,"comment_status":"closed","ping_status":"closed","template":"","meta":{"footnotes":""},"class_list":["post-3058","page","type-page","status-publish","hentry"],"yoast_head":"<!-- This site is optimized with the Yoast SEO plugin v25.9 - https:\/\/yoast.com\/wordpress\/plugins\/seo\/ -->\n<title>Politique de confidentialit\u00e9 - bb4 books<\/title>\n<meta name=\"robots\" content=\"index, follow, max-snippet:-1, max-image-preview:large, max-video-preview:-1\" \/>\n<link rel=\"canonical\" href=\"https:\/\/www.bb4books.com\/fr\/politique-de-confidentialite\/\" \/>\n<meta property=\"og:locale\" content=\"fr_FR\" \/>\n<meta property=\"og:type\" content=\"article\" \/>\n<meta property=\"og:title\" content=\"Politique de confidentialit\u00e9 - bb4 books\" \/>\n<meta property=\"og:description\" content=\"Divulgation par des tiers\u00a0 Nous ne vendons, n\u2019\u00e9changeons pas ou ne transf\u00e9rons pas \u00e0 des tiers vos informations personnellement identifiables, sauf si nous vous en informons \u00e0 l\u2019avance. Cela n\u2019inclut pas les partenaires d\u2019h\u00e9bergement de sites Web et les autres [&hellip;]\" \/>\n<meta property=\"og:url\" content=\"https:\/\/www.bb4books.com\/fr\/politique-de-confidentialite\/\" \/>\n<meta property=\"og:site_name\" content=\"bb4 books\" \/>\n<meta property=\"article:modified_time\" content=\"2022-05-19T19:27:49+00:00\" \/>\n<meta property=\"og:image\" content=\"https:\/\/www.bb4books.com\/wp-content\/uploads\/2022\/09\/bb4books-logo-PNG-Linkedin-couverture.png\" \/>\n\t<meta property=\"og:image:width\" content=\"1584\" \/>\n\t<meta property=\"og:image:height\" content=\"396\" \/>\n\t<meta property=\"og:image:type\" content=\"image\/png\" \/>\n<meta name=\"twitter:card\" content=\"summary_large_image\" \/>\n<meta name=\"twitter:label1\" content=\"Dur\u00e9e de lecture estim\u00e9e\" \/>\n\t<meta name=\"twitter:data1\" content=\"4 minutes\" \/>\n<script type=\"application\/ld+json\" class=\"yoast-schema-graph\">{\"@context\":\"https:\/\/schema.org\",\"@graph\":[{\"@type\":\"WebPage\",\"@id\":\"https:\/\/www.bb4books.com\/fr\/politique-de-confidentialite\/\",\"url\":\"https:\/\/www.bb4books.com\/fr\/politique-de-confidentialite\/\",\"name\":\"Politique de confidentialit\u00e9 - bb4 books\",\"isPartOf\":{\"@id\":\"https:\/\/www.bb4books.com\/#website\"},\"datePublished\":\"2021-12-29T05:34:41+00:00\",\"dateModified\":\"2022-05-19T19:27:49+00:00\",\"breadcrumb\":{\"@id\":\"https:\/\/www.bb4books.com\/fr\/politique-de-confidentialite\/#breadcrumb\"},\"inLanguage\":\"fr-FR\",\"potentialAction\":[{\"@type\":\"ReadAction\",\"target\":[\"https:\/\/www.bb4books.com\/fr\/politique-de-confidentialite\/\"]}]},{\"@type\":\"BreadcrumbList\",\"@id\":\"https:\/\/www.bb4books.com\/fr\/politique-de-confidentialite\/#breadcrumb\",\"itemListElement\":[{\"@type\":\"ListItem\",\"position\":1,\"name\":\"Home\",\"item\":\"https:\/\/www.bb4books.com\/fr\/\"},{\"@type\":\"ListItem\",\"position\":2,\"name\":\"Politique de confidentialit\u00e9\"}]},{\"@type\":\"WebSite\",\"@id\":\"https:\/\/www.bb4books.com\/#website\",\"url\":\"https:\/\/www.bb4books.com\/\",\"name\":\"bb4 books\",\"description\":\"Librairie bb4 books\",\"publisher\":{\"@id\":\"https:\/\/www.bb4books.com\/#organization\"},\"potentialAction\":[{\"@type\":\"SearchAction\",\"target\":{\"@type\":\"EntryPoint\",\"urlTemplate\":\"https:\/\/www.bb4books.com\/?s={search_term_string}\"},\"query-input\":{\"@type\":\"PropertyValueSpecification\",\"valueRequired\":true,\"valueName\":\"search_term_string\"}}],\"inLanguage\":\"fr-FR\"},{\"@type\":\"Organization\",\"@id\":\"https:\/\/www.bb4books.com\/#organization\",\"name\":\"bb4books\",\"url\":\"https:\/\/www.bb4books.com\/\",\"logo\":{\"@type\":\"ImageObject\",\"inLanguage\":\"fr-FR\",\"@id\":\"https:\/\/www.bb4books.com\/#\/schema\/logo\/image\/\",\"url\":\"https:\/\/www.bb4books.com\/wp-content\/uploads\/2022\/03\/mini-logo-bb4.png\",\"contentUrl\":\"https:\/\/www.bb4books.com\/wp-content\/uploads\/2022\/03\/mini-logo-bb4.png\",\"width\":254,\"height\":200,\"caption\":\"bb4books\"},\"image\":{\"@id\":\"https:\/\/www.bb4books.com\/#\/schema\/logo\/image\/\"}}]}<\/script>\n<!-- \/ Yoast SEO plugin. -->","yoast_head_json":{"title":"Politique de confidentialit\u00e9 - bb4 books","robots":{"index":"index","follow":"follow","max-snippet":"max-snippet:-1","max-image-preview":"max-image-preview:large","max-video-preview":"max-video-preview:-1"},"canonical":"https:\/\/www.bb4books.com\/fr\/politique-de-confidentialite\/","og_locale":"fr_FR","og_type":"article","og_title":"Politique de confidentialit\u00e9 - bb4 books","og_description":"Divulgation par des tiers\u00a0 Nous ne vendons, n\u2019\u00e9changeons pas ou ne transf\u00e9rons pas \u00e0 des tiers vos informations personnellement identifiables, sauf si nous vous en informons \u00e0 l\u2019avance. Cela n\u2019inclut pas les partenaires d\u2019h\u00e9bergement de sites Web et les autres [&hellip;]","og_url":"https:\/\/www.bb4books.com\/fr\/politique-de-confidentialite\/","og_site_name":"bb4 books","article_modified_time":"2022-05-19T19:27:49+00:00","og_image":[{"width":1584,"height":396,"url":"https:\/\/www.bb4books.com\/wp-content\/uploads\/2022\/09\/bb4books-logo-PNG-Linkedin-couverture.png","type":"image\/png"}],"twitter_card":"summary_large_image","twitter_misc":{"Dur\u00e9e de lecture estim\u00e9e":"4 minutes"},"schema":{"@context":"https:\/\/schema.org","@graph":[{"@type":"WebPage","@id":"https:\/\/www.bb4books.com\/fr\/politique-de-confidentialite\/","url":"https:\/\/www.bb4books.com\/fr\/politique-de-confidentialite\/","name":"Politique de confidentialit\u00e9 - bb4 books","isPartOf":{"@id":"https:\/\/www.bb4books.com\/#website"},"datePublished":"2021-12-29T05:34:41+00:00","dateModified":"2022-05-19T19:27:49+00:00","breadcrumb":{"@id":"https:\/\/www.bb4books.com\/fr\/politique-de-confidentialite\/#breadcrumb"},"inLanguage":"fr-FR","potentialAction":[{"@type":"ReadAction","target":["https:\/\/www.bb4books.com\/fr\/politique-de-confidentialite\/"]}]},{"@type":"BreadcrumbList","@id":"https:\/\/www.bb4books.com\/fr\/politique-de-confidentialite\/#breadcrumb","itemListElement":[{"@type":"ListItem","position":1,"name":"Home","item":"https:\/\/www.bb4books.com\/fr\/"},{"@type":"ListItem","position":2,"name":"Politique de confidentialit\u00e9"}]},{"@type":"WebSite","@id":"https:\/\/www.bb4books.com\/#website","url":"https:\/\/www.bb4books.com\/","name":"bb4 books","description":"Librairie bb4 books","publisher":{"@id":"https:\/\/www.bb4books.com\/#organization"},"potentialAction":[{"@type":"SearchAction","target":{"@type":"EntryPoint","urlTemplate":"https:\/\/www.bb4books.com\/?s={search_term_string}"},"query-input":{"@type":"PropertyValueSpecification","valueRequired":true,"valueName":"search_term_string"}}],"inLanguage":"fr-FR"},{"@type":"Organization","@id":"https:\/\/www.bb4books.com\/#organization","name":"bb4books","url":"https:\/\/www.bb4books.com\/","logo":{"@type":"ImageObject","inLanguage":"fr-FR","@id":"https:\/\/www.bb4books.com\/#\/schema\/logo\/image\/","url":"https:\/\/www.bb4books.com\/wp-content\/uploads\/2022\/03\/mini-logo-bb4.png","contentUrl":"https:\/\/www.bb4books.com\/wp-content\/uploads\/2022\/03\/mini-logo-bb4.png","width":254,"height":200,"caption":"bb4books"},"image":{"@id":"https:\/\/www.bb4books.com\/#\/schema\/logo\/image\/"}}]}},"_links":{"self":[{"href":"https:\/\/www.bb4books.com\/fr\/wp-json\/wp\/v2\/pages\/3058","targetHints":{"allow":["GET"]}}],"collection":[{"href":"https:\/\/www.bb4books.com\/fr\/wp-json\/wp\/v2\/pages"}],"about":[{"href":"https:\/\/www.bb4books.com\/fr\/wp-json\/wp\/v2\/types\/page"}],"author":[{"embeddable":true,"href":"https:\/\/www.bb4books.com\/fr\/wp-json\/wp\/v2\/users\/4"}],"replies":[{"embeddable":true,"href":"https:\/\/www.bb4books.com\/fr\/wp-json\/wp\/v2\/comments?post=3058"}],"version-history":[{"count":0,"href":"https:\/\/www.bb4books.com\/fr\/wp-json\/wp\/v2\/pages\/3058\/revisions"}],"wp:attachment":[{"href":"https:\/\/www.bb4books.com\/fr\/wp-json\/wp\/v2\/media?parent=3058"}],"curies":[{"name":"wp","href":"https:\/\/api.w.org\/{rel}","templated":true}]}}