{"id":2883,"date":"2021-11-08T09:44:34","date_gmt":"2021-11-08T09:44:34","guid":{"rendered":"https:\/\/www.bb4books.com\/legal-notices-fr\/"},"modified":"2022-05-19T19:25:30","modified_gmt":"2022-05-19T19:25:30","slug":"mentions-legales","status":"publish","type":"page","link":"https:\/\/www.bb4books.com\/fr\/mentions-legales\/","title":{"rendered":"Mentions l\u00e9gales"},"content":{"rendered":"\n<p>Cette politique de confidentialit\u00e9 a \u00e9t\u00e9 compil\u00e9e pour mieux servir ceux qui sont pr\u00e9occup\u00e9s par la fa\u00e7on dont leurs \u00ab informations personnellement identifiables \u00bb (PII) sont utilis\u00e9es en ligne. Les IPI, telles qu\u2019elles sont utilis\u00e9es dans le domaine de la s\u00e9curit\u00e9 de l\u2019information, sont des informations qui peuvent \u00eatre utilis\u00e9es seules ou avec d\u2019autres informations pour identifier, contacter ou localiser une seule personne, ou pour identifier une personne dans son contexte. Veuillez lire attentivement notre politique de confidentialit\u00e9 pour bien comprendre comment nous recueillons, utilisons, prot\u00e9geons ou traitons vos informations personnellement identifiables conform\u00e9ment \u00e0 notre site Web.<br><\/p>\n\n\n\n<p><strong>Qui est bb4 books?<\/strong><\/p>\n\n\n\n<p>bb4 books est une maison d\u2019\u00e9dition digital first. Notre objectif est d\u2019offrir \u00e0 tous la possibilit\u00e9 d\u2019acc\u00e9der \u00e0 un large choix de livres inspirationnels. Tous les utilisateurs auront acc\u00e8s \u00e0 des livres digitaux mais aussi en format papier.&nbsp;<\/p>\n\n\n\n<p>Notre positionnement est la vulgarisation de connaissances et l\u2019accessibilit\u00e9 la plus large de comp\u00e9tences sp\u00e9cifiques.&nbsp;<\/p>\n\n\n\n<p>Depuis la soumission du manuscrit jusqu&rsquo;au programme de r\u00e9mun\u00e9ration de droits d&rsquo;auteur, nous accompagnons l&rsquo;\u00e9criture et les auteurs \u00e0 chaque \u00e9tape du monde de l&rsquo;\u00e9dition.<\/p>\n\n\n\n<p>Quels renseignements personnels recueillons-nous aupr\u00e8s des personnes qui visitent notre blog, notre site Web ou notre application?<\/p>\n\n\n\n<p>Lors de la commande ou de l\u2019inscription sur notre site, le cas \u00e9ch\u00e9ant, il peut vous \u00eatre demand\u00e9 d\u2019entrer votre nom, votre adresse e-mail, votre num\u00e9ro de t\u00e9l\u00e9phone ou d\u2019autres d\u00e9tails pour vous aider dans votre exp\u00e9rience.<br><\/p>\n\n\n\n<p><strong>Quand recueillons-nous des renseignements?<\/strong><\/p>\n\n\n\n<p>Nous recueillons des renseignements aupr\u00e8s de vous lorsque vous remplissez un formulaire sur notre site.<\/p>\n\n\n\n<p><br><strong>Comment utilisons-nous vos informations ?<\/strong><\/p>\n\n\n\n<p>Nous pouvons utiliser les informations que nous recueillons aupr\u00e8s de vous lorsque vous vous inscrivez, effectuez un achat, vous inscrivez \u00e0 notre newsletter, r\u00e9pondez \u00e0 un sondage ou \u00e0 une communication marketing, naviguez sur le site Web ou utilisez certaines autres fonctionnalit\u00e9s du site, telles que nous permettre de mieux vous servir en r\u00e9pondant \u00e0 vos demandes de service \u00e0 la client\u00e8le.<\/p>\n\n\n\n<p><br><strong>Comment prot\u00e9geons-nous les informations des visiteurs ?<\/strong><\/p>\n\n\n\n<p>Nous n\u2019utilisons pas l\u2019analyse des vuln\u00e9rabilit\u00e9s et\/ou l\u2019analyse selon les normes PCI.<\/p>\n\n\n\n<p>Nous utilisons r\u00e9guli\u00e8rement l\u2019analyse des logiciels malveillants.<\/p>\n\n\n\n<p>Vos informations personnelles sont contenues derri\u00e8re des r\u00e9seaux s\u00e9curis\u00e9s et ne sont accessibles qu\u2019\u00e0 un nombre limit\u00e9 de personnes qui ont des droits d\u2019acc\u00e8s sp\u00e9ciaux \u00e0 ces syst\u00e8mes, et sont tenues de garder les informations confidentielles.<\/p>\n\n\n\n<p>Nous mettons en \u0153uvre une vari\u00e9t\u00e9 de mesures de s\u00e9curit\u00e9 lorsqu\u2019un utilisateur entre, soumet ou acc\u00e8de \u00e0 ses informations pour maintenir la s\u00e9curit\u00e9 de vos informations personnelles.<br><\/p>\n\n\n\n<p>bb4 books<\/p>\n\n\n\n<p>Avenue Coghen 183<\/p>\n\n\n\n<p>1180 Uccle \u2013 BELGIQUE+32 475 76 75 00 incomparable@bb4books.com<\/p>\n","protected":false},"excerpt":{"rendered":"<p>Cette politique de confidentialit\u00e9 a \u00e9t\u00e9 compil\u00e9e pour mieux servir ceux qui sont pr\u00e9occup\u00e9s par la fa\u00e7on dont leurs \u00ab informations personnellement identifiables \u00bb (PII) sont utilis\u00e9es en ligne. Les IPI, telles qu\u2019elles sont utilis\u00e9es dans le domaine de la [&hellip;]<\/p>\n","protected":false},"author":4,"featured_media":0,"parent":0,"menu_order":0,"comment_status":"closed","ping_status":"closed","template":"","meta":{"footnotes":""},"class_list":["post-2883","page","type-page","status-publish","hentry"],"yoast_head":"<!-- This site is optimized with the Yoast SEO plugin v25.9 - https:\/\/yoast.com\/wordpress\/plugins\/seo\/ -->\n<title>Mentions l\u00e9gales - bb4 books<\/title>\n<meta name=\"robots\" content=\"index, follow, max-snippet:-1, max-image-preview:large, max-video-preview:-1\" \/>\n<link rel=\"canonical\" href=\"https:\/\/www.bb4books.com\/fr\/mentions-legales\/\" \/>\n<meta property=\"og:locale\" content=\"fr_FR\" \/>\n<meta property=\"og:type\" content=\"article\" \/>\n<meta property=\"og:title\" content=\"Mentions l\u00e9gales - bb4 books\" \/>\n<meta property=\"og:description\" content=\"Cette politique de confidentialit\u00e9 a \u00e9t\u00e9 compil\u00e9e pour mieux servir ceux qui sont pr\u00e9occup\u00e9s par la fa\u00e7on dont leurs \u00ab informations personnellement identifiables \u00bb (PII) sont utilis\u00e9es en ligne. Les IPI, telles qu\u2019elles sont utilis\u00e9es dans le domaine de la [&hellip;]\" \/>\n<meta property=\"og:url\" content=\"https:\/\/www.bb4books.com\/fr\/mentions-legales\/\" \/>\n<meta property=\"og:site_name\" content=\"bb4 books\" \/>\n<meta property=\"article:modified_time\" content=\"2022-05-19T19:25:30+00:00\" \/>\n<meta property=\"og:image\" content=\"https:\/\/www.bb4books.com\/wp-content\/uploads\/2022\/09\/bb4books-logo-PNG-Linkedin-couverture.png\" \/>\n\t<meta property=\"og:image:width\" content=\"1584\" \/>\n\t<meta property=\"og:image:height\" content=\"396\" \/>\n\t<meta property=\"og:image:type\" content=\"image\/png\" \/>\n<meta name=\"twitter:card\" content=\"summary_large_image\" \/>\n<meta name=\"twitter:label1\" content=\"Dur\u00e9e de lecture estim\u00e9e\" \/>\n\t<meta name=\"twitter:data1\" content=\"2 minutes\" \/>\n<script type=\"application\/ld+json\" class=\"yoast-schema-graph\">{\"@context\":\"https:\/\/schema.org\",\"@graph\":[{\"@type\":\"WebPage\",\"@id\":\"https:\/\/www.bb4books.com\/fr\/mentions-legales\/\",\"url\":\"https:\/\/www.bb4books.com\/fr\/mentions-legales\/\",\"name\":\"Mentions l\u00e9gales - bb4 books\",\"isPartOf\":{\"@id\":\"https:\/\/www.bb4books.com\/#website\"},\"datePublished\":\"2021-11-08T09:44:34+00:00\",\"dateModified\":\"2022-05-19T19:25:30+00:00\",\"breadcrumb\":{\"@id\":\"https:\/\/www.bb4books.com\/fr\/mentions-legales\/#breadcrumb\"},\"inLanguage\":\"fr-FR\",\"potentialAction\":[{\"@type\":\"ReadAction\",\"target\":[\"https:\/\/www.bb4books.com\/fr\/mentions-legales\/\"]}]},{\"@type\":\"BreadcrumbList\",\"@id\":\"https:\/\/www.bb4books.com\/fr\/mentions-legales\/#breadcrumb\",\"itemListElement\":[{\"@type\":\"ListItem\",\"position\":1,\"name\":\"Home\",\"item\":\"https:\/\/www.bb4books.com\/fr\/\"},{\"@type\":\"ListItem\",\"position\":2,\"name\":\"Mentions l\u00e9gales\"}]},{\"@type\":\"WebSite\",\"@id\":\"https:\/\/www.bb4books.com\/#website\",\"url\":\"https:\/\/www.bb4books.com\/\",\"name\":\"bb4 books\",\"description\":\"Librairie bb4 books\",\"publisher\":{\"@id\":\"https:\/\/www.bb4books.com\/#organization\"},\"potentialAction\":[{\"@type\":\"SearchAction\",\"target\":{\"@type\":\"EntryPoint\",\"urlTemplate\":\"https:\/\/www.bb4books.com\/?s={search_term_string}\"},\"query-input\":{\"@type\":\"PropertyValueSpecification\",\"valueRequired\":true,\"valueName\":\"search_term_string\"}}],\"inLanguage\":\"fr-FR\"},{\"@type\":\"Organization\",\"@id\":\"https:\/\/www.bb4books.com\/#organization\",\"name\":\"bb4books\",\"url\":\"https:\/\/www.bb4books.com\/\",\"logo\":{\"@type\":\"ImageObject\",\"inLanguage\":\"fr-FR\",\"@id\":\"https:\/\/www.bb4books.com\/#\/schema\/logo\/image\/\",\"url\":\"https:\/\/www.bb4books.com\/wp-content\/uploads\/2022\/03\/mini-logo-bb4.png\",\"contentUrl\":\"https:\/\/www.bb4books.com\/wp-content\/uploads\/2022\/03\/mini-logo-bb4.png\",\"width\":254,\"height\":200,\"caption\":\"bb4books\"},\"image\":{\"@id\":\"https:\/\/www.bb4books.com\/#\/schema\/logo\/image\/\"}}]}<\/script>\n<!-- \/ Yoast SEO plugin. -->","yoast_head_json":{"title":"Mentions l\u00e9gales - bb4 books","robots":{"index":"index","follow":"follow","max-snippet":"max-snippet:-1","max-image-preview":"max-image-preview:large","max-video-preview":"max-video-preview:-1"},"canonical":"https:\/\/www.bb4books.com\/fr\/mentions-legales\/","og_locale":"fr_FR","og_type":"article","og_title":"Mentions l\u00e9gales - bb4 books","og_description":"Cette politique de confidentialit\u00e9 a \u00e9t\u00e9 compil\u00e9e pour mieux servir ceux qui sont pr\u00e9occup\u00e9s par la fa\u00e7on dont leurs \u00ab informations personnellement identifiables \u00bb (PII) sont utilis\u00e9es en ligne. Les IPI, telles qu\u2019elles sont utilis\u00e9es dans le domaine de la [&hellip;]","og_url":"https:\/\/www.bb4books.com\/fr\/mentions-legales\/","og_site_name":"bb4 books","article_modified_time":"2022-05-19T19:25:30+00:00","og_image":[{"width":1584,"height":396,"url":"https:\/\/www.bb4books.com\/wp-content\/uploads\/2022\/09\/bb4books-logo-PNG-Linkedin-couverture.png","type":"image\/png"}],"twitter_card":"summary_large_image","twitter_misc":{"Dur\u00e9e de lecture estim\u00e9e":"2 minutes"},"schema":{"@context":"https:\/\/schema.org","@graph":[{"@type":"WebPage","@id":"https:\/\/www.bb4books.com\/fr\/mentions-legales\/","url":"https:\/\/www.bb4books.com\/fr\/mentions-legales\/","name":"Mentions l\u00e9gales - bb4 books","isPartOf":{"@id":"https:\/\/www.bb4books.com\/#website"},"datePublished":"2021-11-08T09:44:34+00:00","dateModified":"2022-05-19T19:25:30+00:00","breadcrumb":{"@id":"https:\/\/www.bb4books.com\/fr\/mentions-legales\/#breadcrumb"},"inLanguage":"fr-FR","potentialAction":[{"@type":"ReadAction","target":["https:\/\/www.bb4books.com\/fr\/mentions-legales\/"]}]},{"@type":"BreadcrumbList","@id":"https:\/\/www.bb4books.com\/fr\/mentions-legales\/#breadcrumb","itemListElement":[{"@type":"ListItem","position":1,"name":"Home","item":"https:\/\/www.bb4books.com\/fr\/"},{"@type":"ListItem","position":2,"name":"Mentions l\u00e9gales"}]},{"@type":"WebSite","@id":"https:\/\/www.bb4books.com\/#website","url":"https:\/\/www.bb4books.com\/","name":"bb4 books","description":"Librairie bb4 books","publisher":{"@id":"https:\/\/www.bb4books.com\/#organization"},"potentialAction":[{"@type":"SearchAction","target":{"@type":"EntryPoint","urlTemplate":"https:\/\/www.bb4books.com\/?s={search_term_string}"},"query-input":{"@type":"PropertyValueSpecification","valueRequired":true,"valueName":"search_term_string"}}],"inLanguage":"fr-FR"},{"@type":"Organization","@id":"https:\/\/www.bb4books.com\/#organization","name":"bb4books","url":"https:\/\/www.bb4books.com\/","logo":{"@type":"ImageObject","inLanguage":"fr-FR","@id":"https:\/\/www.bb4books.com\/#\/schema\/logo\/image\/","url":"https:\/\/www.bb4books.com\/wp-content\/uploads\/2022\/03\/mini-logo-bb4.png","contentUrl":"https:\/\/www.bb4books.com\/wp-content\/uploads\/2022\/03\/mini-logo-bb4.png","width":254,"height":200,"caption":"bb4books"},"image":{"@id":"https:\/\/www.bb4books.com\/#\/schema\/logo\/image\/"}}]}},"_links":{"self":[{"href":"https:\/\/www.bb4books.com\/fr\/wp-json\/wp\/v2\/pages\/2883","targetHints":{"allow":["GET"]}}],"collection":[{"href":"https:\/\/www.bb4books.com\/fr\/wp-json\/wp\/v2\/pages"}],"about":[{"href":"https:\/\/www.bb4books.com\/fr\/wp-json\/wp\/v2\/types\/page"}],"author":[{"embeddable":true,"href":"https:\/\/www.bb4books.com\/fr\/wp-json\/wp\/v2\/users\/4"}],"replies":[{"embeddable":true,"href":"https:\/\/www.bb4books.com\/fr\/wp-json\/wp\/v2\/comments?post=2883"}],"version-history":[{"count":0,"href":"https:\/\/www.bb4books.com\/fr\/wp-json\/wp\/v2\/pages\/2883\/revisions"}],"wp:attachment":[{"href":"https:\/\/www.bb4books.com\/fr\/wp-json\/wp\/v2\/media?parent=2883"}],"curies":[{"name":"wp","href":"https:\/\/api.w.org\/{rel}","templated":true}]}}