{"id":2881,"date":"2021-11-08T09:44:06","date_gmt":"2021-11-08T09:44:06","guid":{"rendered":"https:\/\/www.bb4books.com\/cookies\/"},"modified":"2022-05-19T19:23:38","modified_gmt":"2022-05-19T19:23:38","slug":"cookies","status":"publish","type":"page","link":"https:\/\/www.bb4books.com\/fr\/cookies\/","title":{"rendered":"Cookies"},"content":{"rendered":"\n<p><strong>Utilisons-nous des \u00ab cookies \u00bb ?<\/strong><\/p>\n\n\n\n<p>Oui. Les cookies sont de petits fichiers qu\u2019un site ou son fournisseur de services transf\u00e8re sur le disque dur de votre ordinateur via votre navigateur Web (si vous le permettez) qui permettent aux syst\u00e8mes du site ou du fournisseur de services de reconna\u00eetre votre navigateur et de capturer et de m\u00e9moriser certaines informations. Ils sont \u00e9galement utilis\u00e9s pour nous aider \u00e0 comprendre vos pr\u00e9f\u00e9rences en fonction de l\u2019activit\u00e9 pr\u00e9c\u00e9dente ou actuelle du site, ce qui nous permet de vous fournir des services am\u00e9lior\u00e9s. Nous utilisons \u00e9galement des cookies pour nous aider \u00e0 compiler des donn\u00e9es agr\u00e9g\u00e9es sur le trafic du site et l\u2019interaction du site afin que nous puissions offrir de meilleures exp\u00e9riences et outils sur le site \u00e0 l\u2019avenir.<br><\/p>\n\n\n\n<p>Nous utilisons des cookies pour :<\/p>\n\n\n\n<ul class=\"wp-block-list\"><li>Garder une trace des publicit\u00e9s.<\/li><li>Compiler des donn\u00e9es agr\u00e9g\u00e9es sur le trafic du site et les interactions du site afin d\u2019offrir de meilleures exp\u00e9riences et outils de site \u00e0 l\u2019avenir. Nous pouvons \u00e9galement utiliser des services tiers de confiance qui suivent ces informations en notre nom.<br><\/li><\/ul>\n\n\n\n<p>Vous pouvez choisir que votre ordinateur vous avertisse chaque fois qu\u2019un cookie est envoy\u00e9, ou vous pouvez choisir de d\u00e9sactiver tous les cookies. Vous le faites via les param\u00e8tres de votre navigateur. Chaque navigateur est un peu diff\u00e9rent, alors regardez le menu Aide de votre navigateur pour savoir comment modifier correctement vos cookies.<\/p>\n\n\n\n<p>Si vous d\u00e9sactivez les cookies, cela n\u2019affectera pas l\u2019exp\u00e9rience des utilisateurs ou nos services.<br><\/p>\n\n\n\n<p>Vous pouvez toujours nous contacter.<br><\/p>\n\n\n\n<p>bb4 books<\/p>\n\n\n\n<p>Avenue Coghen 183<\/p>\n\n\n\n<p>1180 Uccle \u2013 BELGIQUE+32 475 76 75 00 incomparable@bb4books.com<\/p>\n","protected":false},"excerpt":{"rendered":"<p>Utilisons-nous des \u00ab cookies \u00bb ? Oui. Les cookies sont de petits fichiers qu\u2019un site ou son fournisseur de services transf\u00e8re sur le disque dur de votre ordinateur via votre navigateur Web (si vous le permettez) qui permettent aux syst\u00e8mes [&hellip;]<\/p>\n","protected":false},"author":4,"featured_media":0,"parent":0,"menu_order":0,"comment_status":"closed","ping_status":"closed","template":"","meta":{"footnotes":""},"class_list":["post-2881","page","type-page","status-publish","hentry"],"yoast_head":"<!-- This site is optimized with the Yoast SEO plugin v25.9 - https:\/\/yoast.com\/wordpress\/plugins\/seo\/ -->\n<title>Cookies - bb4 books<\/title>\n<meta name=\"robots\" content=\"index, follow, max-snippet:-1, max-image-preview:large, max-video-preview:-1\" \/>\n<link rel=\"canonical\" href=\"https:\/\/www.bb4books.com\/fr\/cookies\/\" \/>\n<meta property=\"og:locale\" content=\"fr_FR\" \/>\n<meta property=\"og:type\" content=\"article\" \/>\n<meta property=\"og:title\" content=\"Cookies - bb4 books\" \/>\n<meta property=\"og:description\" content=\"Utilisons-nous des \u00ab cookies \u00bb ? Oui. Les cookies sont de petits fichiers qu\u2019un site ou son fournisseur de services transf\u00e8re sur le disque dur de votre ordinateur via votre navigateur Web (si vous le permettez) qui permettent aux syst\u00e8mes [&hellip;]\" \/>\n<meta property=\"og:url\" content=\"https:\/\/www.bb4books.com\/fr\/cookies\/\" \/>\n<meta property=\"og:site_name\" content=\"bb4 books\" \/>\n<meta property=\"article:modified_time\" content=\"2022-05-19T19:23:38+00:00\" \/>\n<meta property=\"og:image\" content=\"https:\/\/www.bb4books.com\/wp-content\/uploads\/2022\/09\/bb4books-logo-PNG-Linkedin-couverture.png\" \/>\n\t<meta property=\"og:image:width\" content=\"1584\" \/>\n\t<meta property=\"og:image:height\" content=\"396\" \/>\n\t<meta property=\"og:image:type\" content=\"image\/png\" \/>\n<meta name=\"twitter:card\" content=\"summary_large_image\" \/>\n<meta name=\"twitter:label1\" content=\"Dur\u00e9e de lecture estim\u00e9e\" \/>\n\t<meta name=\"twitter:data1\" content=\"2 minutes\" \/>\n<script type=\"application\/ld+json\" class=\"yoast-schema-graph\">{\"@context\":\"https:\/\/schema.org\",\"@graph\":[{\"@type\":\"WebPage\",\"@id\":\"https:\/\/www.bb4books.com\/fr\/cookies\/\",\"url\":\"https:\/\/www.bb4books.com\/fr\/cookies\/\",\"name\":\"Cookies - bb4 books\",\"isPartOf\":{\"@id\":\"https:\/\/www.bb4books.com\/#website\"},\"datePublished\":\"2021-11-08T09:44:06+00:00\",\"dateModified\":\"2022-05-19T19:23:38+00:00\",\"breadcrumb\":{\"@id\":\"https:\/\/www.bb4books.com\/fr\/cookies\/#breadcrumb\"},\"inLanguage\":\"fr-FR\",\"potentialAction\":[{\"@type\":\"ReadAction\",\"target\":[\"https:\/\/www.bb4books.com\/fr\/cookies\/\"]}]},{\"@type\":\"BreadcrumbList\",\"@id\":\"https:\/\/www.bb4books.com\/fr\/cookies\/#breadcrumb\",\"itemListElement\":[{\"@type\":\"ListItem\",\"position\":1,\"name\":\"Home\",\"item\":\"https:\/\/www.bb4books.com\/fr\/\"},{\"@type\":\"ListItem\",\"position\":2,\"name\":\"Cookies\"}]},{\"@type\":\"WebSite\",\"@id\":\"https:\/\/www.bb4books.com\/#website\",\"url\":\"https:\/\/www.bb4books.com\/\",\"name\":\"bb4 books\",\"description\":\"Librairie bb4 books\",\"publisher\":{\"@id\":\"https:\/\/www.bb4books.com\/#organization\"},\"potentialAction\":[{\"@type\":\"SearchAction\",\"target\":{\"@type\":\"EntryPoint\",\"urlTemplate\":\"https:\/\/www.bb4books.com\/?s={search_term_string}\"},\"query-input\":{\"@type\":\"PropertyValueSpecification\",\"valueRequired\":true,\"valueName\":\"search_term_string\"}}],\"inLanguage\":\"fr-FR\"},{\"@type\":\"Organization\",\"@id\":\"https:\/\/www.bb4books.com\/#organization\",\"name\":\"bb4books\",\"url\":\"https:\/\/www.bb4books.com\/\",\"logo\":{\"@type\":\"ImageObject\",\"inLanguage\":\"fr-FR\",\"@id\":\"https:\/\/www.bb4books.com\/#\/schema\/logo\/image\/\",\"url\":\"https:\/\/www.bb4books.com\/wp-content\/uploads\/2022\/03\/mini-logo-bb4.png\",\"contentUrl\":\"https:\/\/www.bb4books.com\/wp-content\/uploads\/2022\/03\/mini-logo-bb4.png\",\"width\":254,\"height\":200,\"caption\":\"bb4books\"},\"image\":{\"@id\":\"https:\/\/www.bb4books.com\/#\/schema\/logo\/image\/\"}}]}<\/script>\n<!-- \/ Yoast SEO plugin. -->","yoast_head_json":{"title":"Cookies - bb4 books","robots":{"index":"index","follow":"follow","max-snippet":"max-snippet:-1","max-image-preview":"max-image-preview:large","max-video-preview":"max-video-preview:-1"},"canonical":"https:\/\/www.bb4books.com\/fr\/cookies\/","og_locale":"fr_FR","og_type":"article","og_title":"Cookies - bb4 books","og_description":"Utilisons-nous des \u00ab cookies \u00bb ? Oui. Les cookies sont de petits fichiers qu\u2019un site ou son fournisseur de services transf\u00e8re sur le disque dur de votre ordinateur via votre navigateur Web (si vous le permettez) qui permettent aux syst\u00e8mes [&hellip;]","og_url":"https:\/\/www.bb4books.com\/fr\/cookies\/","og_site_name":"bb4 books","article_modified_time":"2022-05-19T19:23:38+00:00","og_image":[{"width":1584,"height":396,"url":"https:\/\/www.bb4books.com\/wp-content\/uploads\/2022\/09\/bb4books-logo-PNG-Linkedin-couverture.png","type":"image\/png"}],"twitter_card":"summary_large_image","twitter_misc":{"Dur\u00e9e de lecture estim\u00e9e":"2 minutes"},"schema":{"@context":"https:\/\/schema.org","@graph":[{"@type":"WebPage","@id":"https:\/\/www.bb4books.com\/fr\/cookies\/","url":"https:\/\/www.bb4books.com\/fr\/cookies\/","name":"Cookies - bb4 books","isPartOf":{"@id":"https:\/\/www.bb4books.com\/#website"},"datePublished":"2021-11-08T09:44:06+00:00","dateModified":"2022-05-19T19:23:38+00:00","breadcrumb":{"@id":"https:\/\/www.bb4books.com\/fr\/cookies\/#breadcrumb"},"inLanguage":"fr-FR","potentialAction":[{"@type":"ReadAction","target":["https:\/\/www.bb4books.com\/fr\/cookies\/"]}]},{"@type":"BreadcrumbList","@id":"https:\/\/www.bb4books.com\/fr\/cookies\/#breadcrumb","itemListElement":[{"@type":"ListItem","position":1,"name":"Home","item":"https:\/\/www.bb4books.com\/fr\/"},{"@type":"ListItem","position":2,"name":"Cookies"}]},{"@type":"WebSite","@id":"https:\/\/www.bb4books.com\/#website","url":"https:\/\/www.bb4books.com\/","name":"bb4 books","description":"Librairie bb4 books","publisher":{"@id":"https:\/\/www.bb4books.com\/#organization"},"potentialAction":[{"@type":"SearchAction","target":{"@type":"EntryPoint","urlTemplate":"https:\/\/www.bb4books.com\/?s={search_term_string}"},"query-input":{"@type":"PropertyValueSpecification","valueRequired":true,"valueName":"search_term_string"}}],"inLanguage":"fr-FR"},{"@type":"Organization","@id":"https:\/\/www.bb4books.com\/#organization","name":"bb4books","url":"https:\/\/www.bb4books.com\/","logo":{"@type":"ImageObject","inLanguage":"fr-FR","@id":"https:\/\/www.bb4books.com\/#\/schema\/logo\/image\/","url":"https:\/\/www.bb4books.com\/wp-content\/uploads\/2022\/03\/mini-logo-bb4.png","contentUrl":"https:\/\/www.bb4books.com\/wp-content\/uploads\/2022\/03\/mini-logo-bb4.png","width":254,"height":200,"caption":"bb4books"},"image":{"@id":"https:\/\/www.bb4books.com\/#\/schema\/logo\/image\/"}}]}},"_links":{"self":[{"href":"https:\/\/www.bb4books.com\/fr\/wp-json\/wp\/v2\/pages\/2881","targetHints":{"allow":["GET"]}}],"collection":[{"href":"https:\/\/www.bb4books.com\/fr\/wp-json\/wp\/v2\/pages"}],"about":[{"href":"https:\/\/www.bb4books.com\/fr\/wp-json\/wp\/v2\/types\/page"}],"author":[{"embeddable":true,"href":"https:\/\/www.bb4books.com\/fr\/wp-json\/wp\/v2\/users\/4"}],"replies":[{"embeddable":true,"href":"https:\/\/www.bb4books.com\/fr\/wp-json\/wp\/v2\/comments?post=2881"}],"version-history":[{"count":0,"href":"https:\/\/www.bb4books.com\/fr\/wp-json\/wp\/v2\/pages\/2881\/revisions"}],"wp:attachment":[{"href":"https:\/\/www.bb4books.com\/fr\/wp-json\/wp\/v2\/media?parent=2881"}],"curies":[{"name":"wp","href":"https:\/\/api.w.org\/{rel}","templated":true}]}}